{"id":9987,"date":"2025-01-24T11:36:25","date_gmt":"2025-01-24T11:36:25","guid":{"rendered":"https:\/\/staging2.stylingagenten.com\/sv\/produkt\/montblanc-explorer-platinum-edp-30ml\/"},"modified":"2026-03-11T21:59:15","modified_gmt":"2026-03-11T21:59:15","slug":"montblanc-explorer-platinum-edp-30ml","status":"publish","type":"product","link":"https:\/\/stylingagenten.com\/sv\/produkt\/montblanc-explorer-platinum-edp-30ml\/","title":{"rendered":"Montblanc Explorer Platinum Edp 30ml"},"content":{"rendered":"<p>Montblanc Explorer Platinum Edp \u00e4r en herrparfym med gnistrande och skarpa gr\u00f6na noter av bland annat cypress. H\u00e4r finns ocks\u00e5 sensuell salvia. Helhetsintrycket \u00e4r luftigt och svalt, och f\u00f6r tankarna till sn\u00f6 och is. Kraftfulla noter av cedertr\u00e4 ger en tr\u00e4aktig karakt\u00e4r med inslag av b\u00e4rnsten.<\/p>\n<p>30ml<\/p>\n","protected":false},"excerpt":{"rendered":"<p>Montblanc Explorer Platinum Edp \u00e4r en herrparfym med gnistrande och skarpa gr\u00f6na noter av bland annat cypress. H\u00e4r finns ocks\u00e5 sensuell salvia. Helhetsintrycket \u00e4r luftigt och svalt, och f\u00f6r tankarna till sn\u00f6 och is. Kraftfulla noter av cedertr\u00e4 ger en tr\u00e4aktig karakt\u00e4r med inslag av b\u00e4rnsten. 30ml<\/p>\n","protected":false},"featured_media":9984,"comment_status":"open","ping_status":"closed","template":"","meta":{"_trash_the_other_posts":false},"product_brand":[],"product_cat":[708,735,1000],"product_tag":[3702],"berocket_brand":[1079],"class_list":{"0":"post-9987","1":"product","2":"type-product","3":"status-publish","4":"has-post-thumbnail","6":"product_cat-eau-de-parfum-herr","7":"product_cat-kampanj","8":"product_cat-kampanj-for-honom","9":"product_tag-montblanc-explorer-platinum-edp","10":"pa_brand-mont-blanc","11":"pa_variant-30ml","12":"berocket_brand-mont-blanc","14":"first","15":"instock","16":"sale","17":"taxable","18":"shipping-taxable","19":"purchasable","20":"product-type-simple"},"_links":{"self":[{"href":"https:\/\/stylingagenten.com\/sv\/wp-json\/wp\/v2\/product\/9987","targetHints":{"allow":["GET"]}}],"collection":[{"href":"https:\/\/stylingagenten.com\/sv\/wp-json\/wp\/v2\/product"}],"about":[{"href":"https:\/\/stylingagenten.com\/sv\/wp-json\/wp\/v2\/types\/product"}],"replies":[{"embeddable":true,"href":"https:\/\/stylingagenten.com\/sv\/wp-json\/wp\/v2\/comments?post=9987"}],"version-history":[{"count":0,"href":"https:\/\/stylingagenten.com\/sv\/wp-json\/wp\/v2\/product\/9987\/revisions"}],"wp:featuredmedia":[{"embeddable":true,"href":"https:\/\/stylingagenten.com\/sv\/wp-json\/wp\/v2\/media\/9984"}],"wp:attachment":[{"href":"https:\/\/stylingagenten.com\/sv\/wp-json\/wp\/v2\/media?parent=9987"}],"wp:term":[{"taxonomy":"product_brand","embeddable":true,"href":"https:\/\/stylingagenten.com\/sv\/wp-json\/wp\/v2\/product_brand?post=9987"},{"taxonomy":"product_cat","embeddable":true,"href":"https:\/\/stylingagenten.com\/sv\/wp-json\/wp\/v2\/product_cat?post=9987"},{"taxonomy":"product_tag","embeddable":true,"href":"https:\/\/stylingagenten.com\/sv\/wp-json\/wp\/v2\/product_tag?post=9987"},{"taxonomy":"berocket_brand","embeddable":true,"href":"https:\/\/stylingagenten.com\/sv\/wp-json\/wp\/v2\/berocket_brand?post=9987"}],"curies":[{"name":"wp","href":"https:\/\/api.w.org\/{rel}","templated":true}]}}