{"id":9976,"date":"2025-01-24T11:36:22","date_gmt":"2025-01-24T11:36:22","guid":{"rendered":"https:\/\/staging2.stylingagenten.com\/sv\/produkt\/jimmy-choo-fever-edp-40ml\/"},"modified":"2026-04-06T17:58:36","modified_gmt":"2026-04-06T17:58:36","slug":"jimmy-choo-fever-edp-40ml","status":"publish","type":"product","link":"https:\/\/stylingagenten.com\/sv\/produkt\/jimmy-choo-fever-edp-40ml\/","title":{"rendered":"Jimmy Choo Fever Edp 40ml"},"content":{"rendered":"<div>Jimmy Choo Fever Edp \u00f6ppnar upp med den \u00f6verv\u00e4ldigande, samtidigt ljuvligt saftiga s\u00f6tman hos plommon, sammanv\u00e4vd med rosiga litchi nyanser och subtilt bittra grapefruktackord. I hj\u00e4rtnoten sm\u00e4lter heliotropens mjuka puderkonsistens samman med exotisk vaniljorkid\u00e9, effektivt kontrasterad med ultrafeminin jasmin. Vid slutet utvecklar kr\u00e4migt sandeltr\u00e4, balsamisk varm bensoin och mandelliknande rostade aromer av tonkab\u00f6nor en o\u00e4ndlig fascination och tillf\u00f6r doften dess oj\u00e4mf\u00f6rligt sammetslena, mycket sexiga utseende.<\/p>\n<p>Toppnoter: Svart plommonnektar, litchi och grapefrukt<br \/>Hj\u00e4rtnoter: Heliotrop, vaniljorkid\u00e9 och jasmin<br \/>Basnoter: Rostade tonkab\u00f6nor, bensoin och sandeltr\u00e4<\/p>\n<p>40ml<\/p><\/div>\n","protected":false},"excerpt":{"rendered":"<p>Jimmy Choo Fever Edp \u00f6ppnar upp med den \u00f6verv\u00e4ldigande, samtidigt ljuvligt saftiga s\u00f6tman hos plommon, sammanv\u00e4vd med rosiga litchi nyanser och subtilt bittra grapefruktackord. I hj\u00e4rtnoten sm\u00e4lter heliotropens mjuka puderkonsistens samman med exotisk vaniljorkid\u00e9, effektivt kontrasterad med ultrafeminin jasmin. Vid slutet utvecklar kr\u00e4migt sandeltr\u00e4, balsamisk varm bensoin och mandelliknande rostade aromer av tonkab\u00f6nor en o\u00e4ndlig [&hellip;]<\/p>\n","protected":false},"featured_media":9970,"comment_status":"open","ping_status":"closed","template":"","meta":{"_trash_the_other_posts":false},"product_brand":[],"product_cat":[706,735,999],"product_tag":[],"berocket_brand":[1122],"class_list":{"0":"post-9976","1":"product","2":"type-product","3":"status-publish","4":"has-post-thumbnail","6":"product_cat-eau-de-parfum-dam","7":"product_cat-kampanj","8":"product_cat-kampanj-for-henne","9":"pa_brand-jimmy-choo","10":"berocket_brand-jimmy-choo","12":"first","13":"instock","14":"sale","15":"taxable","16":"shipping-taxable","17":"purchasable","18":"product-type-simple"},"_links":{"self":[{"href":"https:\/\/stylingagenten.com\/sv\/wp-json\/wp\/v2\/product\/9976","targetHints":{"allow":["GET"]}}],"collection":[{"href":"https:\/\/stylingagenten.com\/sv\/wp-json\/wp\/v2\/product"}],"about":[{"href":"https:\/\/stylingagenten.com\/sv\/wp-json\/wp\/v2\/types\/product"}],"replies":[{"embeddable":true,"href":"https:\/\/stylingagenten.com\/sv\/wp-json\/wp\/v2\/comments?post=9976"}],"version-history":[{"count":0,"href":"https:\/\/stylingagenten.com\/sv\/wp-json\/wp\/v2\/product\/9976\/revisions"}],"wp:featuredmedia":[{"embeddable":true,"href":"https:\/\/stylingagenten.com\/sv\/wp-json\/wp\/v2\/media\/9970"}],"wp:attachment":[{"href":"https:\/\/stylingagenten.com\/sv\/wp-json\/wp\/v2\/media?parent=9976"}],"wp:term":[{"taxonomy":"product_brand","embeddable":true,"href":"https:\/\/stylingagenten.com\/sv\/wp-json\/wp\/v2\/product_brand?post=9976"},{"taxonomy":"product_cat","embeddable":true,"href":"https:\/\/stylingagenten.com\/sv\/wp-json\/wp\/v2\/product_cat?post=9976"},{"taxonomy":"product_tag","embeddable":true,"href":"https:\/\/stylingagenten.com\/sv\/wp-json\/wp\/v2\/product_tag?post=9976"},{"taxonomy":"berocket_brand","embeddable":true,"href":"https:\/\/stylingagenten.com\/sv\/wp-json\/wp\/v2\/berocket_brand?post=9976"}],"curies":[{"name":"wp","href":"https:\/\/api.w.org\/{rel}","templated":true}]}}