{"id":9949,"date":"2025-01-24T11:36:16","date_gmt":"2025-01-24T11:36:16","guid":{"rendered":"https:\/\/staging2.stylingagenten.com\/sv\/produkt\/zmile-cosmetics-eye-brow-pencil-brown\/"},"modified":"2026-02-27T12:16:49","modified_gmt":"2026-02-27T12:16:49","slug":"zmile-cosmetics-eye-brow-pencil-brown","status":"publish","type":"product","link":"https:\/\/stylingagenten.com\/sv\/produkt\/zmile-cosmetics-eye-brow-pencil-brown\/","title":{"rendered":"Zmile Cosmetics Eye Brow Pencil Brown"},"content":{"rendered":"<p>F\u00e5 de perfekta, definierade och naturliga \u00f6gonbrynen med Zmile Cosmetics Eye Brow Pencil i Brown. Denna \u00f6gonbrynspenna ger dig full kontroll \u00f6ver din look, oavsett om du vill ha en mjuk och naturlig form eller en mer markerad och dramatisk stil. Den kr\u00e4miga formulan glider l\u00e4tt p\u00e5 brynen och ger ett j\u00e4mnt resultat som sitter hela dagen!<\/p>\n<p>F\u00e4rg: Brown<\/p>\n","protected":false},"excerpt":{"rendered":"<p>F\u00e5 de perfekta, definierade och naturliga \u00f6gonbrynen med Zmile Cosmetics Eye Brow Pencil i Brown. Denna \u00f6gonbrynspenna ger dig full kontroll \u00f6ver din look, oavsett om du vill ha en mjuk och naturlig form eller en mer markerad och dramatisk stil. Den kr\u00e4miga formulan glider l\u00e4tt p\u00e5 brynen och ger ett j\u00e4mnt resultat som sitter [&hellip;]<\/p>\n","protected":false},"featured_media":9948,"comment_status":"open","ping_status":"closed","template":"","meta":{"_trash_the_other_posts":false},"product_brand":[],"product_cat":[625],"product_tag":[],"berocket_brand":[1179],"class_list":{"0":"post-9949","1":"product","2":"type-product","3":"status-publish","4":"has-post-thumbnail","6":"product_cat-ogonbrynspenna","7":"pa_brand-zmile-cosmetics","8":"berocket_brand-zmile-cosmetics","10":"first","11":"instock","12":"taxable","13":"shipping-taxable","14":"purchasable","15":"product-type-simple"},"_links":{"self":[{"href":"https:\/\/stylingagenten.com\/sv\/wp-json\/wp\/v2\/product\/9949","targetHints":{"allow":["GET"]}}],"collection":[{"href":"https:\/\/stylingagenten.com\/sv\/wp-json\/wp\/v2\/product"}],"about":[{"href":"https:\/\/stylingagenten.com\/sv\/wp-json\/wp\/v2\/types\/product"}],"replies":[{"embeddable":true,"href":"https:\/\/stylingagenten.com\/sv\/wp-json\/wp\/v2\/comments?post=9949"}],"version-history":[{"count":0,"href":"https:\/\/stylingagenten.com\/sv\/wp-json\/wp\/v2\/product\/9949\/revisions"}],"wp:featuredmedia":[{"embeddable":true,"href":"https:\/\/stylingagenten.com\/sv\/wp-json\/wp\/v2\/media\/9948"}],"wp:attachment":[{"href":"https:\/\/stylingagenten.com\/sv\/wp-json\/wp\/v2\/media?parent=9949"}],"wp:term":[{"taxonomy":"product_brand","embeddable":true,"href":"https:\/\/stylingagenten.com\/sv\/wp-json\/wp\/v2\/product_brand?post=9949"},{"taxonomy":"product_cat","embeddable":true,"href":"https:\/\/stylingagenten.com\/sv\/wp-json\/wp\/v2\/product_cat?post=9949"},{"taxonomy":"product_tag","embeddable":true,"href":"https:\/\/stylingagenten.com\/sv\/wp-json\/wp\/v2\/product_tag?post=9949"},{"taxonomy":"berocket_brand","embeddable":true,"href":"https:\/\/stylingagenten.com\/sv\/wp-json\/wp\/v2\/berocket_brand?post=9949"}],"curies":[{"name":"wp","href":"https:\/\/api.w.org\/{rel}","templated":true}]}}