{"id":9947,"date":"2025-01-24T11:36:15","date_gmt":"2025-01-24T11:36:15","guid":{"rendered":"https:\/\/staging2.stylingagenten.com\/sv\/produkt\/anna-sui-fantasia-mermaid-edt-75ml\/"},"modified":"2026-03-24T20:56:24","modified_gmt":"2026-03-24T20:56:24","slug":"anna-sui-fantasia-mermaid-edt-75ml","status":"publish","type":"product","link":"https:\/\/stylingagenten.com\/sv\/produkt\/anna-sui-fantasia-mermaid-edt-75ml\/","title":{"rendered":"Anna Sui Fantasia Mermaid Edt 75ml"},"content":{"rendered":"<p>Anna Sui dyker in i en fantasifull undervattensv\u00e4rld med en ny doft: Fantasia Mermaid.<\/p>\n<p>Efter att ha vandrat genom mystiska land med Fantasia \u00e4r det dags att forts\u00e4tta resan under de glittrande haven. En sorgl\u00f6s och sensuell doft, Fantasia Mermaid\u2019s marina, fruktiga och blomstrande noter frammanar mysterium, f\u00f6rtrollning och \u00e4ventyr.<\/p>\n<p>Toppnoter: Blodapelsin, Mandarin, Kardemumma<br \/>\n<br \/>Hj\u00e4rtnoter: Jasmin, Vattenlitchi<br \/>\n<br \/>Basnoter: Ljust tr\u00e4, Vanilj, Honung, Tonkab\u00f6na<\/p>\n<p>75ml<\/p>\n","protected":false},"excerpt":{"rendered":"<p>Anna Sui dyker in i en fantasifull undervattensv\u00e4rld med en ny doft: Fantasia Mermaid. Efter att ha vandrat genom mystiska land med Fantasia \u00e4r det dags att forts\u00e4tta resan under de glittrande haven. En sorgl\u00f6s och sensuell doft, Fantasia Mermaid\u2019s marina, fruktiga och blomstrande noter frammanar mysterium, f\u00f6rtrollning och \u00e4ventyr. Toppnoter: Blodapelsin, Mandarin, Kardemumma Hj\u00e4rtnoter: [&hellip;]<\/p>\n","protected":false},"featured_media":9941,"comment_status":"open","ping_status":"closed","template":"","meta":{"_trash_the_other_posts":false},"product_brand":[],"product_cat":[707,735,999],"product_tag":[2367],"berocket_brand":[1247],"class_list":{"0":"post-9947","1":"product","2":"type-product","3":"status-publish","4":"has-post-thumbnail","6":"product_cat-eau-de-toilette-dam","7":"product_cat-kampanj","8":"product_cat-kampanj-for-henne","9":"product_tag-anna-sui-fantasia-mermaid-edt","10":"pa_brand-anna-sui","11":"pa_variant-75ml","12":"berocket_brand-anna-sui","14":"first","15":"instock","16":"sale","17":"taxable","18":"shipping-taxable","19":"purchasable","20":"product-type-simple"},"_links":{"self":[{"href":"https:\/\/stylingagenten.com\/sv\/wp-json\/wp\/v2\/product\/9947","targetHints":{"allow":["GET"]}}],"collection":[{"href":"https:\/\/stylingagenten.com\/sv\/wp-json\/wp\/v2\/product"}],"about":[{"href":"https:\/\/stylingagenten.com\/sv\/wp-json\/wp\/v2\/types\/product"}],"replies":[{"embeddable":true,"href":"https:\/\/stylingagenten.com\/sv\/wp-json\/wp\/v2\/comments?post=9947"}],"version-history":[{"count":0,"href":"https:\/\/stylingagenten.com\/sv\/wp-json\/wp\/v2\/product\/9947\/revisions"}],"wp:featuredmedia":[{"embeddable":true,"href":"https:\/\/stylingagenten.com\/sv\/wp-json\/wp\/v2\/media\/9941"}],"wp:attachment":[{"href":"https:\/\/stylingagenten.com\/sv\/wp-json\/wp\/v2\/media?parent=9947"}],"wp:term":[{"taxonomy":"product_brand","embeddable":true,"href":"https:\/\/stylingagenten.com\/sv\/wp-json\/wp\/v2\/product_brand?post=9947"},{"taxonomy":"product_cat","embeddable":true,"href":"https:\/\/stylingagenten.com\/sv\/wp-json\/wp\/v2\/product_cat?post=9947"},{"taxonomy":"product_tag","embeddable":true,"href":"https:\/\/stylingagenten.com\/sv\/wp-json\/wp\/v2\/product_tag?post=9947"},{"taxonomy":"berocket_brand","embeddable":true,"href":"https:\/\/stylingagenten.com\/sv\/wp-json\/wp\/v2\/berocket_brand?post=9947"}],"curies":[{"name":"wp","href":"https:\/\/api.w.org\/{rel}","templated":true}]}}