{"id":9906,"date":"2025-01-24T11:36:03","date_gmt":"2025-01-24T11:36:03","guid":{"rendered":"https:\/\/staging2.stylingagenten.com\/sv\/produkt\/ford-mustang-blue-for-men-edt-100ml\/"},"modified":"2026-04-08T15:30:56","modified_gmt":"2026-04-08T15:30:56","slug":"ford-mustang-blue-for-men-edt-100ml","status":"publish","type":"product","link":"https:\/\/stylingagenten.com\/sv\/produkt\/ford-mustang-blue-for-men-edt-100ml\/","title":{"rendered":"Ford Mustang Blue For Men Edt 100ml"},"content":{"rendered":"<p>Vi presenterar Mustang Blue, en f\u00e4ngslande doft designad exklusivt f\u00f6r m\u00e4n. Med en exceptionell blandning av aromatiska noter lovar Mustang Blue att g\u00f6ra ett best\u00e5ende intryck, oavsett tillf\u00e4lle.<\/p>\n<p>Denna tidl\u00f6sa doft \u00f6ppnar med uppfriskande toppnoter av saftig bergamott, frisk citron och syrlig mynta. N\u00e4r doften utvecklas tar ett energigivande hj\u00e4rta av lavendel, kryddig basilika och krispigt gr\u00f6nt \u00e4pple plats, vilket f\u00f6rtrollar sinnena och tillf\u00f6r en touch av elegans. Slutligen avrundas doften med basnoter av varm amber, jordigt cedertr\u00e4 och sensuell mysk som l\u00e4mnar ett f\u00f6rf\u00f6riskt och l\u00e5ngvarigt sp\u00e5r.<\/p>\n<p>100ml<\/p>\n","protected":false},"excerpt":{"rendered":"<p>Vi presenterar Mustang Blue, en f\u00e4ngslande doft designad exklusivt f\u00f6r m\u00e4n. Med en exceptionell blandning av aromatiska noter lovar Mustang Blue att g\u00f6ra ett best\u00e5ende intryck, oavsett tillf\u00e4lle. Denna tidl\u00f6sa doft \u00f6ppnar med uppfriskande toppnoter av saftig bergamott, frisk citron och syrlig mynta. N\u00e4r doften utvecklas tar ett energigivande hj\u00e4rta av lavendel, kryddig basilika och [&hellip;]<\/p>\n","protected":false},"featured_media":9901,"comment_status":"open","ping_status":"closed","template":"","meta":{"_trash_the_other_posts":false},"product_brand":[],"product_cat":[709,735,1000],"product_tag":[],"berocket_brand":[1318],"class_list":{"0":"post-9906","1":"product","2":"type-product","3":"status-publish","4":"has-post-thumbnail","6":"product_cat-eau-de-toilette-herr","7":"product_cat-kampanj","8":"product_cat-kampanj-for-honom","9":"pa_brand-ford-mustang","10":"berocket_brand-ford-mustang","12":"first","13":"instock","14":"sale","15":"taxable","16":"shipping-taxable","17":"purchasable","18":"product-type-simple"},"_links":{"self":[{"href":"https:\/\/stylingagenten.com\/sv\/wp-json\/wp\/v2\/product\/9906","targetHints":{"allow":["GET"]}}],"collection":[{"href":"https:\/\/stylingagenten.com\/sv\/wp-json\/wp\/v2\/product"}],"about":[{"href":"https:\/\/stylingagenten.com\/sv\/wp-json\/wp\/v2\/types\/product"}],"replies":[{"embeddable":true,"href":"https:\/\/stylingagenten.com\/sv\/wp-json\/wp\/v2\/comments?post=9906"}],"version-history":[{"count":0,"href":"https:\/\/stylingagenten.com\/sv\/wp-json\/wp\/v2\/product\/9906\/revisions"}],"wp:featuredmedia":[{"embeddable":true,"href":"https:\/\/stylingagenten.com\/sv\/wp-json\/wp\/v2\/media\/9901"}],"wp:attachment":[{"href":"https:\/\/stylingagenten.com\/sv\/wp-json\/wp\/v2\/media?parent=9906"}],"wp:term":[{"taxonomy":"product_brand","embeddable":true,"href":"https:\/\/stylingagenten.com\/sv\/wp-json\/wp\/v2\/product_brand?post=9906"},{"taxonomy":"product_cat","embeddable":true,"href":"https:\/\/stylingagenten.com\/sv\/wp-json\/wp\/v2\/product_cat?post=9906"},{"taxonomy":"product_tag","embeddable":true,"href":"https:\/\/stylingagenten.com\/sv\/wp-json\/wp\/v2\/product_tag?post=9906"},{"taxonomy":"berocket_brand","embeddable":true,"href":"https:\/\/stylingagenten.com\/sv\/wp-json\/wp\/v2\/berocket_brand?post=9906"}],"curies":[{"name":"wp","href":"https:\/\/api.w.org\/{rel}","templated":true}]}}