{"id":9838,"date":"2025-01-24T11:35:46","date_gmt":"2025-01-24T11:35:46","guid":{"rendered":"https:\/\/staging2.stylingagenten.com\/sv\/produkt\/david-beckham-classic-blue-edt-100ml\/"},"modified":"2026-04-14T03:48:24","modified_gmt":"2026-04-14T03:48:24","slug":"david-beckham-classic-blue-edt-100ml","status":"publish","type":"product","link":"https:\/\/stylingagenten.com\/sv\/produkt\/david-beckham-classic-blue-edt-100ml\/","title":{"rendered":"David Beckham Classic Blue Edt 100ml"},"content":{"rendered":"<p>David Beckham Fragrances presenterar Classic Blue &#8211; en tidl\u00f6s Eau de Toilette for Men med en fr\u00e4sch twist. Kan b\u00e4ras b\u00e5de till vardag och fest. Denna sprudlande herrdoft \u00e4r inspirerad av David Beckhams autentiska resor, livsstil och v\u00e4rderingar. <\/p>\n<p>Den \u00f6ppnar med en fruktig explosion av frisk grapefrukt och saftig ananas kombinerat med violblad. Hj\u00e4rtnoten lockar med en aromatisk blandning av frisk salvia och geranium, som f\u00e5r vackert motspel av friska, gr\u00f6na \u00e4pplen. Varm cashmeran, patchouli och mossa ger Classic Blue sin eleganta signatur. <\/p>\n<p>Sj\u00e4lva doften i denna David Beckham Eau de Toilette har en vacker, himmelsbl\u00e5 f\u00e4rg och presenteras i en sofistikerad, m\u00f6nstrad glasflaska med en elegant, metallbl\u00e5 kork. Classic Collection \u00e4r en oemotst\u00e5ndlig tolkning av klassikernas styrka: Varje doft \u00e4r skapad med noga utvalda ingredienser som har bevisat sitt v\u00e4rde genom tiderna<\/p>\n<p>100ml<\/p>\n","protected":false},"excerpt":{"rendered":"<p>David Beckham Fragrances presenterar Classic Blue &#8211; en tidl\u00f6s Eau de Toilette for Men med en fr\u00e4sch twist. Kan b\u00e4ras b\u00e5de till vardag och fest. Denna sprudlande herrdoft \u00e4r inspirerad av David Beckhams autentiska resor, livsstil och v\u00e4rderingar. Den \u00f6ppnar med en fruktig explosion av frisk grapefrukt och saftig ananas kombinerat med violblad. Hj\u00e4rtnoten lockar [&hellip;]<\/p>\n","protected":false},"featured_media":9829,"comment_status":"open","ping_status":"closed","template":"","meta":{"_trash_the_other_posts":false},"product_brand":[],"product_cat":[709],"product_tag":[2790],"berocket_brand":[1281],"class_list":{"0":"post-9838","1":"product","2":"type-product","3":"status-publish","4":"has-post-thumbnail","6":"product_cat-eau-de-toilette-herr","7":"product_tag-david-beckham-classic-blue-edt","8":"pa_brand-david-beckham","9":"pa_variant-100ml","10":"berocket_brand-david-beckham","12":"first","13":"instock","14":"sale","15":"taxable","16":"shipping-taxable","17":"purchasable","18":"product-type-simple"},"_links":{"self":[{"href":"https:\/\/stylingagenten.com\/sv\/wp-json\/wp\/v2\/product\/9838","targetHints":{"allow":["GET"]}}],"collection":[{"href":"https:\/\/stylingagenten.com\/sv\/wp-json\/wp\/v2\/product"}],"about":[{"href":"https:\/\/stylingagenten.com\/sv\/wp-json\/wp\/v2\/types\/product"}],"replies":[{"embeddable":true,"href":"https:\/\/stylingagenten.com\/sv\/wp-json\/wp\/v2\/comments?post=9838"}],"version-history":[{"count":0,"href":"https:\/\/stylingagenten.com\/sv\/wp-json\/wp\/v2\/product\/9838\/revisions"}],"wp:featuredmedia":[{"embeddable":true,"href":"https:\/\/stylingagenten.com\/sv\/wp-json\/wp\/v2\/media\/9829"}],"wp:attachment":[{"href":"https:\/\/stylingagenten.com\/sv\/wp-json\/wp\/v2\/media?parent=9838"}],"wp:term":[{"taxonomy":"product_brand","embeddable":true,"href":"https:\/\/stylingagenten.com\/sv\/wp-json\/wp\/v2\/product_brand?post=9838"},{"taxonomy":"product_cat","embeddable":true,"href":"https:\/\/stylingagenten.com\/sv\/wp-json\/wp\/v2\/product_cat?post=9838"},{"taxonomy":"product_tag","embeddable":true,"href":"https:\/\/stylingagenten.com\/sv\/wp-json\/wp\/v2\/product_tag?post=9838"},{"taxonomy":"berocket_brand","embeddable":true,"href":"https:\/\/stylingagenten.com\/sv\/wp-json\/wp\/v2\/berocket_brand?post=9838"}],"curies":[{"name":"wp","href":"https:\/\/api.w.org\/{rel}","templated":true}]}}