{"id":9822,"date":"2025-01-24T11:35:41","date_gmt":"2025-01-24T11:35:41","guid":{"rendered":"https:\/\/staging2.stylingagenten.com\/sv\/produkt\/hugo-boss-boss-the-scent-magnetic-for-her-edp-30ml\/"},"modified":"2026-04-07T07:08:39","modified_gmt":"2026-04-07T07:08:39","slug":"hugo-boss-boss-the-scent-magnetic-for-her-edp-30ml","status":"publish","type":"product","link":"https:\/\/stylingagenten.com\/sv\/produkt\/hugo-boss-boss-the-scent-magnetic-for-her-edp-30ml\/","title":{"rendered":"Hugo Boss Boss The Scent Magnetic for Her Edp 30ml"},"content":{"rendered":"<p>Upplev f\u00f6rf\u00f6relsens kraft med BOSS The Scent Magnetic Eau de Parfum f\u00f6r henne, en intensiv tolkning av originalet BOSS The Scent som f\u00f6rtrollar sinnena.<\/p>\n<p>Lockande toppnoter av osmanthus-blomma intensifieras hos denna damparfym f\u00f6r att ge doften en kraftfull sensualitet. Hj\u00e4rtnotens sammetsmjuka ambrettfr\u00f6 hypnotiserar sinnena och tillsammans med vit mysk i basen f\u00e5r BOSS The Scent sin alldeles unika magnetism.<\/p>\n<p>30ml<\/p>\n","protected":false},"excerpt":{"rendered":"<p>Upplev f\u00f6rf\u00f6relsens kraft med BOSS The Scent Magnetic Eau de Parfum f\u00f6r henne, en intensiv tolkning av originalet BOSS The Scent som f\u00f6rtrollar sinnena. Lockande toppnoter av osmanthus-blomma intensifieras hos denna damparfym f\u00f6r att ge doften en kraftfull sensualitet. Hj\u00e4rtnotens sammetsmjuka ambrettfr\u00f6 hypnotiserar sinnena och tillsammans med vit mysk i basen f\u00e5r BOSS The Scent [&hellip;]<\/p>\n","protected":false},"featured_media":9804,"comment_status":"open","ping_status":"closed","template":"","meta":{"_trash_the_other_posts":false},"product_brand":[],"product_cat":[706,735,999],"product_tag":[],"berocket_brand":[1339],"class_list":{"0":"post-9822","1":"product","2":"type-product","3":"status-publish","4":"has-post-thumbnail","6":"product_cat-eau-de-parfum-dam","7":"product_cat-kampanj","8":"product_cat-kampanj-for-henne","9":"pa_brand-hugo-boss","10":"berocket_brand-hugo-boss","12":"first","13":"outofstock","14":"sale","15":"taxable","16":"shipping-taxable","17":"purchasable","18":"product-type-simple"},"_links":{"self":[{"href":"https:\/\/stylingagenten.com\/sv\/wp-json\/wp\/v2\/product\/9822","targetHints":{"allow":["GET"]}}],"collection":[{"href":"https:\/\/stylingagenten.com\/sv\/wp-json\/wp\/v2\/product"}],"about":[{"href":"https:\/\/stylingagenten.com\/sv\/wp-json\/wp\/v2\/types\/product"}],"replies":[{"embeddable":true,"href":"https:\/\/stylingagenten.com\/sv\/wp-json\/wp\/v2\/comments?post=9822"}],"version-history":[{"count":0,"href":"https:\/\/stylingagenten.com\/sv\/wp-json\/wp\/v2\/product\/9822\/revisions"}],"wp:featuredmedia":[{"embeddable":true,"href":"https:\/\/stylingagenten.com\/sv\/wp-json\/wp\/v2\/media\/9804"}],"wp:attachment":[{"href":"https:\/\/stylingagenten.com\/sv\/wp-json\/wp\/v2\/media?parent=9822"}],"wp:term":[{"taxonomy":"product_brand","embeddable":true,"href":"https:\/\/stylingagenten.com\/sv\/wp-json\/wp\/v2\/product_brand?post=9822"},{"taxonomy":"product_cat","embeddable":true,"href":"https:\/\/stylingagenten.com\/sv\/wp-json\/wp\/v2\/product_cat?post=9822"},{"taxonomy":"product_tag","embeddable":true,"href":"https:\/\/stylingagenten.com\/sv\/wp-json\/wp\/v2\/product_tag?post=9822"},{"taxonomy":"berocket_brand","embeddable":true,"href":"https:\/\/stylingagenten.com\/sv\/wp-json\/wp\/v2\/berocket_brand?post=9822"}],"curies":[{"name":"wp","href":"https:\/\/api.w.org\/{rel}","templated":true}]}}