{"id":9787,"date":"2025-01-24T11:35:34","date_gmt":"2025-01-24T11:35:34","guid":{"rendered":"https:\/\/staging2.stylingagenten.com\/sv\/produkt\/gucci-bloom-edp-10ml\/"},"modified":"2025-11-18T16:04:08","modified_gmt":"2025-11-18T16:04:08","slug":"gucci-bloom-edp-10ml","status":"publish","type":"product","link":"https:\/\/stylingagenten.com\/sv\/produkt\/gucci-bloom-edp-10ml\/","title":{"rendered":"Gucci Bloom Edp 10ml"},"content":{"rendered":"<p>Gucci Bloom Eau de Parfum f\u00e5ngar andan av de moderna, m\u00e5ngsidiga och autentiska Gucci-kvinnorna. Noter av naturlig tuberos och jasmin skapar en ov\u00e4ntat fyllig, vitblommig doft p\u00e5 huden. Rangoon Creeper, en v\u00e4xt uppt\u00e4ckt i s\u00f6dra Indien som \u00e4ndrar f\u00e4rg fr\u00e5n vit till rosa och slutligen till r\u00f6tt n\u00e4r den blommar, tillf\u00f6r en pudrig, blommighet till parfymen.<\/p>\n<p>Toppnot: Jasmin<br \/>\n<br \/>Hj\u00e4rtnot: Tuberose<br \/>\n<br \/>Basnot: Rangoon Creeper<\/p>\n<p>10 ml<\/p>\n","protected":false},"excerpt":{"rendered":"<p>Gucci Bloom Eau de Parfum f\u00e5ngar andan av de moderna, m\u00e5ngsidiga och autentiska Gucci-kvinnorna. Noter av naturlig tuberos och jasmin skapar en ov\u00e4ntat fyllig, vitblommig doft p\u00e5 huden. Rangoon Creeper, en v\u00e4xt uppt\u00e4ckt i s\u00f6dra Indien som \u00e4ndrar f\u00e4rg fr\u00e5n vit till rosa och slutligen till r\u00f6tt n\u00e4r den blommar, tillf\u00f6r en pudrig, blommighet till [&hellip;]<\/p>\n","protected":false},"featured_media":9783,"comment_status":"open","ping_status":"closed","template":"","meta":{"_trash_the_other_posts":false},"product_brand":[],"product_cat":[706],"product_tag":[2979],"berocket_brand":[1329],"class_list":{"0":"post-9787","1":"product","2":"type-product","3":"status-publish","4":"has-post-thumbnail","6":"product_cat-eau-de-parfum-dam","7":"product_tag-gucci-bloom-edp","8":"pa_brand-gucci","9":"pa_variant-10ml","10":"berocket_brand-gucci","12":"first","13":"outofstock","14":"sale","15":"taxable","16":"shipping-taxable","17":"purchasable","18":"product-type-simple"},"_links":{"self":[{"href":"https:\/\/stylingagenten.com\/sv\/wp-json\/wp\/v2\/product\/9787","targetHints":{"allow":["GET"]}}],"collection":[{"href":"https:\/\/stylingagenten.com\/sv\/wp-json\/wp\/v2\/product"}],"about":[{"href":"https:\/\/stylingagenten.com\/sv\/wp-json\/wp\/v2\/types\/product"}],"replies":[{"embeddable":true,"href":"https:\/\/stylingagenten.com\/sv\/wp-json\/wp\/v2\/comments?post=9787"}],"version-history":[{"count":0,"href":"https:\/\/stylingagenten.com\/sv\/wp-json\/wp\/v2\/product\/9787\/revisions"}],"wp:featuredmedia":[{"embeddable":true,"href":"https:\/\/stylingagenten.com\/sv\/wp-json\/wp\/v2\/media\/9783"}],"wp:attachment":[{"href":"https:\/\/stylingagenten.com\/sv\/wp-json\/wp\/v2\/media?parent=9787"}],"wp:term":[{"taxonomy":"product_brand","embeddable":true,"href":"https:\/\/stylingagenten.com\/sv\/wp-json\/wp\/v2\/product_brand?post=9787"},{"taxonomy":"product_cat","embeddable":true,"href":"https:\/\/stylingagenten.com\/sv\/wp-json\/wp\/v2\/product_cat?post=9787"},{"taxonomy":"product_tag","embeddable":true,"href":"https:\/\/stylingagenten.com\/sv\/wp-json\/wp\/v2\/product_tag?post=9787"},{"taxonomy":"berocket_brand","embeddable":true,"href":"https:\/\/stylingagenten.com\/sv\/wp-json\/wp\/v2\/berocket_brand?post=9787"}],"curies":[{"name":"wp","href":"https:\/\/api.w.org\/{rel}","templated":true}]}}