{"id":9782,"date":"2025-01-24T11:35:33","date_gmt":"2025-01-24T11:35:33","guid":{"rendered":"https:\/\/staging2.stylingagenten.com\/sv\/produkt\/creed-erolfa-edp-100ml\/"},"modified":"2026-03-11T22:07:32","modified_gmt":"2026-03-11T22:07:32","slug":"creed-erolfa-edp-100ml","status":"publish","type":"product","link":"https:\/\/stylingagenten.com\/sv\/produkt\/creed-erolfa-edp-100ml\/","title":{"rendered":"Creed Erolfa Edp 100ml"},"content":{"rendered":"<p>Creed Erolfa Edp \u00e4r en fr\u00e4sch och m\u00e5ngsidig doft kan anv\u00e4ndas fr\u00e5n morgon till kv\u00e4ll. Bergamott, mandarin och basilika f\u00f6rvirrar sinnena, medan sandeltr\u00e4, cedertr\u00e4 och mysk utg\u00f6r basnoterna i denna fr\u00e4scha, blommiga doft. Den h\u00e4r doften \u00e4r lika uppfriskande som lugnande och passar alla \u00e5rstider.<\/p>\n<p>Toppnoter: Kummin, Lime, Melon, Gr\u00f6na noter, Violet, Bergamott och Citron.<br \/>\n<br \/>Hj\u00e4rtnoter: Cyklamen, Tall, Ingef\u00e4ra, Peppar, Jasmin, Muskot och Gr\u00f6na noter.<br \/>\n<br \/>Basnoter: Sandeltr\u00e4, Mysk, Ekmossa, Cedertr\u00e4 och Ambra.<\/p>\n<p>100ml<\/p>\n","protected":false},"excerpt":{"rendered":"<p>Creed Erolfa Edp \u00e4r en fr\u00e4sch och m\u00e5ngsidig doft kan anv\u00e4ndas fr\u00e5n morgon till kv\u00e4ll. Bergamott, mandarin och basilika f\u00f6rvirrar sinnena, medan sandeltr\u00e4, cedertr\u00e4 och mysk utg\u00f6r basnoterna i denna fr\u00e4scha, blommiga doft. Den h\u00e4r doften \u00e4r lika uppfriskande som lugnande och passar alla \u00e5rstider. Toppnoter: Kummin, Lime, Melon, Gr\u00f6na noter, Violet, Bergamott och Citron. [&hellip;]<\/p>\n","protected":false},"featured_media":9775,"comment_status":"open","ping_status":"closed","template":"","meta":{"_trash_the_other_posts":false},"product_brand":[],"product_cat":[708,735,1000],"product_tag":[],"berocket_brand":[1236],"class_list":{"0":"post-9782","1":"product","2":"type-product","3":"status-publish","4":"has-post-thumbnail","6":"product_cat-eau-de-parfum-herr","7":"product_cat-kampanj","8":"product_cat-kampanj-for-honom","9":"pa_brand-creed","10":"berocket_brand-creed","12":"first","13":"instock","14":"sale","15":"taxable","16":"shipping-taxable","17":"purchasable","18":"product-type-simple"},"_links":{"self":[{"href":"https:\/\/stylingagenten.com\/sv\/wp-json\/wp\/v2\/product\/9782","targetHints":{"allow":["GET"]}}],"collection":[{"href":"https:\/\/stylingagenten.com\/sv\/wp-json\/wp\/v2\/product"}],"about":[{"href":"https:\/\/stylingagenten.com\/sv\/wp-json\/wp\/v2\/types\/product"}],"replies":[{"embeddable":true,"href":"https:\/\/stylingagenten.com\/sv\/wp-json\/wp\/v2\/comments?post=9782"}],"version-history":[{"count":0,"href":"https:\/\/stylingagenten.com\/sv\/wp-json\/wp\/v2\/product\/9782\/revisions"}],"wp:featuredmedia":[{"embeddable":true,"href":"https:\/\/stylingagenten.com\/sv\/wp-json\/wp\/v2\/media\/9775"}],"wp:attachment":[{"href":"https:\/\/stylingagenten.com\/sv\/wp-json\/wp\/v2\/media?parent=9782"}],"wp:term":[{"taxonomy":"product_brand","embeddable":true,"href":"https:\/\/stylingagenten.com\/sv\/wp-json\/wp\/v2\/product_brand?post=9782"},{"taxonomy":"product_cat","embeddable":true,"href":"https:\/\/stylingagenten.com\/sv\/wp-json\/wp\/v2\/product_cat?post=9782"},{"taxonomy":"product_tag","embeddable":true,"href":"https:\/\/stylingagenten.com\/sv\/wp-json\/wp\/v2\/product_tag?post=9782"},{"taxonomy":"berocket_brand","embeddable":true,"href":"https:\/\/stylingagenten.com\/sv\/wp-json\/wp\/v2\/berocket_brand?post=9782"}],"curies":[{"name":"wp","href":"https:\/\/api.w.org\/{rel}","templated":true}]}}