{"id":9773,"date":"2025-01-24T11:35:31","date_gmt":"2025-01-24T11:35:31","guid":{"rendered":"https:\/\/staging2.stylingagenten.com\/sv\/produkt\/creed-acqua-fiorentina-edp-30ml\/"},"modified":"2025-11-18T16:04:05","modified_gmt":"2025-11-18T16:04:05","slug":"creed-acqua-fiorentina-edp-30ml","status":"publish","type":"product","link":"https:\/\/stylingagenten.com\/sv\/produkt\/creed-acqua-fiorentina-edp-30ml\/","title":{"rendered":"Creed Acqua Fiorentina Edp 30ml"},"content":{"rendered":"<p>Den fruktiga Acqua Fiorentina \u00e4r en mild och fyllig doft som doftar som en lantlig tr\u00e4dg\u00e5rd p\u00e5 h\u00f6gsommaren. De l\u00e4ckra citrus-toppnoterna sm\u00e4lter samman med en saftig k\u00e4rna av ros, plommon och \u00e4pple. En kryddig blandning av Virginian cedertr\u00e4 blandas med en lycklig vit mysk som dr\u00f6jer sig kvar p\u00e5 huden n\u00e4r doften vaknar till liv.<\/p>\n<p>Toppnoter: Plommon, \u00c4pple<br \/>\n<br \/>Hj\u00e4rtnoter: Bergamott, Citron, P\u00e4ron, Ros, Siciliansk Bergamott<br \/>\n<br \/>Basnoter: Sandeltr\u00e4, Virginiansk Ceder, Vit Grapefruit<\/p>\n<p>30ml<\/p>\n","protected":false},"excerpt":{"rendered":"<p>Den fruktiga Acqua Fiorentina \u00e4r en mild och fyllig doft som doftar som en lantlig tr\u00e4dg\u00e5rd p\u00e5 h\u00f6gsommaren. De l\u00e4ckra citrus-toppnoterna sm\u00e4lter samman med en saftig k\u00e4rna av ros, plommon och \u00e4pple. En kryddig blandning av Virginian cedertr\u00e4 blandas med en lycklig vit mysk som dr\u00f6jer sig kvar p\u00e5 huden n\u00e4r doften vaknar till liv. [&hellip;]<\/p>\n","protected":false},"featured_media":9763,"comment_status":"open","ping_status":"closed","template":"","meta":{"_trash_the_other_posts":false},"product_brand":[],"product_cat":[706],"product_tag":[2758],"berocket_brand":[1236],"class_list":{"0":"post-9773","1":"product","2":"type-product","3":"status-publish","4":"has-post-thumbnail","6":"product_cat-eau-de-parfum-dam","7":"product_tag-creed-acqua-fiorentina-edp","8":"pa_brand-creed","9":"pa_variant-30ml","10":"berocket_brand-creed","12":"first","13":"outofstock","14":"taxable","15":"shipping-taxable","16":"purchasable","17":"product-type-simple"},"_links":{"self":[{"href":"https:\/\/stylingagenten.com\/sv\/wp-json\/wp\/v2\/product\/9773","targetHints":{"allow":["GET"]}}],"collection":[{"href":"https:\/\/stylingagenten.com\/sv\/wp-json\/wp\/v2\/product"}],"about":[{"href":"https:\/\/stylingagenten.com\/sv\/wp-json\/wp\/v2\/types\/product"}],"replies":[{"embeddable":true,"href":"https:\/\/stylingagenten.com\/sv\/wp-json\/wp\/v2\/comments?post=9773"}],"version-history":[{"count":0,"href":"https:\/\/stylingagenten.com\/sv\/wp-json\/wp\/v2\/product\/9773\/revisions"}],"wp:featuredmedia":[{"embeddable":true,"href":"https:\/\/stylingagenten.com\/sv\/wp-json\/wp\/v2\/media\/9763"}],"wp:attachment":[{"href":"https:\/\/stylingagenten.com\/sv\/wp-json\/wp\/v2\/media?parent=9773"}],"wp:term":[{"taxonomy":"product_brand","embeddable":true,"href":"https:\/\/stylingagenten.com\/sv\/wp-json\/wp\/v2\/product_brand?post=9773"},{"taxonomy":"product_cat","embeddable":true,"href":"https:\/\/stylingagenten.com\/sv\/wp-json\/wp\/v2\/product_cat?post=9773"},{"taxonomy":"product_tag","embeddable":true,"href":"https:\/\/stylingagenten.com\/sv\/wp-json\/wp\/v2\/product_tag?post=9773"},{"taxonomy":"berocket_brand","embeddable":true,"href":"https:\/\/stylingagenten.com\/sv\/wp-json\/wp\/v2\/berocket_brand?post=9773"}],"curies":[{"name":"wp","href":"https:\/\/api.w.org\/{rel}","templated":true}]}}