{"id":9768,"date":"2025-01-24T11:35:30","date_gmt":"2025-01-24T11:35:30","guid":{"rendered":"https:\/\/staging2.stylingagenten.com\/sv\/produkt\/creed-fleurissimo-edp-75ml\/"},"modified":"2026-03-11T22:07:30","modified_gmt":"2026-03-11T22:07:30","slug":"creed-fleurissimo-edp-75ml","status":"publish","type":"product","link":"https:\/\/stylingagenten.com\/sv\/produkt\/creed-fleurissimo-edp-75ml\/","title":{"rendered":"Creed Fleurissimo Edp 75ml"},"content":{"rendered":"<p>Creed Fleurissimo Edp skapades f\u00f6r den legendariska Grace Kelly till hennes br\u00f6llopsdag som en g\u00e5va av hennes blivande make, prins Rainier av Monaco. En avbild av hennes brudbukett. Romantisk och vacker&#8230;<\/p>\n<p>Toppnot: Bergamott, violblad<br \/>\n<br \/>Hj\u00e4rtnot: Bulgarisk ros, Tuberose , ylang ylang<br \/>\n<br \/>Basnot: Iris florentina, gr\u00e5 amber<\/p>\n<p>75 ml<\/p>\n","protected":false},"excerpt":{"rendered":"<p>Creed Fleurissimo Edp skapades f\u00f6r den legendariska Grace Kelly till hennes br\u00f6llopsdag som en g\u00e5va av hennes blivande make, prins Rainier av Monaco. En avbild av hennes brudbukett. Romantisk och vacker&#8230; Toppnot: Bergamott, violblad Hj\u00e4rtnot: Bulgarisk ros, Tuberose , ylang ylang Basnot: Iris florentina, gr\u00e5 amber 75 ml<\/p>\n","protected":false},"featured_media":9761,"comment_status":"open","ping_status":"closed","template":"","meta":{"_trash_the_other_posts":false},"product_brand":[],"product_cat":[706,735,999],"product_tag":[],"berocket_brand":[1236],"class_list":{"0":"post-9768","1":"product","2":"type-product","3":"status-publish","4":"has-post-thumbnail","6":"product_cat-eau-de-parfum-dam","7":"product_cat-kampanj","8":"product_cat-kampanj-for-henne","9":"pa_brand-creed","10":"berocket_brand-creed","12":"first","13":"instock","14":"sale","15":"taxable","16":"shipping-taxable","17":"purchasable","18":"product-type-simple"},"_links":{"self":[{"href":"https:\/\/stylingagenten.com\/sv\/wp-json\/wp\/v2\/product\/9768","targetHints":{"allow":["GET"]}}],"collection":[{"href":"https:\/\/stylingagenten.com\/sv\/wp-json\/wp\/v2\/product"}],"about":[{"href":"https:\/\/stylingagenten.com\/sv\/wp-json\/wp\/v2\/types\/product"}],"replies":[{"embeddable":true,"href":"https:\/\/stylingagenten.com\/sv\/wp-json\/wp\/v2\/comments?post=9768"}],"version-history":[{"count":0,"href":"https:\/\/stylingagenten.com\/sv\/wp-json\/wp\/v2\/product\/9768\/revisions"}],"wp:featuredmedia":[{"embeddable":true,"href":"https:\/\/stylingagenten.com\/sv\/wp-json\/wp\/v2\/media\/9761"}],"wp:attachment":[{"href":"https:\/\/stylingagenten.com\/sv\/wp-json\/wp\/v2\/media?parent=9768"}],"wp:term":[{"taxonomy":"product_brand","embeddable":true,"href":"https:\/\/stylingagenten.com\/sv\/wp-json\/wp\/v2\/product_brand?post=9768"},{"taxonomy":"product_cat","embeddable":true,"href":"https:\/\/stylingagenten.com\/sv\/wp-json\/wp\/v2\/product_cat?post=9768"},{"taxonomy":"product_tag","embeddable":true,"href":"https:\/\/stylingagenten.com\/sv\/wp-json\/wp\/v2\/product_tag?post=9768"},{"taxonomy":"berocket_brand","embeddable":true,"href":"https:\/\/stylingagenten.com\/sv\/wp-json\/wp\/v2\/berocket_brand?post=9768"}],"curies":[{"name":"wp","href":"https:\/\/api.w.org\/{rel}","templated":true}]}}