{"id":9710,"date":"2025-01-24T11:35:08","date_gmt":"2025-01-24T11:35:08","guid":{"rendered":"https:\/\/staging2.stylingagenten.com\/sv\/produkt\/neutrogena-clear-soothe-moisturiser-75ml\/"},"modified":"2026-04-13T20:18:40","modified_gmt":"2026-04-13T20:18:40","slug":"neutrogena-clear-soothe-moisturiser-75ml","status":"publish","type":"product","link":"https:\/\/stylingagenten.com\/sv\/produkt\/neutrogena-clear-soothe-moisturiser-75ml\/","title":{"rendered":"Neutrogena Clear &amp; Soothe Moisturiser 75ml"},"content":{"rendered":"<p>Neutrogena Clear &amp; Soothe Moisturiser \u00e4r en l\u00e4tt ansiktskr\u00e4m med gurkmeja som lugnar och \u00e5terfuktar stressad hud. Snabbabsorberande gelformula med gurkmeja som \u00e5terfuktar huden. Ansiktsgel med hudv\u00e4nliga ingredienser och utan olja som passar oren hy med finnar. <\/p>\n<p>75ml.<\/p>\n","protected":false},"excerpt":{"rendered":"<p>Neutrogena Clear &amp; Soothe Moisturiser \u00e4r en l\u00e4tt ansiktskr\u00e4m med gurkmeja som lugnar och \u00e5terfuktar stressad hud. Snabbabsorberande gelformula med gurkmeja som \u00e5terfuktar huden. Ansiktsgel med hudv\u00e4nliga ingredienser och utan olja som passar oren hy med finnar. 75ml.<\/p>\n","protected":false},"featured_media":9705,"comment_status":"open","ping_status":"closed","template":"","meta":{"_trash_the_other_posts":false},"product_brand":[],"product_cat":[559],"product_tag":[],"berocket_brand":[1262],"class_list":{"0":"post-9710","1":"product","2":"type-product","3":"status-publish","4":"has-post-thumbnail","6":"product_cat-ansiktskram","7":"pa_brand-neutrogena","8":"berocket_brand-neutrogena","10":"first","11":"instock","12":"sale","13":"taxable","14":"shipping-taxable","15":"purchasable","16":"product-type-simple"},"_links":{"self":[{"href":"https:\/\/stylingagenten.com\/sv\/wp-json\/wp\/v2\/product\/9710","targetHints":{"allow":["GET"]}}],"collection":[{"href":"https:\/\/stylingagenten.com\/sv\/wp-json\/wp\/v2\/product"}],"about":[{"href":"https:\/\/stylingagenten.com\/sv\/wp-json\/wp\/v2\/types\/product"}],"replies":[{"embeddable":true,"href":"https:\/\/stylingagenten.com\/sv\/wp-json\/wp\/v2\/comments?post=9710"}],"version-history":[{"count":0,"href":"https:\/\/stylingagenten.com\/sv\/wp-json\/wp\/v2\/product\/9710\/revisions"}],"wp:featuredmedia":[{"embeddable":true,"href":"https:\/\/stylingagenten.com\/sv\/wp-json\/wp\/v2\/media\/9705"}],"wp:attachment":[{"href":"https:\/\/stylingagenten.com\/sv\/wp-json\/wp\/v2\/media?parent=9710"}],"wp:term":[{"taxonomy":"product_brand","embeddable":true,"href":"https:\/\/stylingagenten.com\/sv\/wp-json\/wp\/v2\/product_brand?post=9710"},{"taxonomy":"product_cat","embeddable":true,"href":"https:\/\/stylingagenten.com\/sv\/wp-json\/wp\/v2\/product_cat?post=9710"},{"taxonomy":"product_tag","embeddable":true,"href":"https:\/\/stylingagenten.com\/sv\/wp-json\/wp\/v2\/product_tag?post=9710"},{"taxonomy":"berocket_brand","embeddable":true,"href":"https:\/\/stylingagenten.com\/sv\/wp-json\/wp\/v2\/berocket_brand?post=9710"}],"curies":[{"name":"wp","href":"https:\/\/api.w.org\/{rel}","templated":true}]}}