{"id":9616,"date":"2025-01-24T11:34:39","date_gmt":"2025-01-24T11:34:39","guid":{"rendered":"https:\/\/staging2.stylingagenten.com\/sv\/produkt\/shiseido-microliner-ink-eyeliner-01-black\/"},"modified":"2026-04-08T15:31:15","modified_gmt":"2026-04-08T15:31:15","slug":"shiseido-microliner-ink-eyeliner-01-black","status":"publish","type":"product","link":"https:\/\/stylingagenten.com\/sv\/produkt\/shiseido-microliner-ink-eyeliner-01-black\/","title":{"rendered":"Shiseido Microliner Ink Eyeliner 01 Black"},"content":{"rendered":"<p>Shiseido Microliner Ink Eyeliner \u00e4r en eyeliner med en kr\u00e4mig gelformula som l\u00e4tt glider p\u00e5 f\u00f6ren enkel l\u00e5ngvarig applicering. Tack vare sin micro-precisionsspets f\u00e5r man med ett drag en j\u00e4mn, och extremt rak linje f\u00f6r en dramatisk och grafisk look. Vattenfast, kladdfri och suddas inte ut.<\/p>\n<p>F\u00e4rg: Svart<\/p>\n","protected":false},"excerpt":{"rendered":"<p>Shiseido Microliner Ink Eyeliner \u00e4r en eyeliner med en kr\u00e4mig gelformula som l\u00e4tt glider p\u00e5 f\u00f6ren enkel l\u00e5ngvarig applicering. Tack vare sin micro-precisionsspets f\u00e5r man med ett drag en j\u00e4mn, och extremt rak linje f\u00f6r en dramatisk och grafisk look. Vattenfast, kladdfri och suddas inte ut. F\u00e4rg: Svart<\/p>\n","protected":false},"featured_media":9610,"comment_status":"open","ping_status":"closed","template":"","meta":{"_trash_the_other_posts":false},"product_brand":[],"product_cat":[568],"product_tag":[4152],"berocket_brand":[1193],"class_list":{"0":"post-9616","1":"product","2":"type-product","3":"status-publish","4":"has-post-thumbnail","6":"product_cat-eyeliner-kajal","7":"product_tag-shiseido-microliner-ink-eyeliner","8":"pa_brand-shiseido","9":"pa_variant-01-black","10":"berocket_brand-shiseido","12":"first","13":"instock","14":"sale","15":"taxable","16":"shipping-taxable","17":"purchasable","18":"product-type-simple"},"_links":{"self":[{"href":"https:\/\/stylingagenten.com\/sv\/wp-json\/wp\/v2\/product\/9616","targetHints":{"allow":["GET"]}}],"collection":[{"href":"https:\/\/stylingagenten.com\/sv\/wp-json\/wp\/v2\/product"}],"about":[{"href":"https:\/\/stylingagenten.com\/sv\/wp-json\/wp\/v2\/types\/product"}],"replies":[{"embeddable":true,"href":"https:\/\/stylingagenten.com\/sv\/wp-json\/wp\/v2\/comments?post=9616"}],"version-history":[{"count":0,"href":"https:\/\/stylingagenten.com\/sv\/wp-json\/wp\/v2\/product\/9616\/revisions"}],"wp:featuredmedia":[{"embeddable":true,"href":"https:\/\/stylingagenten.com\/sv\/wp-json\/wp\/v2\/media\/9610"}],"wp:attachment":[{"href":"https:\/\/stylingagenten.com\/sv\/wp-json\/wp\/v2\/media?parent=9616"}],"wp:term":[{"taxonomy":"product_brand","embeddable":true,"href":"https:\/\/stylingagenten.com\/sv\/wp-json\/wp\/v2\/product_brand?post=9616"},{"taxonomy":"product_cat","embeddable":true,"href":"https:\/\/stylingagenten.com\/sv\/wp-json\/wp\/v2\/product_cat?post=9616"},{"taxonomy":"product_tag","embeddable":true,"href":"https:\/\/stylingagenten.com\/sv\/wp-json\/wp\/v2\/product_tag?post=9616"},{"taxonomy":"berocket_brand","embeddable":true,"href":"https:\/\/stylingagenten.com\/sv\/wp-json\/wp\/v2\/berocket_brand?post=9616"}],"curies":[{"name":"wp","href":"https:\/\/api.w.org\/{rel}","templated":true}]}}