{"id":9606,"date":"2025-01-24T11:34:36","date_gmt":"2025-01-24T11:34:36","guid":{"rendered":"https:\/\/staging2.stylingagenten.com\/sv\/produkt\/david-beckham-classic-homme-edt-100ml\/"},"modified":"2026-04-14T11:47:25","modified_gmt":"2026-04-14T11:47:25","slug":"david-beckham-classic-homme-edt-100ml","status":"publish","type":"product","link":"https:\/\/stylingagenten.com\/sv\/produkt\/david-beckham-classic-homme-edt-100ml\/","title":{"rendered":"David Beckham Classic Homme Edt 100ml"},"content":{"rendered":"<p>David Beckham Fragrances presenterar Classic Homme &#8211; en modern tolkning av en herrdoft med en kryddig twist. B\u00e4r den med sj\u00e4lvf\u00f6rtroende vid alla tillf\u00e4llen. Classic Homme Eau de Toilette Spray \u00e4r en l\u00e4tt kryddig tr\u00e4doft med en aromatisk blandning av varma r\u00f6kta toner och friska kryddiga noter. Doften \u00f6ppnar med fr\u00e4sch pink grapefrukt och rosmarin med ett str\u00e5k av stark peppar. Hj\u00e4rtnoten \u00e4r en karakt\u00e4ristisk fusion av cashmeran, l\u00e4der och svart dahlia som skapar en fyllig och maskulin doft, som framh\u00e4vs av basnotens mahogny, patchouli och sensuell mysk. <\/p>\n<p>Den unika cylinderformade flaskan \u00e4r utsmyckad med ett vackert fiskbensm\u00f6nster och den eleganta, m\u00f6rkgr\u00e5 korken ger designen p\u00e5 denna David Beckham Eau de Toilette ett modernt och maskulint drag. Classic Collection \u00e4r en oemotst\u00e5ndlig tolkning av klassikernas styrka: Varje doft \u00e4r skapad med noga utvalda ingredienser som har bevisat sitt v\u00e4rde genom tiderna.<\/p>\n<p>100ml<\/p>\n","protected":false},"excerpt":{"rendered":"<p>David Beckham Fragrances presenterar Classic Homme &#8211; en modern tolkning av en herrdoft med en kryddig twist. B\u00e4r den med sj\u00e4lvf\u00f6rtroende vid alla tillf\u00e4llen. Classic Homme Eau de Toilette Spray \u00e4r en l\u00e4tt kryddig tr\u00e4doft med en aromatisk blandning av varma r\u00f6kta toner och friska kryddiga noter. Doften \u00f6ppnar med fr\u00e4sch pink grapefrukt och rosmarin [&hellip;]<\/p>\n","protected":false},"featured_media":9599,"comment_status":"open","ping_status":"closed","template":"","meta":{"_trash_the_other_posts":false},"product_brand":[],"product_cat":[709,735,1000],"product_tag":[],"berocket_brand":[1281],"class_list":{"0":"post-9606","1":"product","2":"type-product","3":"status-publish","4":"has-post-thumbnail","6":"product_cat-eau-de-toilette-herr","7":"product_cat-kampanj","8":"product_cat-kampanj-for-honom","9":"pa_brand-david-beckham","10":"berocket_brand-david-beckham","12":"first","13":"instock","14":"sale","15":"taxable","16":"shipping-taxable","17":"purchasable","18":"product-type-simple"},"_links":{"self":[{"href":"https:\/\/stylingagenten.com\/sv\/wp-json\/wp\/v2\/product\/9606","targetHints":{"allow":["GET"]}}],"collection":[{"href":"https:\/\/stylingagenten.com\/sv\/wp-json\/wp\/v2\/product"}],"about":[{"href":"https:\/\/stylingagenten.com\/sv\/wp-json\/wp\/v2\/types\/product"}],"replies":[{"embeddable":true,"href":"https:\/\/stylingagenten.com\/sv\/wp-json\/wp\/v2\/comments?post=9606"}],"version-history":[{"count":0,"href":"https:\/\/stylingagenten.com\/sv\/wp-json\/wp\/v2\/product\/9606\/revisions"}],"wp:featuredmedia":[{"embeddable":true,"href":"https:\/\/stylingagenten.com\/sv\/wp-json\/wp\/v2\/media\/9599"}],"wp:attachment":[{"href":"https:\/\/stylingagenten.com\/sv\/wp-json\/wp\/v2\/media?parent=9606"}],"wp:term":[{"taxonomy":"product_brand","embeddable":true,"href":"https:\/\/stylingagenten.com\/sv\/wp-json\/wp\/v2\/product_brand?post=9606"},{"taxonomy":"product_cat","embeddable":true,"href":"https:\/\/stylingagenten.com\/sv\/wp-json\/wp\/v2\/product_cat?post=9606"},{"taxonomy":"product_tag","embeddable":true,"href":"https:\/\/stylingagenten.com\/sv\/wp-json\/wp\/v2\/product_tag?post=9606"},{"taxonomy":"berocket_brand","embeddable":true,"href":"https:\/\/stylingagenten.com\/sv\/wp-json\/wp\/v2\/berocket_brand?post=9606"}],"curies":[{"name":"wp","href":"https:\/\/api.w.org\/{rel}","templated":true}]}}