{"id":9578,"date":"2025-01-24T11:34:28","date_gmt":"2025-01-24T11:34:28","guid":{"rendered":"https:\/\/staging2.stylingagenten.com\/sv\/produkt\/diesel-bad-all-over-body-spray-200ml\/"},"modified":"2026-04-13T11:58:27","modified_gmt":"2026-04-13T11:58:27","slug":"diesel-bad-all-over-body-spray-200ml","status":"publish","type":"product","link":"https:\/\/stylingagenten.com\/sv\/produkt\/diesel-bad-all-over-body-spray-200ml\/","title":{"rendered":"Diesel Bad All Over Body Spray 200ml"},"content":{"rendered":"<p>Nu kommer Diesel BAD i ett nytt format som \u00e4r enkelt att ta med sig och som p\u00e5 ett perfekt s\u00e4tt matchar den beroendeframkallande personligheten hos m\u00e4n som b\u00e4r den. Med hj\u00e4lp av luftdriven aluminiumspray minskas milj\u00f6p\u00e5verkan i denna coola och moderna produkt.<\/p>\n<p>V\u00e5r uppfriskande BAD Body Spray har samma sensuella doftnoter som originaldoften. Sp\u00e4nnande tr\u00e4- och fruktnoter har kombinerats med heta kryddor i denna fruktiga gr\u00f6na doft. Den distinkta friskheten hos ett bergamottackord \u00f6ppnar upp f\u00f6r ett oemotst\u00e5ndligt kaviarackord.<\/p>\n<p>Diesel BAD doften f\u00f6r moderna \u00e4ventyrare: f\u00f6rf\u00f6risk, beroendeframkallande och omv\u00e4lvande. Ett livselixir f\u00f6r killar som vill leva sitt liv till fullo: Anv\u00e4nd med varsamhet.<\/p>\n<p>200 ml<\/p>\n","protected":false},"excerpt":{"rendered":"<p>Nu kommer Diesel BAD i ett nytt format som \u00e4r enkelt att ta med sig och som p\u00e5 ett perfekt s\u00e4tt matchar den beroendeframkallande personligheten hos m\u00e4n som b\u00e4r den. Med hj\u00e4lp av luftdriven aluminiumspray minskas milj\u00f6p\u00e5verkan i denna coola och moderna produkt. V\u00e5r uppfriskande BAD Body Spray har samma sensuella doftnoter som originaldoften. Sp\u00e4nnande [&hellip;]<\/p>\n","protected":false},"featured_media":9575,"comment_status":"open","ping_status":"closed","template":"","meta":{"_trash_the_other_posts":false},"product_brand":[],"product_cat":[722,735,1000],"product_tag":[],"berocket_brand":[1288],"class_list":{"0":"post-9578","1":"product","2":"type-product","3":"status-publish","4":"has-post-thumbnail","6":"product_cat-deospray-herr","7":"product_cat-kampanj","8":"product_cat-kampanj-for-honom","9":"pa_brand-diesel","10":"berocket_brand-diesel","12":"first","13":"instock","14":"sale","15":"taxable","16":"shipping-taxable","17":"purchasable","18":"product-type-simple"},"_links":{"self":[{"href":"https:\/\/stylingagenten.com\/sv\/wp-json\/wp\/v2\/product\/9578","targetHints":{"allow":["GET"]}}],"collection":[{"href":"https:\/\/stylingagenten.com\/sv\/wp-json\/wp\/v2\/product"}],"about":[{"href":"https:\/\/stylingagenten.com\/sv\/wp-json\/wp\/v2\/types\/product"}],"replies":[{"embeddable":true,"href":"https:\/\/stylingagenten.com\/sv\/wp-json\/wp\/v2\/comments?post=9578"}],"version-history":[{"count":0,"href":"https:\/\/stylingagenten.com\/sv\/wp-json\/wp\/v2\/product\/9578\/revisions"}],"wp:featuredmedia":[{"embeddable":true,"href":"https:\/\/stylingagenten.com\/sv\/wp-json\/wp\/v2\/media\/9575"}],"wp:attachment":[{"href":"https:\/\/stylingagenten.com\/sv\/wp-json\/wp\/v2\/media?parent=9578"}],"wp:term":[{"taxonomy":"product_brand","embeddable":true,"href":"https:\/\/stylingagenten.com\/sv\/wp-json\/wp\/v2\/product_brand?post=9578"},{"taxonomy":"product_cat","embeddable":true,"href":"https:\/\/stylingagenten.com\/sv\/wp-json\/wp\/v2\/product_cat?post=9578"},{"taxonomy":"product_tag","embeddable":true,"href":"https:\/\/stylingagenten.com\/sv\/wp-json\/wp\/v2\/product_tag?post=9578"},{"taxonomy":"berocket_brand","embeddable":true,"href":"https:\/\/stylingagenten.com\/sv\/wp-json\/wp\/v2\/berocket_brand?post=9578"}],"curies":[{"name":"wp","href":"https:\/\/api.w.org\/{rel}","templated":true}]}}