{"id":9571,"date":"2025-01-24T11:34:26","date_gmt":"2025-01-24T11:34:26","guid":{"rendered":"https:\/\/staging2.stylingagenten.com\/sv\/produkt\/marc-jacobs-perfect-elixir-edp-100ml\/"},"modified":"2025-11-18T16:04:49","modified_gmt":"2025-11-18T16:04:49","slug":"marc-jacobs-perfect-elixir-edp-100ml","status":"publish","type":"product","link":"https:\/\/stylingagenten.com\/sv\/produkt\/marc-jacobs-perfect-elixir-edp-100ml\/","title":{"rendered":"Marc Jacobs Perfect Elixir Edp 100ml"},"content":{"rendered":"<p>Uppt\u00e4ck v\u00e4gen till fullst\u00e4ndig sj\u00e4lvk\u00e4rlek med Marc Jacobs Perfect Elixir, en varm och genuin doft f\u00f6r alla. Kliv in i en v\u00e4rld d\u00e4r allt \u00e4r m\u00f6jligt: en plats d\u00e4r dina positiva tankar och energi g\u00f6r \u00f6nskningar till verklighet. Ett fruktigt doftackord av rabarber, en djup doftnot av gyllene b\u00e4rnstenstr\u00e4d och l\u00e4cker vaniljb\u00f6na f\u00f6renas i en rikt blommig doft som visar att du vet vem du \u00e4r och att du \u00e4lskar den personen fullt ut. Denna tolkning av Marc Jacobs Perfect-doften har en fyllighet och intensitet som s\u00e4ger att du b\u00e5de litar och tror p\u00e5 dig sj\u00e4lv.<\/p>\n<p>100ml<\/p>\n","protected":false},"excerpt":{"rendered":"<p>Uppt\u00e4ck v\u00e4gen till fullst\u00e4ndig sj\u00e4lvk\u00e4rlek med Marc Jacobs Perfect Elixir, en varm och genuin doft f\u00f6r alla. Kliv in i en v\u00e4rld d\u00e4r allt \u00e4r m\u00f6jligt: en plats d\u00e4r dina positiva tankar och energi g\u00f6r \u00f6nskningar till verklighet. Ett fruktigt doftackord av rabarber, en djup doftnot av gyllene b\u00e4rnstenstr\u00e4d och l\u00e4cker vaniljb\u00f6na f\u00f6renas i en [&hellip;]<\/p>\n","protected":false},"featured_media":9567,"comment_status":"open","ping_status":"closed","template":"","meta":{"_trash_the_other_posts":false},"product_brand":[],"product_cat":[706],"product_tag":[3497],"berocket_brand":[1069],"class_list":{"0":"post-9571","1":"product","2":"type-product","3":"status-publish","4":"has-post-thumbnail","6":"product_cat-eau-de-parfum-dam","7":"product_tag-marc-jacobs-perfect-elixir-edp","8":"pa_brand-marc-jacobs","9":"pa_variant-100ml","10":"berocket_brand-marc-jacobs","12":"first","13":"outofstock","14":"sale","15":"taxable","16":"shipping-taxable","17":"purchasable","18":"product-type-simple"},"_links":{"self":[{"href":"https:\/\/stylingagenten.com\/sv\/wp-json\/wp\/v2\/product\/9571","targetHints":{"allow":["GET"]}}],"collection":[{"href":"https:\/\/stylingagenten.com\/sv\/wp-json\/wp\/v2\/product"}],"about":[{"href":"https:\/\/stylingagenten.com\/sv\/wp-json\/wp\/v2\/types\/product"}],"replies":[{"embeddable":true,"href":"https:\/\/stylingagenten.com\/sv\/wp-json\/wp\/v2\/comments?post=9571"}],"version-history":[{"count":0,"href":"https:\/\/stylingagenten.com\/sv\/wp-json\/wp\/v2\/product\/9571\/revisions"}],"wp:featuredmedia":[{"embeddable":true,"href":"https:\/\/stylingagenten.com\/sv\/wp-json\/wp\/v2\/media\/9567"}],"wp:attachment":[{"href":"https:\/\/stylingagenten.com\/sv\/wp-json\/wp\/v2\/media?parent=9571"}],"wp:term":[{"taxonomy":"product_brand","embeddable":true,"href":"https:\/\/stylingagenten.com\/sv\/wp-json\/wp\/v2\/product_brand?post=9571"},{"taxonomy":"product_cat","embeddable":true,"href":"https:\/\/stylingagenten.com\/sv\/wp-json\/wp\/v2\/product_cat?post=9571"},{"taxonomy":"product_tag","embeddable":true,"href":"https:\/\/stylingagenten.com\/sv\/wp-json\/wp\/v2\/product_tag?post=9571"},{"taxonomy":"berocket_brand","embeddable":true,"href":"https:\/\/stylingagenten.com\/sv\/wp-json\/wp\/v2\/berocket_brand?post=9571"}],"curies":[{"name":"wp","href":"https:\/\/api.w.org\/{rel}","templated":true}]}}