{"id":9522,"date":"2025-01-24T11:34:02","date_gmt":"2025-01-24T11:34:02","guid":{"rendered":"https:\/\/staging2.stylingagenten.com\/sv\/produkt\/ref-illuminate-colour-conditioner-750ml\/"},"modified":"2025-11-18T16:05:00","modified_gmt":"2025-11-18T16:05:00","slug":"ref-illuminate-colour-conditioner-750ml","status":"publish","type":"product","link":"https:\/\/stylingagenten.com\/sv\/produkt\/ref-illuminate-colour-conditioner-750ml\/","title":{"rendered":"REF Illuminate Colour Conditioner 750ml"},"content":{"rendered":"<p>REF Illuminate Colour Conditioner \u00e4r ett balsam med botaniska extrakt som \u00e4r speciellt utvalda f\u00f6r att skydda, st\u00e4rka, ge n\u00e4ring och reda ur h\u00e5ret. Balsamet ger en viktl\u00f6s glans med vacker lyster till b\u00e5de naturligt och f\u00e4rgat h\u00e5r. \u00d6kar f\u00e4rgreflektionen och hanterbarheten. <\/p>\n<p>+ F\u00c4RGBEVARANDE<\/p>\n<p>+ ST\u00c4RKANDE QUINOA-PROTEIN<\/p>\n<p>+ ORGANISK ACAIOLJA<\/p>\n<p>Cruelty free<\/p>\n<p>100% Vegansk<\/p>\n","protected":false},"excerpt":{"rendered":"<p>REF Illuminate Colour Conditioner \u00e4r ett balsam med botaniska extrakt som \u00e4r speciellt utvalda f\u00f6r att skydda, st\u00e4rka, ge n\u00e4ring och reda ur h\u00e5ret. Balsamet ger en viktl\u00f6s glans med vacker lyster till b\u00e5de naturligt och f\u00e4rgat h\u00e5r. \u00d6kar f\u00e4rgreflektionen och hanterbarheten. + F\u00c4RGBEVARANDE + ST\u00c4RKANDE QUINOA-PROTEIN + ORGANISK ACAIOLJA Cruelty free 100% Vegansk<\/p>\n","protected":false},"featured_media":9521,"comment_status":"open","ping_status":"closed","template":"","meta":{"_trash_the_other_posts":false},"product_brand":[],"product_cat":[587],"product_tag":[4022],"berocket_brand":[1209],"class_list":{"0":"post-9522","1":"product","2":"type-product","3":"status-publish","4":"has-post-thumbnail","6":"product_cat-balsam","7":"product_tag-ref-illuminate-colour-conditioner","8":"pa_brand-ref","9":"pa_variant-750ml","10":"berocket_brand-ref","12":"first","13":"outofstock","14":"sale","15":"taxable","16":"shipping-taxable","17":"purchasable","18":"product-type-simple"},"_links":{"self":[{"href":"https:\/\/stylingagenten.com\/sv\/wp-json\/wp\/v2\/product\/9522","targetHints":{"allow":["GET"]}}],"collection":[{"href":"https:\/\/stylingagenten.com\/sv\/wp-json\/wp\/v2\/product"}],"about":[{"href":"https:\/\/stylingagenten.com\/sv\/wp-json\/wp\/v2\/types\/product"}],"replies":[{"embeddable":true,"href":"https:\/\/stylingagenten.com\/sv\/wp-json\/wp\/v2\/comments?post=9522"}],"version-history":[{"count":0,"href":"https:\/\/stylingagenten.com\/sv\/wp-json\/wp\/v2\/product\/9522\/revisions"}],"wp:featuredmedia":[{"embeddable":true,"href":"https:\/\/stylingagenten.com\/sv\/wp-json\/wp\/v2\/media\/9521"}],"wp:attachment":[{"href":"https:\/\/stylingagenten.com\/sv\/wp-json\/wp\/v2\/media?parent=9522"}],"wp:term":[{"taxonomy":"product_brand","embeddable":true,"href":"https:\/\/stylingagenten.com\/sv\/wp-json\/wp\/v2\/product_brand?post=9522"},{"taxonomy":"product_cat","embeddable":true,"href":"https:\/\/stylingagenten.com\/sv\/wp-json\/wp\/v2\/product_cat?post=9522"},{"taxonomy":"product_tag","embeddable":true,"href":"https:\/\/stylingagenten.com\/sv\/wp-json\/wp\/v2\/product_tag?post=9522"},{"taxonomy":"berocket_brand","embeddable":true,"href":"https:\/\/stylingagenten.com\/sv\/wp-json\/wp\/v2\/berocket_brand?post=9522"}],"curies":[{"name":"wp","href":"https:\/\/api.w.org\/{rel}","templated":true}]}}