{"id":64370,"date":"2025-06-12T19:05:42","date_gmt":"2025-06-12T19:05:42","guid":{"rendered":"https:\/\/staging2.stylingagenten.com\/sv\/produkt\/ref-illuminate-colour-masque-500ml\/"},"modified":"2026-03-11T22:03:18","modified_gmt":"2026-03-11T22:03:18","slug":"ref-illuminate-colour-masque-500ml","status":"publish","type":"product","link":"https:\/\/stylingagenten.com\/sv\/produkt\/ref-illuminate-colour-masque-500ml\/","title":{"rendered":"REF Illuminate Colour Masque 500ml"},"content":{"rendered":"<p>REF Illuminate Colour Masque \u00e4r en v\u00e5rdande h\u00e5rinpackning som reducerar friss, framh\u00e4ver f\u00e4rgreflexerna i h\u00e5ret och ger l\u00e5ngvarig glans. Perfekt f\u00f6r f\u00e4rgbehandlat h\u00e5r.<\/p>\n<p>500ml<\/p>\n","protected":false},"excerpt":{"rendered":"<p>REF Illuminate Colour Masque \u00e4r en v\u00e5rdande h\u00e5rinpackning som reducerar friss, framh\u00e4ver f\u00e4rgreflexerna i h\u00e5ret och ger l\u00e5ngvarig glans. Perfekt f\u00f6r f\u00e4rgbehandlat h\u00e5r. 500ml<\/p>\n","protected":false},"featured_media":64369,"comment_status":"open","ping_status":"closed","template":"","meta":{"_trash_the_other_posts":false},"product_brand":[],"product_cat":[620],"product_tag":[4023],"berocket_brand":[1209],"class_list":{"0":"post-64370","1":"product","2":"type-product","3":"status-publish","4":"has-post-thumbnail","6":"product_cat-harinpackning","7":"product_tag-ref-illuminate-colour-masque","8":"pa_brand-ref","9":"pa_variant-500ml","10":"berocket_brand-ref","12":"first","13":"instock","14":"sale","15":"taxable","16":"shipping-taxable","17":"purchasable","18":"product-type-simple"},"_links":{"self":[{"href":"https:\/\/stylingagenten.com\/sv\/wp-json\/wp\/v2\/product\/64370","targetHints":{"allow":["GET"]}}],"collection":[{"href":"https:\/\/stylingagenten.com\/sv\/wp-json\/wp\/v2\/product"}],"about":[{"href":"https:\/\/stylingagenten.com\/sv\/wp-json\/wp\/v2\/types\/product"}],"replies":[{"embeddable":true,"href":"https:\/\/stylingagenten.com\/sv\/wp-json\/wp\/v2\/comments?post=64370"}],"version-history":[{"count":0,"href":"https:\/\/stylingagenten.com\/sv\/wp-json\/wp\/v2\/product\/64370\/revisions"}],"wp:featuredmedia":[{"embeddable":true,"href":"https:\/\/stylingagenten.com\/sv\/wp-json\/wp\/v2\/media\/64369"}],"wp:attachment":[{"href":"https:\/\/stylingagenten.com\/sv\/wp-json\/wp\/v2\/media?parent=64370"}],"wp:term":[{"taxonomy":"product_brand","embeddable":true,"href":"https:\/\/stylingagenten.com\/sv\/wp-json\/wp\/v2\/product_brand?post=64370"},{"taxonomy":"product_cat","embeddable":true,"href":"https:\/\/stylingagenten.com\/sv\/wp-json\/wp\/v2\/product_cat?post=64370"},{"taxonomy":"product_tag","embeddable":true,"href":"https:\/\/stylingagenten.com\/sv\/wp-json\/wp\/v2\/product_tag?post=64370"},{"taxonomy":"berocket_brand","embeddable":true,"href":"https:\/\/stylingagenten.com\/sv\/wp-json\/wp\/v2\/berocket_brand?post=64370"}],"curies":[{"name":"wp","href":"https:\/\/api.w.org\/{rel}","templated":true}]}}