{"id":63648,"date":"2025-05-22T16:18:37","date_gmt":"2025-05-22T16:18:37","guid":{"rendered":"https:\/\/staging2.stylingagenten.com\/sv\/produkt\/salvador-dali-dali-woman-edp-100ml\/"},"modified":"2026-02-18T05:47:01","modified_gmt":"2026-02-18T05:47:01","slug":"salvador-dali-dali-woman-edp-100ml","status":"publish","type":"product","link":"https:\/\/stylingagenten.com\/sv\/produkt\/salvador-dali-dali-woman-edp-100ml\/","title":{"rendered":"Salvador Dali Dali Woman Edp 100ml"},"content":{"rendered":"<p>Missa aldrig chansen att bli kv\u00e4llens drottning med Salvador Dali Dali Edp, som \u00e4r en Eau de Parfum som inom n\u00e5gra sekunder kommer att f\u00f6rvandla dig till en str\u00e5lande varelse, vars charm f\u00f6rtrollar alla runt omkring dig.<\/p>\n<p>Toppnoter: Aldehyder, Basilika, Bergamott, Mandarin, Gr\u00f6na noter, R\u00f6da frukter<br \/>Hj\u00e4rtnoter: Apelsinblomma , Jasmin, Lilja, Narcisser, Iris, Ros, Tuberose, Liljekonvalj<br \/>Basnoter: B\u00e4rnsten, Benzoin, Sandeltr\u00e4d, Cedertr\u00e4, Mysk, Myrten, Vanilj<\/p>\n<p>100ml<\/p>\n","protected":false},"excerpt":{"rendered":"<p>Missa aldrig chansen att bli kv\u00e4llens drottning med Salvador Dali Dali Edp, som \u00e4r en Eau de Parfum som inom n\u00e5gra sekunder kommer att f\u00f6rvandla dig till en str\u00e5lande varelse, vars charm f\u00f6rtrollar alla runt omkring dig. Toppnoter: Aldehyder, Basilika, Bergamott, Mandarin, Gr\u00f6na noter, R\u00f6da frukterHj\u00e4rtnoter: Apelsinblomma , Jasmin, Lilja, Narcisser, Iris, Ros, Tuberose, LiljekonvaljBasnoter: [&hellip;]<\/p>\n","protected":false},"featured_media":63646,"comment_status":"open","ping_status":"closed","template":"","meta":{"_trash_the_other_posts":false},"product_brand":[],"product_cat":[706],"product_tag":[4122],"berocket_brand":[1192],"class_list":{"0":"post-63648","1":"product","2":"type-product","3":"status-publish","4":"has-post-thumbnail","6":"product_cat-eau-de-parfum-dam","7":"product_tag-salvador-dali-dali-woman-edp","8":"pa_brand-salvador-dali","9":"pa_variant-100ml","10":"berocket_brand-salvador-dali","12":"first","13":"outofstock","14":"sale","15":"taxable","16":"shipping-taxable","17":"purchasable","18":"product-type-simple"},"_links":{"self":[{"href":"https:\/\/stylingagenten.com\/sv\/wp-json\/wp\/v2\/product\/63648","targetHints":{"allow":["GET"]}}],"collection":[{"href":"https:\/\/stylingagenten.com\/sv\/wp-json\/wp\/v2\/product"}],"about":[{"href":"https:\/\/stylingagenten.com\/sv\/wp-json\/wp\/v2\/types\/product"}],"replies":[{"embeddable":true,"href":"https:\/\/stylingagenten.com\/sv\/wp-json\/wp\/v2\/comments?post=63648"}],"version-history":[{"count":0,"href":"https:\/\/stylingagenten.com\/sv\/wp-json\/wp\/v2\/product\/63648\/revisions"}],"wp:featuredmedia":[{"embeddable":true,"href":"https:\/\/stylingagenten.com\/sv\/wp-json\/wp\/v2\/media\/63646"}],"wp:attachment":[{"href":"https:\/\/stylingagenten.com\/sv\/wp-json\/wp\/v2\/media?parent=63648"}],"wp:term":[{"taxonomy":"product_brand","embeddable":true,"href":"https:\/\/stylingagenten.com\/sv\/wp-json\/wp\/v2\/product_brand?post=63648"},{"taxonomy":"product_cat","embeddable":true,"href":"https:\/\/stylingagenten.com\/sv\/wp-json\/wp\/v2\/product_cat?post=63648"},{"taxonomy":"product_tag","embeddable":true,"href":"https:\/\/stylingagenten.com\/sv\/wp-json\/wp\/v2\/product_tag?post=63648"},{"taxonomy":"berocket_brand","embeddable":true,"href":"https:\/\/stylingagenten.com\/sv\/wp-json\/wp\/v2\/berocket_brand?post=63648"}],"curies":[{"name":"wp","href":"https:\/\/api.w.org\/{rel}","templated":true}]}}