{"id":63372,"date":"2025-04-20T16:36:10","date_gmt":"2025-04-20T16:36:10","guid":{"rendered":"https:\/\/staging2.stylingagenten.com\/sv\/produkt\/babor-hsr-lifting-anti-wrinkle-eye-cream-30ml\/"},"modified":"2026-03-12T10:57:39","modified_gmt":"2026-03-12T10:57:39","slug":"babor-hsr-lifting-anti-wrinkle-eye-cream-30ml","status":"publish","type":"product","link":"https:\/\/stylingagenten.com\/sv\/produkt\/babor-hsr-lifting-anti-wrinkle-eye-cream-30ml\/","title":{"rendered":"BABOR HSR Lifting Anti-Wrinkle Eye Cream 30ml"},"content":{"rendered":"<div>BABOR HSR Lifting Anti-Wrinkle Eye Cream \u00e4r experten mot linjer och rynkor. Exklusiv specialv\u00e5rd f\u00f6r \u00f6gonpartiet. Effektiv mot alla typer av linjer och rynkor, s\u00e5som uttryckslinjer, kr\u00e5kf\u00f6tter och torrhetslinjer. Aktiverar uppbyggnaden av kollagenfibrer och bevarar hudens elasticitet samtidigt som den reducerar rynkor genom minskning av f\u00f6rsockring av kollagenfibrerna. Uppgraderad med en naturlig glykosid som saktar ner bildandet av nya linjer och rynkor. Ett komplex av havsvatten med mikroalger ger \u00f6gonpartiet en uppstramande effekt och \u00f6gonlocken ett lyft. P\u00e5sar och m\u00f6rka ringar under \u00f6gonen minimeras. Hela \u00f6gonpartiet f\u00e5r ett lyft och huden blir sl\u00e4tare och fastare och f\u00e5r tillbaka vitalitet.<\/p>\n<p>30ml<\/p><\/div>\n","protected":false},"excerpt":{"rendered":"<p>BABOR HSR Lifting Anti-Wrinkle Eye Cream \u00e4r experten mot linjer och rynkor. Exklusiv specialv\u00e5rd f\u00f6r \u00f6gonpartiet. Effektiv mot alla typer av linjer och rynkor, s\u00e5som uttryckslinjer, kr\u00e5kf\u00f6tter och torrhetslinjer. Aktiverar uppbyggnaden av kollagenfibrer och bevarar hudens elasticitet samtidigt som den reducerar rynkor genom minskning av f\u00f6rsockring av kollagenfibrerna. Uppgraderad med en naturlig glykosid som saktar [&hellip;]<\/p>\n","protected":false},"featured_media":63368,"comment_status":"open","ping_status":"closed","template":"","meta":{"_trash_the_other_posts":false},"product_brand":[],"product_cat":[735,999,623],"product_tag":[],"berocket_brand":[1987],"class_list":{"0":"post-63372","1":"product","2":"type-product","3":"status-publish","4":"has-post-thumbnail","6":"product_cat-kampanj","7":"product_cat-kampanj-for-henne","8":"product_cat-ogonkram","9":"pa_brand-babor","10":"berocket_brand-babor","12":"first","13":"instock","14":"sale","15":"taxable","16":"shipping-taxable","17":"purchasable","18":"product-type-simple"},"_links":{"self":[{"href":"https:\/\/stylingagenten.com\/sv\/wp-json\/wp\/v2\/product\/63372","targetHints":{"allow":["GET"]}}],"collection":[{"href":"https:\/\/stylingagenten.com\/sv\/wp-json\/wp\/v2\/product"}],"about":[{"href":"https:\/\/stylingagenten.com\/sv\/wp-json\/wp\/v2\/types\/product"}],"replies":[{"embeddable":true,"href":"https:\/\/stylingagenten.com\/sv\/wp-json\/wp\/v2\/comments?post=63372"}],"version-history":[{"count":0,"href":"https:\/\/stylingagenten.com\/sv\/wp-json\/wp\/v2\/product\/63372\/revisions"}],"wp:featuredmedia":[{"embeddable":true,"href":"https:\/\/stylingagenten.com\/sv\/wp-json\/wp\/v2\/media\/63368"}],"wp:attachment":[{"href":"https:\/\/stylingagenten.com\/sv\/wp-json\/wp\/v2\/media?parent=63372"}],"wp:term":[{"taxonomy":"product_brand","embeddable":true,"href":"https:\/\/stylingagenten.com\/sv\/wp-json\/wp\/v2\/product_brand?post=63372"},{"taxonomy":"product_cat","embeddable":true,"href":"https:\/\/stylingagenten.com\/sv\/wp-json\/wp\/v2\/product_cat?post=63372"},{"taxonomy":"product_tag","embeddable":true,"href":"https:\/\/stylingagenten.com\/sv\/wp-json\/wp\/v2\/product_tag?post=63372"},{"taxonomy":"berocket_brand","embeddable":true,"href":"https:\/\/stylingagenten.com\/sv\/wp-json\/wp\/v2\/berocket_brand?post=63372"}],"curies":[{"name":"wp","href":"https:\/\/api.w.org\/{rel}","templated":true}]}}