{"id":63302,"date":"2025-04-20T16:28:51","date_gmt":"2025-04-20T16:28:51","guid":{"rendered":"https:\/\/staging2.stylingagenten.com\/sv\/produkt\/anua-peach-77-niacin-essence-toner-250ml\/"},"modified":"2025-11-18T16:05:30","modified_gmt":"2025-11-18T16:05:30","slug":"anua-peach-77-niacin-essence-toner-250ml","status":"publish","type":"product","link":"https:\/\/stylingagenten.com\/sv\/produkt\/anua-peach-77-niacin-essence-toner-250ml\/","title":{"rendered":"Anua Peach 77% Niacin Essence Toner 250ml"},"content":{"rendered":"<p>ANUA Peach 77% Niacin Essence Toner \u00e4r ett l\u00e4tt och \u00e5terfuktande ansiktsvatten och essens som ljusar upp huden och minskar oj\u00e4mnheter.<\/p>\n<p>Detta ansiktsvatten \u00e4r en multifunktionell produkt som fungerar som b\u00e5de ansiktsvatten och essens. Denna l\u00e4tta och \u00e5terfuktande sammans\u00e4ttning \u00e4r l\u00e4mplig f\u00f6r alla hudtyper, speciellt de med en matt hudton och oj\u00e4mn hy. Ansiktsvattnet inneh\u00e5ller 77 % persikoextrakt (Prunus persica), som \u00e4r rikt p\u00e5 vitaminer, mineraler och antioxidanter. Det bidrar till att \u00e5terfukta huden, ge den lyster och minska rodnad. Niacinamid (Vitamin B3) p\u00e5 2 % g\u00f6r hyperpigmentering och m\u00f6rka fl\u00e4ckar mindre framtr\u00e4dande och j\u00e4mnar ut hudtonen, samtidigt som den bidrar till att kontrollera talgproduktionen och minimera stora porer. Hyaluronsyra h\u00e5ller huden \u00e5terfuktad och elastisk, medan Alpha Arbutin ljusar upp huden och minskar hyperpigmentering. Centella asiatica lugnar irriterad hud och st\u00e4rker hudbarri\u00e4ren.<\/p>\n<p>250ml<\/p>\n","protected":false},"excerpt":{"rendered":"<p>ANUA Peach 77% Niacin Essence Toner \u00e4r ett l\u00e4tt och \u00e5terfuktande ansiktsvatten och essens som ljusar upp huden och minskar oj\u00e4mnheter. Detta ansiktsvatten \u00e4r en multifunktionell produkt som fungerar som b\u00e5de ansiktsvatten och essens. Denna l\u00e4tta och \u00e5terfuktande sammans\u00e4ttning \u00e4r l\u00e4mplig f\u00f6r alla hudtyper, speciellt de med en matt hudton och oj\u00e4mn hy. Ansiktsvattnet inneh\u00e5ller [&hellip;]<\/p>\n","protected":false},"featured_media":63295,"comment_status":"open","ping_status":"closed","template":"","meta":{"_trash_the_other_posts":false},"product_brand":[],"product_cat":[654],"product_tag":[],"berocket_brand":[1421],"class_list":{"0":"post-63302","1":"product","2":"type-product","3":"status-publish","4":"has-post-thumbnail","6":"product_cat-toner","7":"pa_brand-anua","8":"berocket_brand-anua","10":"first","11":"instock","12":"sale","13":"taxable","14":"shipping-taxable","15":"purchasable","16":"product-type-simple"},"_links":{"self":[{"href":"https:\/\/stylingagenten.com\/sv\/wp-json\/wp\/v2\/product\/63302","targetHints":{"allow":["GET"]}}],"collection":[{"href":"https:\/\/stylingagenten.com\/sv\/wp-json\/wp\/v2\/product"}],"about":[{"href":"https:\/\/stylingagenten.com\/sv\/wp-json\/wp\/v2\/types\/product"}],"replies":[{"embeddable":true,"href":"https:\/\/stylingagenten.com\/sv\/wp-json\/wp\/v2\/comments?post=63302"}],"version-history":[{"count":0,"href":"https:\/\/stylingagenten.com\/sv\/wp-json\/wp\/v2\/product\/63302\/revisions"}],"wp:featuredmedia":[{"embeddable":true,"href":"https:\/\/stylingagenten.com\/sv\/wp-json\/wp\/v2\/media\/63295"}],"wp:attachment":[{"href":"https:\/\/stylingagenten.com\/sv\/wp-json\/wp\/v2\/media?parent=63302"}],"wp:term":[{"taxonomy":"product_brand","embeddable":true,"href":"https:\/\/stylingagenten.com\/sv\/wp-json\/wp\/v2\/product_brand?post=63302"},{"taxonomy":"product_cat","embeddable":true,"href":"https:\/\/stylingagenten.com\/sv\/wp-json\/wp\/v2\/product_cat?post=63302"},{"taxonomy":"product_tag","embeddable":true,"href":"https:\/\/stylingagenten.com\/sv\/wp-json\/wp\/v2\/product_tag?post=63302"},{"taxonomy":"berocket_brand","embeddable":true,"href":"https:\/\/stylingagenten.com\/sv\/wp-json\/wp\/v2\/berocket_brand?post=63302"}],"curies":[{"name":"wp","href":"https:\/\/api.w.org\/{rel}","templated":true}]}}