{"id":63292,"date":"2025-04-20T16:28:47","date_gmt":"2025-04-20T16:28:47","guid":{"rendered":"https:\/\/staging2.stylingagenten.com\/sv\/produkt\/anua-peach-77-niacin-conditioning-milk-150ml\/"},"modified":"2025-12-18T21:28:36","modified_gmt":"2025-12-18T21:28:36","slug":"anua-peach-77-niacin-conditioning-milk-150ml","status":"publish","type":"product","link":"https:\/\/stylingagenten.com\/sv\/produkt\/anua-peach-77-niacin-conditioning-milk-150ml\/","title":{"rendered":"Anua Peach 77% Niacin Conditioning Milk 150ml"},"content":{"rendered":"<p>Peach 77% Niacin Conditioning Milk fr\u00e5n det prisbel\u00f6nta m\u00e4rket Anua \u00e4r en st\u00e4rkande, lystergivande och djupt \u00e5terfuktande essens\/lotion f\u00f6r alla hudtyper, inklusive k\u00e4nslig hud. Den \u00e4r s\u00e4rskilt perfekt f\u00f6r dig som vill uppn\u00e5 glass skin och en persikomjuk bas f\u00f6r smink.<\/p>\n<p>Essensen inneh\u00e5ller 77% n\u00e4rande persikaextrakt, ceramider, adenosin och trippel hyaluronsyra som tillsammans st\u00e4rker hudens skyddsbarri\u00e4r mot yttre irritanter (t.ex. kyla och torr luft) samtidigt som den ger huden l\u00e5ngvarig djup \u00e5terfuktning. Peach Melting Peel\u2122-komplexet, som inneh\u00e5ller salicylsyra och fuktgivande betain, hj\u00e4lper till att exfoliera d\u00f6da hudceller som har bildats p\u00e5 hudens yta under dagen.<\/p>\n<p>Essensen \u00e4r berikad med 2% niacinamid och vitamin B12 f\u00f6r att minimera synligheten av hyperpigmentering, ljusa upp hudens helhetsintryck och ge huden en fr\u00e4sch lyster. Panthenol och mj\u00f6lksyrebakterier hj\u00e4lper till att lugna hudirritation och rodnad, vilket g\u00f6r huden lugn och balanserad. Formulan, som har en mjuk persikodoft, \u00e4r rik som en emulsion, sprids smidigt och fungerar mycket bra under smink \u2013 slutresultatet \u00e4r balanserad, persikomjuk och glasliknande hud.<\/p>\n<p>150ml<\/p>\n","protected":false},"excerpt":{"rendered":"<p>Peach 77% Niacin Conditioning Milk fr\u00e5n det prisbel\u00f6nta m\u00e4rket Anua \u00e4r en st\u00e4rkande, lystergivande och djupt \u00e5terfuktande essens\/lotion f\u00f6r alla hudtyper, inklusive k\u00e4nslig hud. Den \u00e4r s\u00e4rskilt perfekt f\u00f6r dig som vill uppn\u00e5 glass skin och en persikomjuk bas f\u00f6r smink. Essensen inneh\u00e5ller 77% n\u00e4rande persikaextrakt, ceramider, adenosin och trippel hyaluronsyra som tillsammans st\u00e4rker hudens [&hellip;]<\/p>\n","protected":false},"featured_media":63278,"comment_status":"open","ping_status":"closed","template":"","meta":{"_trash_the_other_posts":false},"product_brand":[],"product_cat":[654],"product_tag":[],"berocket_brand":[1421],"class_list":{"0":"post-63292","1":"product","2":"type-product","3":"status-publish","4":"has-post-thumbnail","6":"product_cat-toner","7":"pa_brand-anua","8":"berocket_brand-anua","10":"first","11":"instock","12":"sale","13":"taxable","14":"shipping-taxable","15":"purchasable","16":"product-type-simple"},"_links":{"self":[{"href":"https:\/\/stylingagenten.com\/sv\/wp-json\/wp\/v2\/product\/63292","targetHints":{"allow":["GET"]}}],"collection":[{"href":"https:\/\/stylingagenten.com\/sv\/wp-json\/wp\/v2\/product"}],"about":[{"href":"https:\/\/stylingagenten.com\/sv\/wp-json\/wp\/v2\/types\/product"}],"replies":[{"embeddable":true,"href":"https:\/\/stylingagenten.com\/sv\/wp-json\/wp\/v2\/comments?post=63292"}],"version-history":[{"count":0,"href":"https:\/\/stylingagenten.com\/sv\/wp-json\/wp\/v2\/product\/63292\/revisions"}],"wp:featuredmedia":[{"embeddable":true,"href":"https:\/\/stylingagenten.com\/sv\/wp-json\/wp\/v2\/media\/63278"}],"wp:attachment":[{"href":"https:\/\/stylingagenten.com\/sv\/wp-json\/wp\/v2\/media?parent=63292"}],"wp:term":[{"taxonomy":"product_brand","embeddable":true,"href":"https:\/\/stylingagenten.com\/sv\/wp-json\/wp\/v2\/product_brand?post=63292"},{"taxonomy":"product_cat","embeddable":true,"href":"https:\/\/stylingagenten.com\/sv\/wp-json\/wp\/v2\/product_cat?post=63292"},{"taxonomy":"product_tag","embeddable":true,"href":"https:\/\/stylingagenten.com\/sv\/wp-json\/wp\/v2\/product_tag?post=63292"},{"taxonomy":"berocket_brand","embeddable":true,"href":"https:\/\/stylingagenten.com\/sv\/wp-json\/wp\/v2\/berocket_brand?post=63292"}],"curies":[{"name":"wp","href":"https:\/\/api.w.org\/{rel}","templated":true}]}}