{"id":63244,"date":"2025-04-20T16:25:32","date_gmt":"2025-04-20T16:25:32","guid":{"rendered":"https:\/\/staging2.stylingagenten.com\/sv\/produkt\/nivea-sun-protect-moisture-spray-spf15-200ml\/"},"modified":"2026-03-06T16:07:28","modified_gmt":"2026-03-06T16:07:28","slug":"nivea-sun-protect-moisture-spray-spf15-200ml","status":"publish","type":"product","link":"https:\/\/stylingagenten.com\/sv\/produkt\/nivea-sun-protect-moisture-spray-spf15-200ml\/","title":{"rendered":"Nivea Sun Protect &amp; Moisture Spray SPF15 200ml"},"content":{"rendered":"<p>Nivea Sun Protect &amp; Moisture Spray SPF15 \u00e4r en solspray som ger omedelbart skydd mot UVA- och UVB-str\u00e5lar, solbr\u00e4ndhet och f\u00f6r tidigt \u00e5ldrande av huden. Den icke-feta och vattenresistenta formulan med vitamin E \u00e5terfuktar huden i 48 timmar. Denna solspray fungerar i harmoni med hudens mikrobiom, ett naturligt lager av bakterier som fungerar som hudens f\u00f6rsvarssystem. Dessutom bidrar detta NIVEA solskydd med l\u00e5ngvarig och intensiv \u00e5terfuktning. Den v\u00e5rdande formulan \u00e4r 88% biologiskt nedbrytbar. Denna solspray \u00e4r dermatologiskt testad. Flaskan \u00e4r tillverkad av 95% \u00e5tervunnet material (exklusive lock och pump). NIVEA SUN ger din hud all den v\u00e5rd den beh\u00f6ver. Genom att kombinera effektiva UV-skydd med avancerade aktiva ingredienser, skyddas din hud mot solens str\u00e5lar samtidigt som de \u00e5terfuktande och v\u00e5rdande ingredienserna verkar under hela dagen. SPF 15. <\/p>\n<p>200 ml.<\/p>\n","protected":false},"excerpt":{"rendered":"<p>Nivea Sun Protect &amp; Moisture Spray SPF15 \u00e4r en solspray som ger omedelbart skydd mot UVA- och UVB-str\u00e5lar, solbr\u00e4ndhet och f\u00f6r tidigt \u00e5ldrande av huden. Den icke-feta och vattenresistenta formulan med vitamin E \u00e5terfuktar huden i 48 timmar. Denna solspray fungerar i harmoni med hudens mikrobiom, ett naturligt lager av bakterier som fungerar som hudens [&hellip;]<\/p>\n","protected":false},"featured_media":63243,"comment_status":"open","ping_status":"closed","template":"","meta":{"_trash_the_other_posts":false},"product_brand":[],"product_cat":[573],"product_tag":[],"berocket_brand":[1245],"class_list":{"0":"post-63244","1":"product","2":"type-product","3":"status-publish","4":"has-post-thumbnail","6":"product_cat-solskydd","7":"pa_brand-nivea","8":"berocket_brand-nivea","10":"first","11":"instock","12":"sale","13":"taxable","14":"shipping-taxable","15":"purchasable","16":"product-type-simple"},"_links":{"self":[{"href":"https:\/\/stylingagenten.com\/sv\/wp-json\/wp\/v2\/product\/63244","targetHints":{"allow":["GET"]}}],"collection":[{"href":"https:\/\/stylingagenten.com\/sv\/wp-json\/wp\/v2\/product"}],"about":[{"href":"https:\/\/stylingagenten.com\/sv\/wp-json\/wp\/v2\/types\/product"}],"replies":[{"embeddable":true,"href":"https:\/\/stylingagenten.com\/sv\/wp-json\/wp\/v2\/comments?post=63244"}],"version-history":[{"count":0,"href":"https:\/\/stylingagenten.com\/sv\/wp-json\/wp\/v2\/product\/63244\/revisions"}],"wp:featuredmedia":[{"embeddable":true,"href":"https:\/\/stylingagenten.com\/sv\/wp-json\/wp\/v2\/media\/63243"}],"wp:attachment":[{"href":"https:\/\/stylingagenten.com\/sv\/wp-json\/wp\/v2\/media?parent=63244"}],"wp:term":[{"taxonomy":"product_brand","embeddable":true,"href":"https:\/\/stylingagenten.com\/sv\/wp-json\/wp\/v2\/product_brand?post=63244"},{"taxonomy":"product_cat","embeddable":true,"href":"https:\/\/stylingagenten.com\/sv\/wp-json\/wp\/v2\/product_cat?post=63244"},{"taxonomy":"product_tag","embeddable":true,"href":"https:\/\/stylingagenten.com\/sv\/wp-json\/wp\/v2\/product_tag?post=63244"},{"taxonomy":"berocket_brand","embeddable":true,"href":"https:\/\/stylingagenten.com\/sv\/wp-json\/wp\/v2\/berocket_brand?post=63244"}],"curies":[{"name":"wp","href":"https:\/\/api.w.org\/{rel}","templated":true}]}}