{"id":63241,"date":"2025-04-20T16:25:28","date_gmt":"2025-04-20T16:25:28","guid":{"rendered":"https:\/\/staging2.stylingagenten.com\/sv\/produkt\/nuxe-tanning-sun-oil-spf50-150ml\/"},"modified":"2025-12-18T21:54:34","modified_gmt":"2025-12-18T21:54:34","slug":"nuxe-tanning-sun-oil-spf50-150ml","status":"publish","type":"product","link":"https:\/\/stylingagenten.com\/sv\/produkt\/nuxe-tanning-sun-oil-spf50-150ml\/","title":{"rendered":"Nuxe Tanning Sun Oil SPF50 150ml"},"content":{"rendered":"<p>Nuxe Tanning Sun Oil SPF50 \u00e4r en sololja med h\u00f6g solfaktor. Anv\u00e4nd oljan om du vill fr\u00e4mja solbr\u00e4nnan, den kan anv\u00e4ndas b\u00e5de i ansiktet och p\u00e5 kroppen. Den absorberas snabbt av huden och g\u00f6r den silkesmjuk. Den har en mild sommardoft av apelsin, tiareblomma och vanilj. Den \u00e4r ocks\u00e5 fri fr\u00e5n b\u00e5de alkohol och parabener. Nuxe Tanning Oil kommer i en smart sprayflaska som g\u00f6r det superenkelt att applicera. F\u00f6r alla hudtyper. H\u00f6gt skydd.<\/p>\n<p>En sololja med h\u00f6g solskyddsfaktor som ger solbr\u00e4nna i ansiktet och p\u00e5 kroppen.<br \/>Absorberas snabbt i huden och l\u00e4mnar den silkeslen.<br \/>Fri fr\u00e5n alkohol och parabener.<\/p>\n<p>150ml<\/p>\n","protected":false},"excerpt":{"rendered":"<p>Nuxe Tanning Sun Oil SPF50 \u00e4r en sololja med h\u00f6g solfaktor. Anv\u00e4nd oljan om du vill fr\u00e4mja solbr\u00e4nnan, den kan anv\u00e4ndas b\u00e5de i ansiktet och p\u00e5 kroppen. Den absorberas snabbt av huden och g\u00f6r den silkesmjuk. Den har en mild sommardoft av apelsin, tiareblomma och vanilj. Den \u00e4r ocks\u00e5 fri fr\u00e5n b\u00e5de alkohol och parabener. [&hellip;]<\/p>\n","protected":false},"featured_media":63235,"comment_status":"open","ping_status":"closed","template":"","meta":{"_trash_the_other_posts":false},"product_brand":[],"product_cat":[573],"product_tag":[],"berocket_brand":[1024],"class_list":{"0":"post-63241","1":"product","2":"type-product","3":"status-publish","4":"has-post-thumbnail","6":"product_cat-solskydd","7":"pa_brand-nuxe","8":"berocket_brand-nuxe","10":"first","11":"instock","12":"sale","13":"taxable","14":"shipping-taxable","15":"purchasable","16":"product-type-simple"},"_links":{"self":[{"href":"https:\/\/stylingagenten.com\/sv\/wp-json\/wp\/v2\/product\/63241","targetHints":{"allow":["GET"]}}],"collection":[{"href":"https:\/\/stylingagenten.com\/sv\/wp-json\/wp\/v2\/product"}],"about":[{"href":"https:\/\/stylingagenten.com\/sv\/wp-json\/wp\/v2\/types\/product"}],"replies":[{"embeddable":true,"href":"https:\/\/stylingagenten.com\/sv\/wp-json\/wp\/v2\/comments?post=63241"}],"version-history":[{"count":0,"href":"https:\/\/stylingagenten.com\/sv\/wp-json\/wp\/v2\/product\/63241\/revisions"}],"wp:featuredmedia":[{"embeddable":true,"href":"https:\/\/stylingagenten.com\/sv\/wp-json\/wp\/v2\/media\/63235"}],"wp:attachment":[{"href":"https:\/\/stylingagenten.com\/sv\/wp-json\/wp\/v2\/media?parent=63241"}],"wp:term":[{"taxonomy":"product_brand","embeddable":true,"href":"https:\/\/stylingagenten.com\/sv\/wp-json\/wp\/v2\/product_brand?post=63241"},{"taxonomy":"product_cat","embeddable":true,"href":"https:\/\/stylingagenten.com\/sv\/wp-json\/wp\/v2\/product_cat?post=63241"},{"taxonomy":"product_tag","embeddable":true,"href":"https:\/\/stylingagenten.com\/sv\/wp-json\/wp\/v2\/product_tag?post=63241"},{"taxonomy":"berocket_brand","embeddable":true,"href":"https:\/\/stylingagenten.com\/sv\/wp-json\/wp\/v2\/berocket_brand?post=63241"}],"curies":[{"name":"wp","href":"https:\/\/api.w.org\/{rel}","templated":true}]}}