{"id":63212,"date":"2025-04-20T16:24:11","date_gmt":"2025-04-20T16:24:11","guid":{"rendered":"https:\/\/staging2.stylingagenten.com\/sv\/produkt\/babor-eye-heavy-make-up-remover-100ml\/"},"modified":"2026-02-24T13:36:22","modified_gmt":"2026-02-24T13:36:22","slug":"babor-eye-heavy-make-up-remover-100ml","status":"publish","type":"product","link":"https:\/\/stylingagenten.com\/sv\/produkt\/babor-eye-heavy-make-up-remover-100ml\/","title":{"rendered":"BABOR Eye &amp; Heavy Make Up Remover 100ml"},"content":{"rendered":"<p>BABOR Eye &amp; Heavy Make Up Remover \u00e4r en tv\u00e5fas-reng\u00f6ring f\u00f6r \u00f6gon och ansikte. Mild formula med utvalda oljor som grundligt tv\u00e4ttar bort vattenfast makeup men \u00e4r samtidigt skonsam mot hud och \u00f6gonfransar. Berikad med lugnande aloe vera, provitamin B5, E-vitamin och nattljusolja. Ger perfekt ren hud, \u00f6gon och l\u00e4ppar utan att l\u00e4mna kvar n\u00e5gon fet yta p\u00e5 huden.<\/p>\n<p>100ml<\/p>\n","protected":false},"excerpt":{"rendered":"<p>BABOR Eye &amp; Heavy Make Up Remover \u00e4r en tv\u00e5fas-reng\u00f6ring f\u00f6r \u00f6gon och ansikte. Mild formula med utvalda oljor som grundligt tv\u00e4ttar bort vattenfast makeup men \u00e4r samtidigt skonsam mot hud och \u00f6gonfransar. Berikad med lugnande aloe vera, provitamin B5, E-vitamin och nattljusolja. Ger perfekt ren hud, \u00f6gon och l\u00e4ppar utan att l\u00e4mna kvar n\u00e5gon [&hellip;]<\/p>\n","protected":false},"featured_media":63210,"comment_status":"open","ping_status":"closed","template":"","meta":{"_trash_the_other_posts":false},"product_brand":[],"product_cat":[735,999,653],"product_tag":[],"berocket_brand":[1987],"class_list":{"0":"post-63212","1":"product","2":"type-product","3":"status-publish","4":"has-post-thumbnail","6":"product_cat-kampanj","7":"product_cat-kampanj-for-henne","8":"product_cat-sminkborttagning-ansiktsvard","9":"pa_brand-babor","10":"berocket_brand-babor","12":"first","13":"instock","14":"sale","15":"taxable","16":"shipping-taxable","17":"purchasable","18":"product-type-simple"},"_links":{"self":[{"href":"https:\/\/stylingagenten.com\/sv\/wp-json\/wp\/v2\/product\/63212","targetHints":{"allow":["GET"]}}],"collection":[{"href":"https:\/\/stylingagenten.com\/sv\/wp-json\/wp\/v2\/product"}],"about":[{"href":"https:\/\/stylingagenten.com\/sv\/wp-json\/wp\/v2\/types\/product"}],"replies":[{"embeddable":true,"href":"https:\/\/stylingagenten.com\/sv\/wp-json\/wp\/v2\/comments?post=63212"}],"version-history":[{"count":0,"href":"https:\/\/stylingagenten.com\/sv\/wp-json\/wp\/v2\/product\/63212\/revisions"}],"wp:featuredmedia":[{"embeddable":true,"href":"https:\/\/stylingagenten.com\/sv\/wp-json\/wp\/v2\/media\/63210"}],"wp:attachment":[{"href":"https:\/\/stylingagenten.com\/sv\/wp-json\/wp\/v2\/media?parent=63212"}],"wp:term":[{"taxonomy":"product_brand","embeddable":true,"href":"https:\/\/stylingagenten.com\/sv\/wp-json\/wp\/v2\/product_brand?post=63212"},{"taxonomy":"product_cat","embeddable":true,"href":"https:\/\/stylingagenten.com\/sv\/wp-json\/wp\/v2\/product_cat?post=63212"},{"taxonomy":"product_tag","embeddable":true,"href":"https:\/\/stylingagenten.com\/sv\/wp-json\/wp\/v2\/product_tag?post=63212"},{"taxonomy":"berocket_brand","embeddable":true,"href":"https:\/\/stylingagenten.com\/sv\/wp-json\/wp\/v2\/berocket_brand?post=63212"}],"curies":[{"name":"wp","href":"https:\/\/api.w.org\/{rel}","templated":true}]}}