{"id":63185,"date":"2025-04-20T16:22:49","date_gmt":"2025-04-20T16:22:49","guid":{"rendered":"https:\/\/staging2.stylingagenten.com\/sv\/produkt\/bareminerals-luxe-performance-brush\/"},"modified":"2025-12-18T21:32:17","modified_gmt":"2025-12-18T21:32:17","slug":"bareminerals-luxe-performance-brush","status":"publish","type":"product","link":"https:\/\/stylingagenten.com\/sv\/produkt\/bareminerals-luxe-performance-brush\/","title":{"rendered":"BareMinerals Luxe Performance Brush"},"content":{"rendered":"<p>BareMinerals Luxe Performance Brush \u00e4r en borste som har t\u00e4ta syntetiska str\u00e5n och \u00e4r designad s\u00e5 att den liknar vinkeln p\u00e5 dina fingertoppar f\u00f6r att ge dig en perfekt, j\u00e4mn t\u00e4ckning. Det g\u00f6r att du enkelt kommer \u00e5t omr\u00e5den t ex runt n\u00e4san och under \u00f6gonen. Passar bra att l\u00e4gga flytande foundations med, som t ex BAREPRO\u2122 Performance Wear Liquid Foundation SPF 20.<\/p>\n<p>Ger perfekt, j\u00e4mn t\u00e4ckning.<\/p>\n","protected":false},"excerpt":{"rendered":"<p>BareMinerals Luxe Performance Brush \u00e4r en borste som har t\u00e4ta syntetiska str\u00e5n och \u00e4r designad s\u00e5 att den liknar vinkeln p\u00e5 dina fingertoppar f\u00f6r att ge dig en perfekt, j\u00e4mn t\u00e4ckning. Det g\u00f6r att du enkelt kommer \u00e5t omr\u00e5den t ex runt n\u00e4san och under \u00f6gonen. Passar bra att l\u00e4gga flytande foundations med, som t [&hellip;]<\/p>\n","protected":false},"featured_media":63180,"comment_status":"open","ping_status":"closed","template":"","meta":{"_trash_the_other_posts":false},"product_brand":[],"product_cat":[675],"product_tag":[],"berocket_brand":[1256],"class_list":{"0":"post-63185","1":"product","2":"type-product","3":"status-publish","4":"has-post-thumbnail","6":"product_cat-sminkborstar-bas","7":"pa_brand-bareminerals","8":"berocket_brand-bareminerals","10":"first","11":"instock","12":"sale","13":"taxable","14":"shipping-taxable","15":"purchasable","16":"product-type-simple"},"_links":{"self":[{"href":"https:\/\/stylingagenten.com\/sv\/wp-json\/wp\/v2\/product\/63185","targetHints":{"allow":["GET"]}}],"collection":[{"href":"https:\/\/stylingagenten.com\/sv\/wp-json\/wp\/v2\/product"}],"about":[{"href":"https:\/\/stylingagenten.com\/sv\/wp-json\/wp\/v2\/types\/product"}],"replies":[{"embeddable":true,"href":"https:\/\/stylingagenten.com\/sv\/wp-json\/wp\/v2\/comments?post=63185"}],"version-history":[{"count":0,"href":"https:\/\/stylingagenten.com\/sv\/wp-json\/wp\/v2\/product\/63185\/revisions"}],"wp:featuredmedia":[{"embeddable":true,"href":"https:\/\/stylingagenten.com\/sv\/wp-json\/wp\/v2\/media\/63180"}],"wp:attachment":[{"href":"https:\/\/stylingagenten.com\/sv\/wp-json\/wp\/v2\/media?parent=63185"}],"wp:term":[{"taxonomy":"product_brand","embeddable":true,"href":"https:\/\/stylingagenten.com\/sv\/wp-json\/wp\/v2\/product_brand?post=63185"},{"taxonomy":"product_cat","embeddable":true,"href":"https:\/\/stylingagenten.com\/sv\/wp-json\/wp\/v2\/product_cat?post=63185"},{"taxonomy":"product_tag","embeddable":true,"href":"https:\/\/stylingagenten.com\/sv\/wp-json\/wp\/v2\/product_tag?post=63185"},{"taxonomy":"berocket_brand","embeddable":true,"href":"https:\/\/stylingagenten.com\/sv\/wp-json\/wp\/v2\/berocket_brand?post=63185"}],"curies":[{"name":"wp","href":"https:\/\/api.w.org\/{rel}","templated":true}]}}