{"id":63134,"date":"2025-04-20T16:18:01","date_gmt":"2025-04-20T16:18:01","guid":{"rendered":"https:\/\/staging2.stylingagenten.com\/sv\/produkt\/anua-retinol-0-3-niacin-renewing-serum-30ml\/"},"modified":"2025-11-18T16:05:30","modified_gmt":"2025-11-18T16:05:30","slug":"anua-retinol-0-3-niacin-renewing-serum-30ml","status":"publish","type":"product","link":"https:\/\/stylingagenten.com\/sv\/produkt\/anua-retinol-0-3-niacin-renewing-serum-30ml\/","title":{"rendered":"Anua Retinol 0.3% + Niacin Renewing Serum 30ml"},"content":{"rendered":"<p>ANUA Retinol 0.3% + Niacin Renewing Serum \u00e4r ett kraftfullt lystergivande serum med retinol och niacinamid som sl\u00e4tar ut fina linjer och f\u00f6rb\u00e4ttrar hyperpigmentering samtidigt som det \u00e5terst\u00e4ller hudens elasticitet. Berikat med 8 typer av peptider f\u00f6r att f\u00f6rst\u00e4rka den \u00e5terfuktande effekten och ytterligare minska rynkor, samtidigt som det minimerar porer och stramar upp slapp hud. Serumet har en \u00e5terfuktande och lugnande formula med ingredienser som tea tree-olja, Carapa Guianensis-fr\u00f6olja och ceramid. Produkten har genomg\u00e5tt hudirritationstest och passar k\u00e4nslig hud.<\/p>\n<p>30ml<\/p>\n","protected":false},"excerpt":{"rendered":"<p>ANUA Retinol 0.3% + Niacin Renewing Serum \u00e4r ett kraftfullt lystergivande serum med retinol och niacinamid som sl\u00e4tar ut fina linjer och f\u00f6rb\u00e4ttrar hyperpigmentering samtidigt som det \u00e5terst\u00e4ller hudens elasticitet. Berikat med 8 typer av peptider f\u00f6r att f\u00f6rst\u00e4rka den \u00e5terfuktande effekten och ytterligare minska rynkor, samtidigt som det minimerar porer och stramar upp slapp [&hellip;]<\/p>\n","protected":false},"featured_media":63129,"comment_status":"open","ping_status":"closed","template":"","meta":{"_trash_the_other_posts":false},"product_brand":[],"product_cat":[614],"product_tag":[],"berocket_brand":[1421],"class_list":{"0":"post-63134","1":"product","2":"type-product","3":"status-publish","4":"has-post-thumbnail","6":"product_cat-serum","7":"pa_brand-anua","8":"berocket_brand-anua","10":"first","11":"instock","12":"sale","13":"taxable","14":"shipping-taxable","15":"purchasable","16":"product-type-simple"},"_links":{"self":[{"href":"https:\/\/stylingagenten.com\/sv\/wp-json\/wp\/v2\/product\/63134","targetHints":{"allow":["GET"]}}],"collection":[{"href":"https:\/\/stylingagenten.com\/sv\/wp-json\/wp\/v2\/product"}],"about":[{"href":"https:\/\/stylingagenten.com\/sv\/wp-json\/wp\/v2\/types\/product"}],"replies":[{"embeddable":true,"href":"https:\/\/stylingagenten.com\/sv\/wp-json\/wp\/v2\/comments?post=63134"}],"version-history":[{"count":0,"href":"https:\/\/stylingagenten.com\/sv\/wp-json\/wp\/v2\/product\/63134\/revisions"}],"wp:featuredmedia":[{"embeddable":true,"href":"https:\/\/stylingagenten.com\/sv\/wp-json\/wp\/v2\/media\/63129"}],"wp:attachment":[{"href":"https:\/\/stylingagenten.com\/sv\/wp-json\/wp\/v2\/media?parent=63134"}],"wp:term":[{"taxonomy":"product_brand","embeddable":true,"href":"https:\/\/stylingagenten.com\/sv\/wp-json\/wp\/v2\/product_brand?post=63134"},{"taxonomy":"product_cat","embeddable":true,"href":"https:\/\/stylingagenten.com\/sv\/wp-json\/wp\/v2\/product_cat?post=63134"},{"taxonomy":"product_tag","embeddable":true,"href":"https:\/\/stylingagenten.com\/sv\/wp-json\/wp\/v2\/product_tag?post=63134"},{"taxonomy":"berocket_brand","embeddable":true,"href":"https:\/\/stylingagenten.com\/sv\/wp-json\/wp\/v2\/berocket_brand?post=63134"}],"curies":[{"name":"wp","href":"https:\/\/api.w.org\/{rel}","templated":true}]}}