{"id":63123,"date":"2025-04-20T16:17:54","date_gmt":"2025-04-20T16:17:54","guid":{"rendered":"https:\/\/staging2.stylingagenten.com\/sv\/produkt\/anua-peach-70-niacin-serum-30ml\/"},"modified":"2026-03-27T17:47:25","modified_gmt":"2026-03-27T17:47:25","slug":"anua-peach-70-niacin-serum-30ml","status":"publish","type":"product","link":"https:\/\/stylingagenten.com\/sv\/produkt\/anua-peach-70-niacin-serum-30ml\/","title":{"rendered":"Anua Peach 70% Niacin Serum 30ml"},"content":{"rendered":"<div>Peach 70% Niacin Serum fr\u00e5n det prisbel\u00f6nta m\u00e4rket Anua \u00e4r ett lystergivande och utj\u00e4mnande serum f\u00f6r alla hudtyper, s\u00e4rskilt f\u00f6r tr\u00f6tt hud med hyperpigmentering. Perfekt f\u00f6r dig som vill ha glass-skin effekt och en persikolen bas f\u00f6r sminket. Serumet inneh\u00e5ller 70 % n\u00e4rande persikoextrakt, ceramider, trippel hyaluronsyra, aminosyror och super\u00e5terfuktande Pink Yeast-extrakt (som trivs \u00e4ven i \u00f6knens torka!) \u2013 dessa ingredienser st\u00e4rker hudens skyddsbarri\u00e4r mot yttre faktorer (som kyla och torr luft) och ger l\u00e5ngvarig djup \u00e5terfuktning och en stark fuktbarri\u00e4r. Serumet \u00e4r berikat med 5 % niacinamid, alfa-arbutin, gurkmejaextrakt, vitamin B12 och en touch av ren vitamin C f\u00f6r att bleka m\u00f6rka fl\u00e4ckar och hyperpigmentering, ge en ljusare hudton och en str\u00e5lande lyster. Dessutom inneh\u00e5ller The Peach Melting Peel\u2122-komplexet salicylsyra och \u00e5terfuktande betain som hj\u00e4lper till att reng\u00f6ra porerna och avl\u00e4gsna d\u00f6da hudceller som samlats p\u00e5 huden under dagen. Panthenol, Centella Asiatica-extrakt och mj\u00f6lksyrabakterier lugnar rodnad och skapar en lugn och balanserad bas f\u00f6r andra hudv\u00e5rdsprodukter. Det persikodoftande serumet har en fyllig och tjock konsistens, appliceras smidigt och fungerar bra under smink \u2013 huden blir vackert glowy och \u00e5terfuktad.<\/p>\n<p>30ml<\/p><\/div>\n","protected":false},"excerpt":{"rendered":"<p>Peach 70% Niacin Serum fr\u00e5n det prisbel\u00f6nta m\u00e4rket Anua \u00e4r ett lystergivande och utj\u00e4mnande serum f\u00f6r alla hudtyper, s\u00e4rskilt f\u00f6r tr\u00f6tt hud med hyperpigmentering. Perfekt f\u00f6r dig som vill ha glass-skin effekt och en persikolen bas f\u00f6r sminket. Serumet inneh\u00e5ller 70 % n\u00e4rande persikoextrakt, ceramider, trippel hyaluronsyra, aminosyror och super\u00e5terfuktande Pink Yeast-extrakt (som trivs \u00e4ven [&hellip;]<\/p>\n","protected":false},"featured_media":63113,"comment_status":"open","ping_status":"closed","template":"","meta":{"_trash_the_other_posts":false},"product_brand":[],"product_cat":[614],"product_tag":[],"berocket_brand":[1421],"class_list":{"0":"post-63123","1":"product","2":"type-product","3":"status-publish","4":"has-post-thumbnail","6":"product_cat-serum","7":"pa_brand-anua","8":"berocket_brand-anua","10":"first","11":"instock","12":"sale","13":"taxable","14":"shipping-taxable","15":"purchasable","16":"product-type-simple"},"_links":{"self":[{"href":"https:\/\/stylingagenten.com\/sv\/wp-json\/wp\/v2\/product\/63123","targetHints":{"allow":["GET"]}}],"collection":[{"href":"https:\/\/stylingagenten.com\/sv\/wp-json\/wp\/v2\/product"}],"about":[{"href":"https:\/\/stylingagenten.com\/sv\/wp-json\/wp\/v2\/types\/product"}],"replies":[{"embeddable":true,"href":"https:\/\/stylingagenten.com\/sv\/wp-json\/wp\/v2\/comments?post=63123"}],"version-history":[{"count":0,"href":"https:\/\/stylingagenten.com\/sv\/wp-json\/wp\/v2\/product\/63123\/revisions"}],"wp:featuredmedia":[{"embeddable":true,"href":"https:\/\/stylingagenten.com\/sv\/wp-json\/wp\/v2\/media\/63113"}],"wp:attachment":[{"href":"https:\/\/stylingagenten.com\/sv\/wp-json\/wp\/v2\/media?parent=63123"}],"wp:term":[{"taxonomy":"product_brand","embeddable":true,"href":"https:\/\/stylingagenten.com\/sv\/wp-json\/wp\/v2\/product_brand?post=63123"},{"taxonomy":"product_cat","embeddable":true,"href":"https:\/\/stylingagenten.com\/sv\/wp-json\/wp\/v2\/product_cat?post=63123"},{"taxonomy":"product_tag","embeddable":true,"href":"https:\/\/stylingagenten.com\/sv\/wp-json\/wp\/v2\/product_tag?post=63123"},{"taxonomy":"berocket_brand","embeddable":true,"href":"https:\/\/stylingagenten.com\/sv\/wp-json\/wp\/v2\/berocket_brand?post=63123"}],"curies":[{"name":"wp","href":"https:\/\/api.w.org\/{rel}","templated":true}]}}