{"id":63099,"date":"2025-04-20T16:17:49","date_gmt":"2025-04-20T16:17:49","guid":{"rendered":"https:\/\/staging2.stylingagenten.com\/sv\/produkt\/skin1004-madagascar-centella-ampoule-30ml\/"},"modified":"2026-03-06T14:37:49","modified_gmt":"2026-03-06T14:37:49","slug":"skin1004-madagascar-centella-ampoule-30ml","status":"publish","type":"product","link":"https:\/\/stylingagenten.com\/sv\/produkt\/skin1004-madagascar-centella-ampoule-30ml\/","title":{"rendered":"SKIN1004 Madagascar Centella Ampoule 30ml"},"content":{"rendered":"<p>SKIN1004 Madagascar Centella Ampoule \u00e4r ett effektivt serum f\u00f6r behandling av f\u00f6rsvagad och irriterad hudbarri\u00e4r. Detta serum fr\u00e5n SKIN1004 har utvecklats f\u00f6r att bygga upp en starkare hudbarri\u00e4r och hj\u00e4lper till att reglera din huds olje\/vattenbalans, s\u00e5 att du uppn\u00e5r en mer optimal fuktniv\u00e5 som varken \u00e4r f\u00f6r fet eller f\u00f6r torr.<\/p>\n<p>Madagascar Centella Ampoule \u00e4r baserad p\u00e5 Centella Asiatica-extrakt fr\u00e5n Madagaskar, som \u00e5terfuktar, v\u00e5rdar och st\u00e4rker din hudbarri\u00e4r, vilket ger din hud en h\u00e4lsosam lyster. Centella Asiatica \u00e4r en asiatisk \u00f6rt k\u00e4nd f\u00f6r sina lugnande, v\u00e5rdande och antiinflammatoriska egenskaper p\u00e5 huden.<\/p>\n<p>Serumet kan anv\u00e4ndas p\u00e5 alla hudtyper och hudtillst\u00e5nd som vill behandla en f\u00f6rsvagad och irriterad hudbarri\u00e4r.<\/p>\n<p>30ml<\/p>\n","protected":false},"excerpt":{"rendered":"<p>SKIN1004 Madagascar Centella Ampoule \u00e4r ett effektivt serum f\u00f6r behandling av f\u00f6rsvagad och irriterad hudbarri\u00e4r. Detta serum fr\u00e5n SKIN1004 har utvecklats f\u00f6r att bygga upp en starkare hudbarri\u00e4r och hj\u00e4lper till att reglera din huds olje\/vattenbalans, s\u00e5 att du uppn\u00e5r en mer optimal fuktniv\u00e5 som varken \u00e4r f\u00f6r fet eller f\u00f6r torr. Madagascar Centella Ampoule [&hellip;]<\/p>\n","protected":false},"featured_media":63084,"comment_status":"open","ping_status":"closed","template":"","meta":{"_trash_the_other_posts":false},"product_brand":[],"product_cat":[614],"product_tag":[4162],"berocket_brand":[1422],"class_list":{"0":"post-63099","1":"product","2":"type-product","3":"status-publish","4":"has-post-thumbnail","6":"product_cat-serum","7":"product_tag-skin1004-madagascar-centella-ampoule","8":"pa_brand-skin1004","9":"pa_variant-30ml","10":"berocket_brand-skin1004","12":"first","13":"outofstock","14":"sale","15":"taxable","16":"shipping-taxable","17":"purchasable","18":"product-type-simple"},"_links":{"self":[{"href":"https:\/\/stylingagenten.com\/sv\/wp-json\/wp\/v2\/product\/63099","targetHints":{"allow":["GET"]}}],"collection":[{"href":"https:\/\/stylingagenten.com\/sv\/wp-json\/wp\/v2\/product"}],"about":[{"href":"https:\/\/stylingagenten.com\/sv\/wp-json\/wp\/v2\/types\/product"}],"replies":[{"embeddable":true,"href":"https:\/\/stylingagenten.com\/sv\/wp-json\/wp\/v2\/comments?post=63099"}],"version-history":[{"count":0,"href":"https:\/\/stylingagenten.com\/sv\/wp-json\/wp\/v2\/product\/63099\/revisions"}],"wp:featuredmedia":[{"embeddable":true,"href":"https:\/\/stylingagenten.com\/sv\/wp-json\/wp\/v2\/media\/63084"}],"wp:attachment":[{"href":"https:\/\/stylingagenten.com\/sv\/wp-json\/wp\/v2\/media?parent=63099"}],"wp:term":[{"taxonomy":"product_brand","embeddable":true,"href":"https:\/\/stylingagenten.com\/sv\/wp-json\/wp\/v2\/product_brand?post=63099"},{"taxonomy":"product_cat","embeddable":true,"href":"https:\/\/stylingagenten.com\/sv\/wp-json\/wp\/v2\/product_cat?post=63099"},{"taxonomy":"product_tag","embeddable":true,"href":"https:\/\/stylingagenten.com\/sv\/wp-json\/wp\/v2\/product_tag?post=63099"},{"taxonomy":"berocket_brand","embeddable":true,"href":"https:\/\/stylingagenten.com\/sv\/wp-json\/wp\/v2\/berocket_brand?post=63099"}],"curies":[{"name":"wp","href":"https:\/\/api.w.org\/{rel}","templated":true}]}}