{"id":63091,"date":"2025-04-20T16:17:48","date_gmt":"2025-04-20T16:17:48","guid":{"rendered":"https:\/\/staging2.stylingagenten.com\/sv\/produkt\/babor-ampoule-concentrates-lift-express-7x2ml\/"},"modified":"2026-03-26T20:58:24","modified_gmt":"2026-03-26T20:58:24","slug":"babor-ampoule-concentrates-lift-express-7x2ml","status":"publish","type":"product","link":"https:\/\/stylingagenten.com\/sv\/produkt\/babor-ampoule-concentrates-lift-express-7x2ml\/","title":{"rendered":"BABOR Ampoule Concentrates Lift Express 7x2ml"},"content":{"rendered":"<p>BABOR Ampoule Concentrates Lift Express Ampuller \u00e4r exklusiv hudv\u00e5rd i sin mest koncentrerande form &#8211; hj\u00e4rtat av BABORs hudv\u00e5rdsritualer hemma och i behandling. Eng\u00e5ngsdoser fullsp\u00e4ckade med sm\u00e5molekyl\u00e4ra ingredienser, f\u00f6rpackade i 2 ml sterila glasampuller. Hygieniskt och v\u00e4lbevarade ingredienser som ger aktiv hudv\u00e5rd som n\u00e5r djupare \u00e4n ett serum.<\/p>\n<p>3D Firming \u00e4r en eng\u00e5ngsdos av aktivt koncentrat &#8211; mer aktivt \u00e4n ett serum. \u00d6verl\u00e4gsen mot synliga tecken p\u00e5 hud\u00e5ldrande! 3D firming arbetar utsl\u00e4tande, f\u00f6rb\u00e4ttrar elasticiteten och st\u00e4rker ansiktets konturer. Allt f\u00f6r att ge ett lyft med fastare konturer, st\u00e4rkt k\u00e4klinje och sp\u00e4nstigare hud. Inneh\u00e5ller extrakt fr\u00e5n gul vallmo som st\u00e4rker och formar ansiktets konturer och \u00e5terfuktande hyaluronsyra.<\/p>\n<p>-Fastare ansiktskontur och st\u00e4rkt k\u00e4klinje<br \/>-Utsl\u00e4tande effekt<br \/>-\u00d6kad sp\u00e4nst<\/p>\n<p>7x2ml<\/p>\n","protected":false},"excerpt":{"rendered":"<p>BABOR Ampoule Concentrates Lift Express Ampuller \u00e4r exklusiv hudv\u00e5rd i sin mest koncentrerande form &#8211; hj\u00e4rtat av BABORs hudv\u00e5rdsritualer hemma och i behandling. Eng\u00e5ngsdoser fullsp\u00e4ckade med sm\u00e5molekyl\u00e4ra ingredienser, f\u00f6rpackade i 2 ml sterila glasampuller. Hygieniskt och v\u00e4lbevarade ingredienser som ger aktiv hudv\u00e5rd som n\u00e5r djupare \u00e4n ett serum. 3D Firming \u00e4r en eng\u00e5ngsdos av aktivt [&hellip;]<\/p>\n","protected":false},"featured_media":63081,"comment_status":"open","ping_status":"closed","template":"","meta":{"_trash_the_other_posts":false},"product_brand":[],"product_cat":[735,999,614],"product_tag":[],"berocket_brand":[1987],"class_list":{"0":"post-63091","1":"product","2":"type-product","3":"status-publish","4":"has-post-thumbnail","6":"product_cat-kampanj","7":"product_cat-kampanj-for-henne","8":"product_cat-serum","9":"pa_brand-babor","10":"berocket_brand-babor","12":"first","13":"instock","14":"sale","15":"taxable","16":"shipping-taxable","17":"purchasable","18":"product-type-simple"},"_links":{"self":[{"href":"https:\/\/stylingagenten.com\/sv\/wp-json\/wp\/v2\/product\/63091","targetHints":{"allow":["GET"]}}],"collection":[{"href":"https:\/\/stylingagenten.com\/sv\/wp-json\/wp\/v2\/product"}],"about":[{"href":"https:\/\/stylingagenten.com\/sv\/wp-json\/wp\/v2\/types\/product"}],"replies":[{"embeddable":true,"href":"https:\/\/stylingagenten.com\/sv\/wp-json\/wp\/v2\/comments?post=63091"}],"version-history":[{"count":0,"href":"https:\/\/stylingagenten.com\/sv\/wp-json\/wp\/v2\/product\/63091\/revisions"}],"wp:featuredmedia":[{"embeddable":true,"href":"https:\/\/stylingagenten.com\/sv\/wp-json\/wp\/v2\/media\/63081"}],"wp:attachment":[{"href":"https:\/\/stylingagenten.com\/sv\/wp-json\/wp\/v2\/media?parent=63091"}],"wp:term":[{"taxonomy":"product_brand","embeddable":true,"href":"https:\/\/stylingagenten.com\/sv\/wp-json\/wp\/v2\/product_brand?post=63091"},{"taxonomy":"product_cat","embeddable":true,"href":"https:\/\/stylingagenten.com\/sv\/wp-json\/wp\/v2\/product_cat?post=63091"},{"taxonomy":"product_tag","embeddable":true,"href":"https:\/\/stylingagenten.com\/sv\/wp-json\/wp\/v2\/product_tag?post=63091"},{"taxonomy":"berocket_brand","embeddable":true,"href":"https:\/\/stylingagenten.com\/sv\/wp-json\/wp\/v2\/berocket_brand?post=63091"}],"curies":[{"name":"wp","href":"https:\/\/api.w.org\/{rel}","templated":true}]}}