{"id":62975,"date":"2025-04-20T16:11:55","date_gmt":"2025-04-20T16:11:55","guid":{"rendered":"https:\/\/staging2.stylingagenten.com\/sv\/produkt\/system-professional-hydrate-shampoo-250ml\/"},"modified":"2026-03-11T21:59:01","modified_gmt":"2026-03-11T21:59:01","slug":"system-professional-hydrate-shampoo-250ml","status":"publish","type":"product","link":"https:\/\/stylingagenten.com\/sv\/produkt\/system-professional-hydrate-shampoo-250ml\/","title":{"rendered":"System Professional Hydrate Shampoo 250ml"},"content":{"rendered":"<p>System Professional Hydrate Shampoo \u00e4r ett l\u00e4tt och skonsamt schampo f\u00f6r torrt h\u00e5r. Professionell reng\u00f6ring med en formula som fr\u00e4mjar l\u00e5ngvarig \u00e5terfuktning. Den skonsamma formulan reglerar fuktbalansen och motverkar uttorkning. Hydrate Shampoo g\u00f6r h\u00e5ret mjukt, lent och v\u00e5rdat. <\/p>\n<p>Hydrate Line \u00e4r utformad f\u00f6r att \u00e5terst\u00e4lla fuktbalansen i torrt h\u00e5r p\u00e5 djupet. Den h\u00e4r serien inneh\u00e5ller l\u00e4tta formulas som berikar h\u00e5ret och skyddar det mot uttorkning. Serien inneh\u00e5ller \u00e5terfuktande och n\u00e4rande ingredienser som glycerin, DL-panthenol, glukos och fruktos. Den \u00e5terfuktar h\u00e5ret inifr\u00e5n och skyddar mot yttre uttorkningsfaktorer. <\/p>\n<p>250ml<\/p>\n","protected":false},"excerpt":{"rendered":"<p>System Professional Hydrate Shampoo \u00e4r ett l\u00e4tt och skonsamt schampo f\u00f6r torrt h\u00e5r. Professionell reng\u00f6ring med en formula som fr\u00e4mjar l\u00e5ngvarig \u00e5terfuktning. Den skonsamma formulan reglerar fuktbalansen och motverkar uttorkning. Hydrate Shampoo g\u00f6r h\u00e5ret mjukt, lent och v\u00e5rdat. Hydrate Line \u00e4r utformad f\u00f6r att \u00e5terst\u00e4lla fuktbalansen i torrt h\u00e5r p\u00e5 djupet. Den h\u00e4r serien inneh\u00e5ller [&hellip;]<\/p>\n","protected":false},"featured_media":62956,"comment_status":"open","ping_status":"closed","template":"","meta":{"_trash_the_other_posts":false},"product_brand":[],"product_cat":[563],"product_tag":[],"berocket_brand":[1995],"class_list":{"0":"post-62975","1":"product","2":"type-product","3":"status-publish","4":"has-post-thumbnail","6":"product_cat-schampo","7":"pa_brand-system-professional","8":"berocket_brand-system-professional","10":"first","11":"instock","12":"sale","13":"taxable","14":"shipping-taxable","15":"purchasable","16":"product-type-simple"},"_links":{"self":[{"href":"https:\/\/stylingagenten.com\/sv\/wp-json\/wp\/v2\/product\/62975","targetHints":{"allow":["GET"]}}],"collection":[{"href":"https:\/\/stylingagenten.com\/sv\/wp-json\/wp\/v2\/product"}],"about":[{"href":"https:\/\/stylingagenten.com\/sv\/wp-json\/wp\/v2\/types\/product"}],"replies":[{"embeddable":true,"href":"https:\/\/stylingagenten.com\/sv\/wp-json\/wp\/v2\/comments?post=62975"}],"version-history":[{"count":0,"href":"https:\/\/stylingagenten.com\/sv\/wp-json\/wp\/v2\/product\/62975\/revisions"}],"wp:featuredmedia":[{"embeddable":true,"href":"https:\/\/stylingagenten.com\/sv\/wp-json\/wp\/v2\/media\/62956"}],"wp:attachment":[{"href":"https:\/\/stylingagenten.com\/sv\/wp-json\/wp\/v2\/media?parent=62975"}],"wp:term":[{"taxonomy":"product_brand","embeddable":true,"href":"https:\/\/stylingagenten.com\/sv\/wp-json\/wp\/v2\/product_brand?post=62975"},{"taxonomy":"product_cat","embeddable":true,"href":"https:\/\/stylingagenten.com\/sv\/wp-json\/wp\/v2\/product_cat?post=62975"},{"taxonomy":"product_tag","embeddable":true,"href":"https:\/\/stylingagenten.com\/sv\/wp-json\/wp\/v2\/product_tag?post=62975"},{"taxonomy":"berocket_brand","embeddable":true,"href":"https:\/\/stylingagenten.com\/sv\/wp-json\/wp\/v2\/berocket_brand?post=62975"}],"curies":[{"name":"wp","href":"https:\/\/api.w.org\/{rel}","templated":true}]}}