{"id":62943,"date":"2025-04-20T16:11:50","date_gmt":"2025-04-20T16:11:50","guid":{"rendered":"https:\/\/staging2.stylingagenten.com\/sv\/produkt\/maria-nila-coils-curls-co-wash-1000ml\/"},"modified":"2026-03-12T19:47:27","modified_gmt":"2026-03-12T19:47:27","slug":"maria-nila-coils-curls-co-wash-1000ml","status":"publish","type":"product","link":"https:\/\/stylingagenten.com\/sv\/produkt\/maria-nila-coils-curls-co-wash-1000ml\/","title":{"rendered":"Maria Nila Coils &amp; Curls Co-Wash 1000ml"},"content":{"rendered":"<p>Maria Nila Coils &amp; Curls Co-Wash \u00e4r ett \u00e5terfuktande och utredande schampo och balsam i ett, framtagen f\u00f6r alla typer av lockigt h\u00e5r. Den skonsamma Co-Wash inneh\u00e5ller Sheasm\u00f6r, Jojobaolja, Aloe Vera och Vitamin E som v\u00e5rdar b\u00e5de ditt h\u00e5r och h\u00e5rbotten f\u00f6r att reng\u00f6ra och ge h\u00e5ret en mjuk k\u00e4nsla.<\/p>\n<p>&#8211; Passar alla typer av v\u00e5gigt och lockigt h\u00e5r<br \/>\n<br \/>&#8211; Reng\u00f6r skonsamt<br \/>\n<br \/>&#8211; \u00c5terfuktande &amp; utredande<br \/>\n<br \/>&#8211; 100% veganskt<br \/>\n<br \/>&#8211; CO2-kompenserad f\u00f6rpackning<\/p>\n<p>1000ml<\/p>\n","protected":false},"excerpt":{"rendered":"<p>Maria Nila Coils &amp; Curls Co-Wash \u00e4r ett \u00e5terfuktande och utredande schampo och balsam i ett, framtagen f\u00f6r alla typer av lockigt h\u00e5r. Den skonsamma Co-Wash inneh\u00e5ller Sheasm\u00f6r, Jojobaolja, Aloe Vera och Vitamin E som v\u00e5rdar b\u00e5de ditt h\u00e5r och h\u00e5rbotten f\u00f6r att reng\u00f6ra och ge h\u00e5ret en mjuk k\u00e4nsla. &#8211; Passar alla typer av [&hellip;]<\/p>\n","protected":false},"featured_media":62939,"comment_status":"open","ping_status":"closed","template":"","meta":{"_trash_the_other_posts":false},"product_brand":[],"product_cat":[563],"product_tag":[],"berocket_brand":[1388],"class_list":{"0":"post-62943","1":"product","2":"type-product","3":"status-publish","4":"has-post-thumbnail","6":"product_cat-schampo","7":"pa_brand-maria-nila","8":"berocket_brand-maria-nila","10":"first","11":"instock","12":"taxable","13":"shipping-taxable","14":"purchasable","15":"product-type-simple"},"_links":{"self":[{"href":"https:\/\/stylingagenten.com\/sv\/wp-json\/wp\/v2\/product\/62943","targetHints":{"allow":["GET"]}}],"collection":[{"href":"https:\/\/stylingagenten.com\/sv\/wp-json\/wp\/v2\/product"}],"about":[{"href":"https:\/\/stylingagenten.com\/sv\/wp-json\/wp\/v2\/types\/product"}],"replies":[{"embeddable":true,"href":"https:\/\/stylingagenten.com\/sv\/wp-json\/wp\/v2\/comments?post=62943"}],"version-history":[{"count":0,"href":"https:\/\/stylingagenten.com\/sv\/wp-json\/wp\/v2\/product\/62943\/revisions"}],"wp:featuredmedia":[{"embeddable":true,"href":"https:\/\/stylingagenten.com\/sv\/wp-json\/wp\/v2\/media\/62939"}],"wp:attachment":[{"href":"https:\/\/stylingagenten.com\/sv\/wp-json\/wp\/v2\/media?parent=62943"}],"wp:term":[{"taxonomy":"product_brand","embeddable":true,"href":"https:\/\/stylingagenten.com\/sv\/wp-json\/wp\/v2\/product_brand?post=62943"},{"taxonomy":"product_cat","embeddable":true,"href":"https:\/\/stylingagenten.com\/sv\/wp-json\/wp\/v2\/product_cat?post=62943"},{"taxonomy":"product_tag","embeddable":true,"href":"https:\/\/stylingagenten.com\/sv\/wp-json\/wp\/v2\/product_tag?post=62943"},{"taxonomy":"berocket_brand","embeddable":true,"href":"https:\/\/stylingagenten.com\/sv\/wp-json\/wp\/v2\/berocket_brand?post=62943"}],"curies":[{"name":"wp","href":"https:\/\/api.w.org\/{rel}","templated":true}]}}