{"id":62912,"date":"2025-04-20T16:11:46","date_gmt":"2025-04-20T16:11:46","guid":{"rendered":"https:\/\/staging2.stylingagenten.com\/sv\/produkt\/system-professional-smoothen-shampoo-250ml\/"},"modified":"2026-03-11T21:57:57","modified_gmt":"2026-03-11T21:57:57","slug":"system-professional-smoothen-shampoo-250ml","status":"publish","type":"product","link":"https:\/\/stylingagenten.com\/sv\/produkt\/system-professional-smoothen-shampoo-250ml\/","title":{"rendered":"System Professional Smoothen Shampoo 250ml"},"content":{"rendered":"<p>System Professional Smoothen Shampoo \u00e4r ett utsl\u00e4tande och mjukg\u00f6rande schampo f\u00f6r ostyrigt h\u00e5r. Det reng\u00f6r skonsamt och \u00e4r s\u00e4rskilt utformat f\u00f6r att reda ut och mjuka upp rebelliskt, lockigt eller oregerligt h\u00e5r. <\/p>\n<p>Passar utm\u00e4rkt f\u00f6r:<br \/>Grovt h\u00e5r som k\u00e4nns torrt eller sv\u00e5rt att hantera<br \/>Lockigt h\u00e5r som beh\u00f6ver kontroll och elasticitet<br \/>Frissigt h\u00e5r som p\u00e5verkas av h\u00f6g luftfuktighet<br \/>Smoothen-serien ger n\u00e4ring, balanserar h\u00e5rets hydrolipidprofil och skyddar mot uttorkning.<\/p>\n<p>250ml<\/p>\n","protected":false},"excerpt":{"rendered":"<p>System Professional Smoothen Shampoo \u00e4r ett utsl\u00e4tande och mjukg\u00f6rande schampo f\u00f6r ostyrigt h\u00e5r. Det reng\u00f6r skonsamt och \u00e4r s\u00e4rskilt utformat f\u00f6r att reda ut och mjuka upp rebelliskt, lockigt eller oregerligt h\u00e5r. Passar utm\u00e4rkt f\u00f6r:Grovt h\u00e5r som k\u00e4nns torrt eller sv\u00e5rt att hanteraLockigt h\u00e5r som beh\u00f6ver kontroll och elasticitetFrissigt h\u00e5r som p\u00e5verkas av h\u00f6g luftfuktighetSmoothen-serien [&hellip;]<\/p>\n","protected":false},"featured_media":62892,"comment_status":"open","ping_status":"closed","template":"","meta":{"_trash_the_other_posts":false},"product_brand":[],"product_cat":[563],"product_tag":[],"berocket_brand":[1995],"class_list":{"0":"post-62912","1":"product","2":"type-product","3":"status-publish","4":"has-post-thumbnail","6":"product_cat-schampo","7":"pa_brand-system-professional","8":"berocket_brand-system-professional","10":"first","11":"instock","12":"sale","13":"taxable","14":"shipping-taxable","15":"purchasable","16":"product-type-simple"},"_links":{"self":[{"href":"https:\/\/stylingagenten.com\/sv\/wp-json\/wp\/v2\/product\/62912","targetHints":{"allow":["GET"]}}],"collection":[{"href":"https:\/\/stylingagenten.com\/sv\/wp-json\/wp\/v2\/product"}],"about":[{"href":"https:\/\/stylingagenten.com\/sv\/wp-json\/wp\/v2\/types\/product"}],"replies":[{"embeddable":true,"href":"https:\/\/stylingagenten.com\/sv\/wp-json\/wp\/v2\/comments?post=62912"}],"version-history":[{"count":0,"href":"https:\/\/stylingagenten.com\/sv\/wp-json\/wp\/v2\/product\/62912\/revisions"}],"wp:featuredmedia":[{"embeddable":true,"href":"https:\/\/stylingagenten.com\/sv\/wp-json\/wp\/v2\/media\/62892"}],"wp:attachment":[{"href":"https:\/\/stylingagenten.com\/sv\/wp-json\/wp\/v2\/media?parent=62912"}],"wp:term":[{"taxonomy":"product_brand","embeddable":true,"href":"https:\/\/stylingagenten.com\/sv\/wp-json\/wp\/v2\/product_brand?post=62912"},{"taxonomy":"product_cat","embeddable":true,"href":"https:\/\/stylingagenten.com\/sv\/wp-json\/wp\/v2\/product_cat?post=62912"},{"taxonomy":"product_tag","embeddable":true,"href":"https:\/\/stylingagenten.com\/sv\/wp-json\/wp\/v2\/product_tag?post=62912"},{"taxonomy":"berocket_brand","embeddable":true,"href":"https:\/\/stylingagenten.com\/sv\/wp-json\/wp\/v2\/berocket_brand?post=62912"}],"curies":[{"name":"wp","href":"https:\/\/api.w.org\/{rel}","templated":true}]}}