{"id":62868,"date":"2025-04-20T16:11:40","date_gmt":"2025-04-20T16:11:40","guid":{"rendered":"https:\/\/staging2.stylingagenten.com\/sv\/produkt\/wella-professionals-invigo-blonde-recharge-cool-blonde-shampoo-300ml\/"},"modified":"2026-03-11T21:47:31","modified_gmt":"2026-03-11T21:47:31","slug":"wella-professionals-invigo-blonde-recharge-cool-blonde-shampoo-300ml","status":"publish","type":"product","link":"https:\/\/stylingagenten.com\/sv\/produkt\/wella-professionals-invigo-blonde-recharge-cool-blonde-shampoo-300ml\/","title":{"rendered":"Wella Professionals Invigo Blonde Recharge Cool Blonde Shampoo 300ml"},"content":{"rendered":"<p>Wella Professionals Invigo Blonde Recharge Cool Blonde Shampoo \u00e4r ett lila schampo f\u00f6r h\u00e5r med blonda toner. Detta schampo \u00e4r det perfekta valet f\u00f6r att f\u00f6rhindra gula toner och eliminera eventuell gulaktighet i naturligt eller f\u00e4rgat blont h\u00e5r. De n\u00e4rande ingredienserna i detta schampo \u00e5terfuktar h\u00e5ret och g\u00f6r det mjukt och lent. Cool Blonde Color Refreshing Shampoo f\u00f6rnyar och bevarar f\u00e4rgen och livfullheten i naturliga eller slingade blonda nyanser. F\u00f6r b\u00e4sta resultat, f\u00f6lj upp med Wella Professionals Invigo Blonde Recharge Cool Blonde Conditioner. Din rutin f\u00f6r att neutralisera m\u00e4ssing f\u00f6r slingat, svalt blont eller silverf\u00e4rgat h\u00e5r.<\/p>\n<p>300ml<\/p>\n","protected":false},"excerpt":{"rendered":"<p>Wella Professionals Invigo Blonde Recharge Cool Blonde Shampoo \u00e4r ett lila schampo f\u00f6r h\u00e5r med blonda toner. Detta schampo \u00e4r det perfekta valet f\u00f6r att f\u00f6rhindra gula toner och eliminera eventuell gulaktighet i naturligt eller f\u00e4rgat blont h\u00e5r. De n\u00e4rande ingredienserna i detta schampo \u00e5terfuktar h\u00e5ret och g\u00f6r det mjukt och lent. Cool Blonde Color [&hellip;]<\/p>\n","protected":false},"featured_media":62853,"comment_status":"open","ping_status":"closed","template":"","meta":{"_trash_the_other_posts":false},"product_brand":[],"product_cat":[563],"product_tag":[],"berocket_brand":[1030],"class_list":{"0":"post-62868","1":"product","2":"type-product","3":"status-publish","4":"has-post-thumbnail","6":"product_cat-schampo","7":"pa_brand-wella","8":"berocket_brand-wella","10":"first","11":"instock","12":"sale","13":"taxable","14":"shipping-taxable","15":"purchasable","16":"product-type-simple"},"_links":{"self":[{"href":"https:\/\/stylingagenten.com\/sv\/wp-json\/wp\/v2\/product\/62868","targetHints":{"allow":["GET"]}}],"collection":[{"href":"https:\/\/stylingagenten.com\/sv\/wp-json\/wp\/v2\/product"}],"about":[{"href":"https:\/\/stylingagenten.com\/sv\/wp-json\/wp\/v2\/types\/product"}],"replies":[{"embeddable":true,"href":"https:\/\/stylingagenten.com\/sv\/wp-json\/wp\/v2\/comments?post=62868"}],"version-history":[{"count":0,"href":"https:\/\/stylingagenten.com\/sv\/wp-json\/wp\/v2\/product\/62868\/revisions"}],"wp:featuredmedia":[{"embeddable":true,"href":"https:\/\/stylingagenten.com\/sv\/wp-json\/wp\/v2\/media\/62853"}],"wp:attachment":[{"href":"https:\/\/stylingagenten.com\/sv\/wp-json\/wp\/v2\/media?parent=62868"}],"wp:term":[{"taxonomy":"product_brand","embeddable":true,"href":"https:\/\/stylingagenten.com\/sv\/wp-json\/wp\/v2\/product_brand?post=62868"},{"taxonomy":"product_cat","embeddable":true,"href":"https:\/\/stylingagenten.com\/sv\/wp-json\/wp\/v2\/product_cat?post=62868"},{"taxonomy":"product_tag","embeddable":true,"href":"https:\/\/stylingagenten.com\/sv\/wp-json\/wp\/v2\/product_tag?post=62868"},{"taxonomy":"berocket_brand","embeddable":true,"href":"https:\/\/stylingagenten.com\/sv\/wp-json\/wp\/v2\/berocket_brand?post=62868"}],"curies":[{"name":"wp","href":"https:\/\/api.w.org\/{rel}","templated":true}]}}