{"id":62848,"date":"2025-04-20T16:11:35","date_gmt":"2025-04-20T16:11:35","guid":{"rendered":"https:\/\/staging2.stylingagenten.com\/sv\/produkt\/wella-professionals-ultimate-repair-shampoo-250ml\/"},"modified":"2026-03-13T14:42:31","modified_gmt":"2026-03-13T14:42:31","slug":"wella-professionals-ultimate-repair-shampoo-250ml","status":"publish","type":"product","link":"https:\/\/stylingagenten.com\/sv\/produkt\/wella-professionals-ultimate-repair-shampoo-250ml\/","title":{"rendered":"Wella Professionals Ultimate Repair Shampoo 250ml"},"content":{"rendered":"<p>Wella Professionals Ultimate Repair Shampoo \u00e4r ett l\u00e4tt, \u00e5terfuktande schampo som skonsamt och effektivt reng\u00f6r h\u00e5ret med ett lyxigt l\u00f6dder som g\u00f6r att det ser friskt, gl\u00e4nsande och lent ut. <\/p>\n<p>Detta l\u00e4tta kr\u00e4mschampo inneh\u00e5ller alfahydroxisyra (AHA) och omega 9 som \u00e5teruppbygger bindningarna inuti h\u00e5ret, och fyller p\u00e5 den yttre barri\u00e4ren i v\u00e4rme- och blekningsskadat h\u00e5r. Med AHA som vanligtvis \u00e4r k\u00e4nt inom hudv\u00e5rd anv\u00e4nds AHA i Ultimate Repair f\u00f6r att st\u00e4rka, v\u00e5rda och f\u00f6rhindra avbrutna h\u00e5rstr\u00e5n i friskt och kemiskt behandlat h\u00e5r genom att \u00e5teruppbygga v\u00e4tebindningarna och tr\u00e4nga in i h\u00e5rfibern p\u00e5 djupet.<\/p>\n<p>Metal Purifier Technology \u00e4r en teknologi som avl\u00e4gsnar orenheter och metaller i vattnet. Tv\u00e4tt efter tv\u00e4tt och genom f\u00f6roreningar kan metallpartiklar som koppar samlas i h\u00e5ret. Oxidativa processer inkl. UV-exponering kan orsaka fria radikaler som kan st\u00f6ra och skada h\u00e5rets naturliga proteinstruktur. Detta Wella Professionals detox-schampo avgiftar och \u00e5teruppbygger v\u00e4rme- och blekningsskadat h\u00e5r inifr\u00e5n och ut och g\u00f6r det friskt, gl\u00e4nsande och sl\u00e4tt.<\/p>\n<p>Ultimate Repair Shampoo reng\u00f6r, detoxar och \u00e5terfuktar alla h\u00e5rtyper och texturer, oavsett om det \u00e4r tunnt, fett, fint, tjockt, rakt, v\u00e5gigt, lockigt, f\u00e4rgat, slingat, kinkigt, asiatiskt eller afro, vilket g\u00f6r det l\u00e4mpligt f\u00f6r alla. <\/p>\n<p>Wella Professionals Ultimate Repair System \u00e4r en hudv\u00e5rdsinspirerad serie som erbjuder en prestigefylld h\u00e5rv\u00e5rdsrutin som full\u00e4ndar ditt h\u00e5r p\u00e5 bara 90 sekunder*. Serien \u00e4r framtagen f\u00f6r dig som vill ha den h\u00f6gsta niv\u00e5n av reparation och en naturlig, h\u00e4lsosam k\u00e4nsla i h\u00e5ret. Den ger n\u00e4ring, styrka och fukt, samt g\u00f6r h\u00e5ret mjukt, fr\u00e4scht och rent. Dermatologiskt testad och vegansk.<\/p>\n<p>*Vid anv\u00e4ndning av Ultimate Repair Steg 3. <\/p>\n<p>250ml<\/p>\n","protected":false},"excerpt":{"rendered":"<p>Wella Professionals Ultimate Repair Shampoo \u00e4r ett l\u00e4tt, \u00e5terfuktande schampo som skonsamt och effektivt reng\u00f6r h\u00e5ret med ett lyxigt l\u00f6dder som g\u00f6r att det ser friskt, gl\u00e4nsande och lent ut. Detta l\u00e4tta kr\u00e4mschampo inneh\u00e5ller alfahydroxisyra (AHA) och omega 9 som \u00e5teruppbygger bindningarna inuti h\u00e5ret, och fyller p\u00e5 den yttre barri\u00e4ren i v\u00e4rme- och blekningsskadat h\u00e5r. [&hellip;]<\/p>\n","protected":false},"featured_media":62818,"comment_status":"open","ping_status":"closed","template":"","meta":{"_trash_the_other_posts":false},"product_brand":[],"product_cat":[563],"product_tag":[],"berocket_brand":[1030],"class_list":{"0":"post-62848","1":"product","2":"type-product","3":"status-publish","4":"has-post-thumbnail","6":"product_cat-schampo","7":"pa_brand-wella","8":"berocket_brand-wella","10":"first","11":"instock","12":"sale","13":"taxable","14":"shipping-taxable","15":"purchasable","16":"product-type-simple"},"_links":{"self":[{"href":"https:\/\/stylingagenten.com\/sv\/wp-json\/wp\/v2\/product\/62848","targetHints":{"allow":["GET"]}}],"collection":[{"href":"https:\/\/stylingagenten.com\/sv\/wp-json\/wp\/v2\/product"}],"about":[{"href":"https:\/\/stylingagenten.com\/sv\/wp-json\/wp\/v2\/types\/product"}],"replies":[{"embeddable":true,"href":"https:\/\/stylingagenten.com\/sv\/wp-json\/wp\/v2\/comments?post=62848"}],"version-history":[{"count":0,"href":"https:\/\/stylingagenten.com\/sv\/wp-json\/wp\/v2\/product\/62848\/revisions"}],"wp:featuredmedia":[{"embeddable":true,"href":"https:\/\/stylingagenten.com\/sv\/wp-json\/wp\/v2\/media\/62818"}],"wp:attachment":[{"href":"https:\/\/stylingagenten.com\/sv\/wp-json\/wp\/v2\/media?parent=62848"}],"wp:term":[{"taxonomy":"product_brand","embeddable":true,"href":"https:\/\/stylingagenten.com\/sv\/wp-json\/wp\/v2\/product_brand?post=62848"},{"taxonomy":"product_cat","embeddable":true,"href":"https:\/\/stylingagenten.com\/sv\/wp-json\/wp\/v2\/product_cat?post=62848"},{"taxonomy":"product_tag","embeddable":true,"href":"https:\/\/stylingagenten.com\/sv\/wp-json\/wp\/v2\/product_tag?post=62848"},{"taxonomy":"berocket_brand","embeddable":true,"href":"https:\/\/stylingagenten.com\/sv\/wp-json\/wp\/v2\/berocket_brand?post=62848"}],"curies":[{"name":"wp","href":"https:\/\/api.w.org\/{rel}","templated":true}]}}