{"id":62839,"date":"2025-04-20T16:11:34","date_gmt":"2025-04-20T16:11:34","guid":{"rendered":"https:\/\/staging2.stylingagenten.com\/sv\/produkt\/wella-professionals-oil-reflections-luminous-reveal-shampoo-250ml\/"},"modified":"2026-03-13T14:43:29","modified_gmt":"2026-03-13T14:43:29","slug":"wella-professionals-oil-reflections-luminous-reveal-shampoo-250ml","status":"publish","type":"product","link":"https:\/\/stylingagenten.com\/sv\/produkt\/wella-professionals-oil-reflections-luminous-reveal-shampoo-250ml\/","title":{"rendered":"Wella Professionals Oil Reflections Luminous Reveal Shampoo 250ml"},"content":{"rendered":"<p>Wella Professionals Oil Reflections Luminous Reveal Shampoo \u00e4r en h\u00e5rreng\u00f6ring som \u00e4r utformad f\u00f6r att reng\u00f6ra h\u00e5ret p\u00e5 djupet med en str\u00e5lande effekt. Detta professionella schampo reng\u00f6r inte bara h\u00e5r och h\u00e5rbotten intensivt, utan h\u00e5ller \u00e4ven h\u00e5ret \u00e5terfuktat. Den l\u00e4tta formulan i detta Oil Reflections-schampo ger \u00e4ven h\u00e5ret en fantastisk glans. Passar alla h\u00e5rtyper, anv\u00e4nd tillsammans med Wella Professionals Oil Reflections Luminous Reveal Conditioner f\u00f6r b\u00e4sta resultat. Din rutin f\u00f6r att sl\u00e4ta ut torrt och trist h\u00e5r.<\/p>\n<p>250ml<\/p>\n","protected":false},"excerpt":{"rendered":"<p>Wella Professionals Oil Reflections Luminous Reveal Shampoo \u00e4r en h\u00e5rreng\u00f6ring som \u00e4r utformad f\u00f6r att reng\u00f6ra h\u00e5ret p\u00e5 djupet med en str\u00e5lande effekt. Detta professionella schampo reng\u00f6r inte bara h\u00e5r och h\u00e5rbotten intensivt, utan h\u00e5ller \u00e4ven h\u00e5ret \u00e5terfuktat. Den l\u00e4tta formulan i detta Oil Reflections-schampo ger \u00e4ven h\u00e5ret en fantastisk glans. Passar alla h\u00e5rtyper, anv\u00e4nd [&hellip;]<\/p>\n","protected":false},"featured_media":62812,"comment_status":"open","ping_status":"closed","template":"","meta":{"_trash_the_other_posts":false},"product_brand":[],"product_cat":[563],"product_tag":[],"berocket_brand":[1030],"class_list":{"0":"post-62839","1":"product","2":"type-product","3":"status-publish","4":"has-post-thumbnail","6":"product_cat-schampo","7":"pa_brand-wella","8":"berocket_brand-wella","10":"first","11":"instock","12":"sale","13":"taxable","14":"shipping-taxable","15":"purchasable","16":"product-type-simple"},"_links":{"self":[{"href":"https:\/\/stylingagenten.com\/sv\/wp-json\/wp\/v2\/product\/62839","targetHints":{"allow":["GET"]}}],"collection":[{"href":"https:\/\/stylingagenten.com\/sv\/wp-json\/wp\/v2\/product"}],"about":[{"href":"https:\/\/stylingagenten.com\/sv\/wp-json\/wp\/v2\/types\/product"}],"replies":[{"embeddable":true,"href":"https:\/\/stylingagenten.com\/sv\/wp-json\/wp\/v2\/comments?post=62839"}],"version-history":[{"count":0,"href":"https:\/\/stylingagenten.com\/sv\/wp-json\/wp\/v2\/product\/62839\/revisions"}],"wp:featuredmedia":[{"embeddable":true,"href":"https:\/\/stylingagenten.com\/sv\/wp-json\/wp\/v2\/media\/62812"}],"wp:attachment":[{"href":"https:\/\/stylingagenten.com\/sv\/wp-json\/wp\/v2\/media?parent=62839"}],"wp:term":[{"taxonomy":"product_brand","embeddable":true,"href":"https:\/\/stylingagenten.com\/sv\/wp-json\/wp\/v2\/product_brand?post=62839"},{"taxonomy":"product_cat","embeddable":true,"href":"https:\/\/stylingagenten.com\/sv\/wp-json\/wp\/v2\/product_cat?post=62839"},{"taxonomy":"product_tag","embeddable":true,"href":"https:\/\/stylingagenten.com\/sv\/wp-json\/wp\/v2\/product_tag?post=62839"},{"taxonomy":"berocket_brand","embeddable":true,"href":"https:\/\/stylingagenten.com\/sv\/wp-json\/wp\/v2\/berocket_brand?post=62839"}],"curies":[{"name":"wp","href":"https:\/\/api.w.org\/{rel}","templated":true}]}}