{"id":62795,"date":"2025-04-20T16:10:33","date_gmt":"2025-04-20T16:10:33","guid":{"rendered":"https:\/\/staging2.stylingagenten.com\/sv\/produkt\/bareminerals-gen-nude-highlighting-blush-rose-glow\/"},"modified":"2026-02-03T11:36:28","modified_gmt":"2026-02-03T11:36:28","slug":"bareminerals-gen-nude-highlighting-blush-rose-glow","status":"publish","type":"product","link":"https:\/\/stylingagenten.com\/sv\/produkt\/bareminerals-gen-nude-highlighting-blush-rose-glow\/","title":{"rendered":"BareMinerals Gen Nude Highlighting Blush Rose Glow"},"content":{"rendered":"<p>BareMinerals Gen Nude Highlighting Blush \u00e4r en 2-i-1 hybrid av rouge och highlighter som kombinerar rosigheten hos ett rouge med &#8217;glowet&#8217; hos en highlighter &#8211; i bara ett steg.<\/p>\n<p>Uppn\u00e5 en naturligt lystergivande, rosig glow med denna silkeslena, viktl\u00f6sa formula. Finmalda, lystergivande p\u00e4rlor sm\u00e4lter in i huden och ger en vacker fr\u00e4sch och skir lyster som ser ut att \u201dkomma inifr\u00e5n\u201d.<\/p>\n<p>VAD DEN G\u00d6R:<br \/>&#8211; Silkeslena, blurrande mineralmikrosf\u00e4rer sm\u00e4lter l\u00e4tt in i huden f\u00f6r att sudda ut porer och oj\u00e4mnheter.<br \/>&#8211; Blush + highlighter-hybrid med silkeslen konsistens som sm\u00e4lter in s\u00f6ml\u00f6st f\u00f6r en glow som sm\u00e4lter ihop med din makeup.<br \/>Sl\u00e4tar ut utseendet av oj\u00e4mnheter i huden.<br \/>H\u00e5ller hela dagen.<\/p>\n<p>TESTAD AV KONSUMENTER:<br \/>97% s\u00e4ger att den k\u00e4nns len och viktl\u00f6s p\u00e5 huden*.<br \/>83% tyckte att deras hud hade en h\u00e4lsosam lyster*.<\/p>\n<p>*Baserat p\u00e5 en klinisk studie p\u00e5 1 vecka med 30 personer.<\/p>\n<p>D\u00c4RF\u00d6R KOMMER DU ATT \u00c4LSKA DEN:<br \/>&#8211; Dermatologiskt testad<br \/>&#8211; Vegansk<br \/>&#8211; Talkfri + fri fr\u00e5n gluten, syntetiska doft\u00e4mnen, PEG:er m.m.<\/p>\n<p>F\u00e4rg: Rose Glow<\/p>\n","protected":false},"excerpt":{"rendered":"<p>BareMinerals Gen Nude Highlighting Blush \u00e4r en 2-i-1 hybrid av rouge och highlighter som kombinerar rosigheten hos ett rouge med &#8217;glowet&#8217; hos en highlighter &#8211; i bara ett steg. Uppn\u00e5 en naturligt lystergivande, rosig glow med denna silkeslena, viktl\u00f6sa formula. Finmalda, lystergivande p\u00e4rlor sm\u00e4lter in i huden och ger en vacker fr\u00e4sch och skir lyster [&hellip;]<\/p>\n","protected":false},"featured_media":62782,"comment_status":"open","ping_status":"closed","template":"","meta":{"_trash_the_other_posts":false},"product_brand":[],"product_cat":[613],"product_tag":[2477],"berocket_brand":[1256],"class_list":{"0":"post-62795","1":"product","2":"type-product","3":"status-publish","4":"has-post-thumbnail","6":"product_cat-rouge","7":"product_tag-bareminerals-gen-nude-highlighting-blush","8":"pa_brand-bareminerals","9":"pa_variant-rose-glow","10":"berocket_brand-bareminerals","12":"first","13":"instock","14":"sale","15":"taxable","16":"shipping-taxable","17":"purchasable","18":"product-type-simple"},"_links":{"self":[{"href":"https:\/\/stylingagenten.com\/sv\/wp-json\/wp\/v2\/product\/62795","targetHints":{"allow":["GET"]}}],"collection":[{"href":"https:\/\/stylingagenten.com\/sv\/wp-json\/wp\/v2\/product"}],"about":[{"href":"https:\/\/stylingagenten.com\/sv\/wp-json\/wp\/v2\/types\/product"}],"replies":[{"embeddable":true,"href":"https:\/\/stylingagenten.com\/sv\/wp-json\/wp\/v2\/comments?post=62795"}],"version-history":[{"count":0,"href":"https:\/\/stylingagenten.com\/sv\/wp-json\/wp\/v2\/product\/62795\/revisions"}],"wp:featuredmedia":[{"embeddable":true,"href":"https:\/\/stylingagenten.com\/sv\/wp-json\/wp\/v2\/media\/62782"}],"wp:attachment":[{"href":"https:\/\/stylingagenten.com\/sv\/wp-json\/wp\/v2\/media?parent=62795"}],"wp:term":[{"taxonomy":"product_brand","embeddable":true,"href":"https:\/\/stylingagenten.com\/sv\/wp-json\/wp\/v2\/product_brand?post=62795"},{"taxonomy":"product_cat","embeddable":true,"href":"https:\/\/stylingagenten.com\/sv\/wp-json\/wp\/v2\/product_cat?post=62795"},{"taxonomy":"product_tag","embeddable":true,"href":"https:\/\/stylingagenten.com\/sv\/wp-json\/wp\/v2\/product_tag?post=62795"},{"taxonomy":"berocket_brand","embeddable":true,"href":"https:\/\/stylingagenten.com\/sv\/wp-json\/wp\/v2\/berocket_brand?post=62795"}],"curies":[{"name":"wp","href":"https:\/\/api.w.org\/{rel}","templated":true}]}}