{"id":62630,"date":"2025-04-20T15:53:31","date_gmt":"2025-04-20T15:53:31","guid":{"rendered":"https:\/\/staging2.stylingagenten.com\/sv\/produkt\/cristiano-ronaldo-cr7-edt-100ml\/"},"modified":"2026-04-05T02:38:24","modified_gmt":"2026-04-05T02:38:24","slug":"cristiano-ronaldo-cr7-edt-100ml","status":"publish","type":"product","link":"https:\/\/stylingagenten.com\/sv\/produkt\/cristiano-ronaldo-cr7-edt-100ml\/","title":{"rendered":"Cristiano Ronaldo CR7 Edt 100ml"},"content":{"rendered":"<p>Cristiano Ronaldo CR7 Edt \u00e4r en klassisk herrparfym med varm tr\u00e4ig doft fr\u00e5n Cristiano Ronaldo som till skillnad fr\u00e5n tidigare lanseringar har h\u00e4mtat inspiration fr\u00e5n stj\u00e4rnans fotbollskarri\u00e4r. Siffran 7 \u00e4r matchtr\u00f6jans nummer f\u00f6r Real Madrid. CR7, EdT \u00e4r ocks\u00e5 namnet p\u00e5 Cristiano Ronaldos sportm\u00e4rke som nu ocks\u00e5 inkluderar ett hotellkomplex. \u00d6ppnar fr\u00e4scht och utvecklas till kryddig varm doft med s\u00f6ta inslag.<\/p>\n<p>Toppnoter: Artemisia, Bergamott, Kardemumma, Lavendel<\/p>\n<p>Hj\u00e4rtnoter: Ceder, Iris, Kanel, Tobak<\/p>\n<p>Basnoter: B\u00e4rnsten, Mysk, Sandeltr\u00e4, Vanilj<\/p>\n<p>100ml<\/p>\n<p><\/p>\n","protected":false},"excerpt":{"rendered":"<p>Cristiano Ronaldo CR7 Edt \u00e4r en klassisk herrparfym med varm tr\u00e4ig doft fr\u00e5n Cristiano Ronaldo som till skillnad fr\u00e5n tidigare lanseringar har h\u00e4mtat inspiration fr\u00e5n stj\u00e4rnans fotbollskarri\u00e4r. Siffran 7 \u00e4r matchtr\u00f6jans nummer f\u00f6r Real Madrid. CR7, EdT \u00e4r ocks\u00e5 namnet p\u00e5 Cristiano Ronaldos sportm\u00e4rke som nu ocks\u00e5 inkluderar ett hotellkomplex. \u00d6ppnar fr\u00e4scht och utvecklas till [&hellip;]<\/p>\n","protected":false},"featured_media":62627,"comment_status":"open","ping_status":"closed","template":"","meta":{"_trash_the_other_posts":false},"product_brand":[],"product_cat":[709,735,1000],"product_tag":[2771],"berocket_brand":[1141],"class_list":{"0":"post-62630","1":"product","2":"type-product","3":"status-publish","4":"has-post-thumbnail","6":"product_cat-eau-de-toilette-herr","7":"product_cat-kampanj","8":"product_cat-kampanj-for-honom","9":"product_tag-cristiano-ronaldo-cr7-edt","10":"pa_brand-cristiano-ronaldo","11":"pa_variant-100ml","12":"berocket_brand-cristiano-ronaldo","14":"first","15":"instock","16":"sale","17":"taxable","18":"shipping-taxable","19":"purchasable","20":"product-type-simple"},"_links":{"self":[{"href":"https:\/\/stylingagenten.com\/sv\/wp-json\/wp\/v2\/product\/62630","targetHints":{"allow":["GET"]}}],"collection":[{"href":"https:\/\/stylingagenten.com\/sv\/wp-json\/wp\/v2\/product"}],"about":[{"href":"https:\/\/stylingagenten.com\/sv\/wp-json\/wp\/v2\/types\/product"}],"replies":[{"embeddable":true,"href":"https:\/\/stylingagenten.com\/sv\/wp-json\/wp\/v2\/comments?post=62630"}],"version-history":[{"count":0,"href":"https:\/\/stylingagenten.com\/sv\/wp-json\/wp\/v2\/product\/62630\/revisions"}],"wp:featuredmedia":[{"embeddable":true,"href":"https:\/\/stylingagenten.com\/sv\/wp-json\/wp\/v2\/media\/62627"}],"wp:attachment":[{"href":"https:\/\/stylingagenten.com\/sv\/wp-json\/wp\/v2\/media?parent=62630"}],"wp:term":[{"taxonomy":"product_brand","embeddable":true,"href":"https:\/\/stylingagenten.com\/sv\/wp-json\/wp\/v2\/product_brand?post=62630"},{"taxonomy":"product_cat","embeddable":true,"href":"https:\/\/stylingagenten.com\/sv\/wp-json\/wp\/v2\/product_cat?post=62630"},{"taxonomy":"product_tag","embeddable":true,"href":"https:\/\/stylingagenten.com\/sv\/wp-json\/wp\/v2\/product_tag?post=62630"},{"taxonomy":"berocket_brand","embeddable":true,"href":"https:\/\/stylingagenten.com\/sv\/wp-json\/wp\/v2\/berocket_brand?post=62630"}],"curies":[{"name":"wp","href":"https:\/\/api.w.org\/{rel}","templated":true}]}}