{"id":62624,"date":"2025-04-20T15:53:26","date_gmt":"2025-04-20T15:53:26","guid":{"rendered":"https:\/\/staging2.stylingagenten.com\/sv\/produkt\/cristiano-ronaldo-discover-edt-100ml\/"},"modified":"2026-03-11T22:04:43","modified_gmt":"2026-03-11T22:04:43","slug":"cristiano-ronaldo-discover-edt-100ml","status":"publish","type":"product","link":"https:\/\/stylingagenten.com\/sv\/produkt\/cristiano-ronaldo-discover-edt-100ml\/","title":{"rendered":"Cristiano Ronaldo Discover Edt 100ml"},"content":{"rendered":"<p>Cristiano Ronaldo Discover Edt \u00e4r en livlig, uppfriskande och dynamisk doft, skapad f\u00f6r att f\u00e5nga essensen av Cristiano Ronaldos dj\u00e4rva och \u00e4ventyrliga anda. Denna f\u00e4ngslande doft markerar ett nytt kapitel i Ronaldos resa och bjuder in den moderna mannen att omfamna sj\u00e4lvf\u00f6rverkligande och \u00e4ventyrlighet. Doften \u00f6ppnar fr\u00e4scht och uppiggande med en trio av f\u00e4rsk citrus, d\u00e4r apelsin, siciliansk citron och mandarin fl\u00e4tas samman f\u00f6r att skapa en livlig och stimulerande sensation. N\u00e4r doften utvecklas avsl\u00f6jar hj\u00e4rtat en harmonisk blandning av muskatellsalvia, petitgrain och lavandin som berikar doften med ett sofistikerat djup. Slutligen ger noter av cistus, vetiver och patchouli en stark och best\u00e5ende bas, vilket l\u00e4mnar ett best\u00e5ende intryck.<\/p>\n<p>Toppnoter: Apelsin, siciliansk citron, mandarin<\/p>\n<p>Hj\u00e4rtnoter: Muskatellsalvia, petitgrain, lavandin<\/p>\n<p>Basnoter: Cistus, vetiver, patchouli<\/p>\n<p>100ml<\/p>\n","protected":false},"excerpt":{"rendered":"<p>Cristiano Ronaldo Discover Edt \u00e4r en livlig, uppfriskande och dynamisk doft, skapad f\u00f6r att f\u00e5nga essensen av Cristiano Ronaldos dj\u00e4rva och \u00e4ventyrliga anda. Denna f\u00e4ngslande doft markerar ett nytt kapitel i Ronaldos resa och bjuder in den moderna mannen att omfamna sj\u00e4lvf\u00f6rverkligande och \u00e4ventyrlighet. Doften \u00f6ppnar fr\u00e4scht och uppiggande med en trio av f\u00e4rsk citrus, [&hellip;]<\/p>\n","protected":false},"featured_media":62616,"comment_status":"open","ping_status":"closed","template":"","meta":{"_trash_the_other_posts":false},"product_brand":[],"product_cat":[709,735,1000],"product_tag":[2774],"berocket_brand":[1141],"class_list":{"0":"post-62624","1":"product","2":"type-product","3":"status-publish","4":"has-post-thumbnail","6":"product_cat-eau-de-toilette-herr","7":"product_cat-kampanj","8":"product_cat-kampanj-for-honom","9":"product_tag-cristiano-ronaldo-discover-edt","10":"pa_brand-cristiano-ronaldo","11":"pa_variant-100ml","12":"berocket_brand-cristiano-ronaldo","14":"first","15":"instock","16":"sale","17":"taxable","18":"shipping-taxable","19":"purchasable","20":"product-type-simple"},"_links":{"self":[{"href":"https:\/\/stylingagenten.com\/sv\/wp-json\/wp\/v2\/product\/62624","targetHints":{"allow":["GET"]}}],"collection":[{"href":"https:\/\/stylingagenten.com\/sv\/wp-json\/wp\/v2\/product"}],"about":[{"href":"https:\/\/stylingagenten.com\/sv\/wp-json\/wp\/v2\/types\/product"}],"replies":[{"embeddable":true,"href":"https:\/\/stylingagenten.com\/sv\/wp-json\/wp\/v2\/comments?post=62624"}],"version-history":[{"count":0,"href":"https:\/\/stylingagenten.com\/sv\/wp-json\/wp\/v2\/product\/62624\/revisions"}],"wp:featuredmedia":[{"embeddable":true,"href":"https:\/\/stylingagenten.com\/sv\/wp-json\/wp\/v2\/media\/62616"}],"wp:attachment":[{"href":"https:\/\/stylingagenten.com\/sv\/wp-json\/wp\/v2\/media?parent=62624"}],"wp:term":[{"taxonomy":"product_brand","embeddable":true,"href":"https:\/\/stylingagenten.com\/sv\/wp-json\/wp\/v2\/product_brand?post=62624"},{"taxonomy":"product_cat","embeddable":true,"href":"https:\/\/stylingagenten.com\/sv\/wp-json\/wp\/v2\/product_cat?post=62624"},{"taxonomy":"product_tag","embeddable":true,"href":"https:\/\/stylingagenten.com\/sv\/wp-json\/wp\/v2\/product_tag?post=62624"},{"taxonomy":"berocket_brand","embeddable":true,"href":"https:\/\/stylingagenten.com\/sv\/wp-json\/wp\/v2\/berocket_brand?post=62624"}],"curies":[{"name":"wp","href":"https:\/\/api.w.org\/{rel}","templated":true}]}}