{"id":62587,"date":"2025-04-20T15:53:03","date_gmt":"2025-04-20T15:53:03","guid":{"rendered":"https:\/\/staging2.stylingagenten.com\/sv\/produkt\/burberry-weekend-edt-50ml\/"},"modified":"2026-03-11T21:59:55","modified_gmt":"2026-03-11T21:59:55","slug":"burberry-weekend-edt-50ml","status":"publish","type":"product","link":"https:\/\/stylingagenten.com\/sv\/produkt\/burberry-weekend-edt-50ml\/","title":{"rendered":"Burberry Weekend Edt 50ml"},"content":{"rendered":"<p>Gl\u00f6m vardagens bekymmer och njut av avkoppling och frihet. Burberry Weekend for Men Eau de Toilette kommer att ge dig uppfriskande v\u00e4lbefinnande och optimism varje dag.<\/p>\n<p>F\u00f6rst kommer du att f\u00e5 en uppfr\u00e4schning av citrusexplosionen av grapefrukt, bergamott, mandarin och citron, med en blandning av vattenmelon och ananas. Efter denna fruktcocktail upplever du en unik kombination av varmt sandeltr\u00e4, l\u00e4tt murgr\u00f6na och manlig ekmossa. Du kommer ocks\u00e5 att k\u00e4nna djupa och f\u00e4ngslande noter av delikat honung, ambra och f\u00f6rf\u00f6risk mysk.<\/p>\n<p>Toppnoter: Bergamott, Citron, Ananas, Mandarin, Melon, Grapefrukt<\/p>\n<p>Hj\u00e4rtnoter: Murgr\u00f6na, Sl\u00e5nlav, Sandeltr\u00e4d<\/p>\n<p>Basnoter: Mysk, B\u00e4rnsten, Honung<\/p>\n<p>50ml<\/p>\n","protected":false},"excerpt":{"rendered":"<p>Gl\u00f6m vardagens bekymmer och njut av avkoppling och frihet. Burberry Weekend for Men Eau de Toilette kommer att ge dig uppfriskande v\u00e4lbefinnande och optimism varje dag. F\u00f6rst kommer du att f\u00e5 en uppfr\u00e4schning av citrusexplosionen av grapefrukt, bergamott, mandarin och citron, med en blandning av vattenmelon och ananas. Efter denna fruktcocktail upplever du en unik [&hellip;]<\/p>\n","protected":false},"featured_media":62584,"comment_status":"open","ping_status":"closed","template":"","meta":{"_trash_the_other_posts":false},"product_brand":[],"product_cat":[709,735,1000],"product_tag":[],"berocket_brand":[1017],"class_list":{"0":"post-62587","1":"product","2":"type-product","3":"status-publish","4":"has-post-thumbnail","6":"product_cat-eau-de-toilette-herr","7":"product_cat-kampanj","8":"product_cat-kampanj-for-honom","9":"pa_brand-burberry","10":"berocket_brand-burberry","12":"first","13":"instock","14":"sale","15":"taxable","16":"shipping-taxable","17":"purchasable","18":"product-type-simple"},"_links":{"self":[{"href":"https:\/\/stylingagenten.com\/sv\/wp-json\/wp\/v2\/product\/62587","targetHints":{"allow":["GET"]}}],"collection":[{"href":"https:\/\/stylingagenten.com\/sv\/wp-json\/wp\/v2\/product"}],"about":[{"href":"https:\/\/stylingagenten.com\/sv\/wp-json\/wp\/v2\/types\/product"}],"replies":[{"embeddable":true,"href":"https:\/\/stylingagenten.com\/sv\/wp-json\/wp\/v2\/comments?post=62587"}],"version-history":[{"count":0,"href":"https:\/\/stylingagenten.com\/sv\/wp-json\/wp\/v2\/product\/62587\/revisions"}],"wp:featuredmedia":[{"embeddable":true,"href":"https:\/\/stylingagenten.com\/sv\/wp-json\/wp\/v2\/media\/62584"}],"wp:attachment":[{"href":"https:\/\/stylingagenten.com\/sv\/wp-json\/wp\/v2\/media?parent=62587"}],"wp:term":[{"taxonomy":"product_brand","embeddable":true,"href":"https:\/\/stylingagenten.com\/sv\/wp-json\/wp\/v2\/product_brand?post=62587"},{"taxonomy":"product_cat","embeddable":true,"href":"https:\/\/stylingagenten.com\/sv\/wp-json\/wp\/v2\/product_cat?post=62587"},{"taxonomy":"product_tag","embeddable":true,"href":"https:\/\/stylingagenten.com\/sv\/wp-json\/wp\/v2\/product_tag?post=62587"},{"taxonomy":"berocket_brand","embeddable":true,"href":"https:\/\/stylingagenten.com\/sv\/wp-json\/wp\/v2\/berocket_brand?post=62587"}],"curies":[{"name":"wp","href":"https:\/\/api.w.org\/{rel}","templated":true}]}}