{"id":62555,"date":"2025-04-20T15:52:40","date_gmt":"2025-04-20T15:52:40","guid":{"rendered":"https:\/\/staging2.stylingagenten.com\/sv\/produkt\/milano-man-edt-50ml\/"},"modified":"2026-04-08T18:48:56","modified_gmt":"2026-04-08T18:48:56","slug":"milano-man-edt-50ml","status":"publish","type":"product","link":"https:\/\/stylingagenten.com\/sv\/produkt\/milano-man-edt-50ml\/","title":{"rendered":"Milano Man Edt 50ml"},"content":{"rendered":"<p>Milano Man Edt \u00f6ppnar med friska noter av grapefrukt, mandarin och marina ackord, som leder till ett elegant hj\u00e4rta av lagerblad och jasmin. Avslutningsvis en sl\u00e5ende kombination av guajaktr\u00e4, ekmossa, patchouli och b\u00e4rnsten.<\/p>\n<p>50ml<\/p>\n","protected":false},"excerpt":{"rendered":"<p>Milano Man Edt \u00f6ppnar med friska noter av grapefrukt, mandarin och marina ackord, som leder till ett elegant hj\u00e4rta av lagerblad och jasmin. Avslutningsvis en sl\u00e5ende kombination av guajaktr\u00e4, ekmossa, patchouli och b\u00e4rnsten. 50ml<\/p>\n","protected":false},"featured_media":62553,"comment_status":"open","ping_status":"closed","template":"","meta":{"_trash_the_other_posts":false},"product_brand":[],"product_cat":[709,735,1000],"product_tag":[],"berocket_brand":[1993],"class_list":{"0":"post-62555","1":"product","2":"type-product","3":"status-publish","4":"has-post-thumbnail","6":"product_cat-eau-de-toilette-herr","7":"product_cat-kampanj","8":"product_cat-kampanj-for-honom","9":"pa_brand-milano","10":"berocket_brand-milano","12":"first","13":"instock","14":"sale","15":"taxable","16":"shipping-taxable","17":"purchasable","18":"product-type-simple"},"_links":{"self":[{"href":"https:\/\/stylingagenten.com\/sv\/wp-json\/wp\/v2\/product\/62555","targetHints":{"allow":["GET"]}}],"collection":[{"href":"https:\/\/stylingagenten.com\/sv\/wp-json\/wp\/v2\/product"}],"about":[{"href":"https:\/\/stylingagenten.com\/sv\/wp-json\/wp\/v2\/types\/product"}],"replies":[{"embeddable":true,"href":"https:\/\/stylingagenten.com\/sv\/wp-json\/wp\/v2\/comments?post=62555"}],"version-history":[{"count":0,"href":"https:\/\/stylingagenten.com\/sv\/wp-json\/wp\/v2\/product\/62555\/revisions"}],"wp:featuredmedia":[{"embeddable":true,"href":"https:\/\/stylingagenten.com\/sv\/wp-json\/wp\/v2\/media\/62553"}],"wp:attachment":[{"href":"https:\/\/stylingagenten.com\/sv\/wp-json\/wp\/v2\/media?parent=62555"}],"wp:term":[{"taxonomy":"product_brand","embeddable":true,"href":"https:\/\/stylingagenten.com\/sv\/wp-json\/wp\/v2\/product_brand?post=62555"},{"taxonomy":"product_cat","embeddable":true,"href":"https:\/\/stylingagenten.com\/sv\/wp-json\/wp\/v2\/product_cat?post=62555"},{"taxonomy":"product_tag","embeddable":true,"href":"https:\/\/stylingagenten.com\/sv\/wp-json\/wp\/v2\/product_tag?post=62555"},{"taxonomy":"berocket_brand","embeddable":true,"href":"https:\/\/stylingagenten.com\/sv\/wp-json\/wp\/v2\/berocket_brand?post=62555"}],"curies":[{"name":"wp","href":"https:\/\/api.w.org\/{rel}","templated":true}]}}