{"id":62546,"date":"2025-04-20T15:52:32","date_gmt":"2025-04-20T15:52:32","guid":{"rendered":"https:\/\/staging2.stylingagenten.com\/sv\/produkt\/gucci-guilty-pour-homme-edp-150ml\/"},"modified":"2026-04-14T02:08:28","modified_gmt":"2026-04-14T02:08:28","slug":"gucci-guilty-pour-homme-edp-150ml","status":"publish","type":"product","link":"https:\/\/stylingagenten.com\/sv\/produkt\/gucci-guilty-pour-homme-edp-150ml\/","title":{"rendered":"Gucci Guilty Pour Homme Edp 150ml"},"content":{"rendered":"<p>Gucci Guilty Pour Homme Eau de Parfum \u00e4r en lockande och \u00f6verraskande parfym, skapad f\u00f6r att provocera, med aromatiska noter av tr\u00e4 och kryddor. En nytolkning av tv\u00e5 klassiska ingredienser som var popul\u00e4ra p\u00e5 1970-talet, ros och chilipeppar, ers\u00e4tter originaldoftens toppnoter ros\u00e9peppar och italiensk citron, vilket ger en ov\u00e4ntad och uppfriskande retrok\u00e4nsla. Den varma, kryddiga doften av r\u00f6d chilipeppar st\u00e5r i kontrast med den bittra, aromatiska fr\u00e4sch\u00f6ren av vin\u00e4ger och salt, vilket ger en ov\u00e4ntad twist. Neroli, fransk lavendel och absolut av apelsinblomma utvecklar hj\u00e4rtnoten och ger ett starkare, mer intensivt manligt intryck. Doften rundas av med en fyllig och sensuell bas av patchouli och cedertr\u00e4.<\/p>\n<p>Toppnoter: Ros &amp; chilipeppar<br \/>Hj\u00e4rtnoter: Neroli, lavendel &amp; apelsinblomma absolute<br \/>Basnoter: Patchouli &amp; cedertr\u00e4<\/p>\n<p>150ml<\/p>\n","protected":false},"excerpt":{"rendered":"<p>Gucci Guilty Pour Homme Eau de Parfum \u00e4r en lockande och \u00f6verraskande parfym, skapad f\u00f6r att provocera, med aromatiska noter av tr\u00e4 och kryddor. En nytolkning av tv\u00e5 klassiska ingredienser som var popul\u00e4ra p\u00e5 1970-talet, ros och chilipeppar, ers\u00e4tter originaldoftens toppnoter ros\u00e9peppar och italiensk citron, vilket ger en ov\u00e4ntad och uppfriskande retrok\u00e4nsla. Den varma, kryddiga [&hellip;]<\/p>\n","protected":false},"featured_media":62538,"comment_status":"open","ping_status":"closed","template":"","meta":{"_trash_the_other_posts":false},"product_brand":[],"product_cat":[708,735,1000],"product_tag":[2989],"berocket_brand":[1329],"class_list":{"0":"post-62546","1":"product","2":"type-product","3":"status-publish","4":"has-post-thumbnail","6":"product_cat-eau-de-parfum-herr","7":"product_cat-kampanj","8":"product_cat-kampanj-for-honom","9":"product_tag-gucci-guilty-pour-homme-edp","10":"pa_brand-gucci","11":"pa_variant-150ml","12":"berocket_brand-gucci","14":"first","15":"outofstock","16":"sale","17":"taxable","18":"shipping-taxable","19":"purchasable","20":"product-type-simple"},"_links":{"self":[{"href":"https:\/\/stylingagenten.com\/sv\/wp-json\/wp\/v2\/product\/62546","targetHints":{"allow":["GET"]}}],"collection":[{"href":"https:\/\/stylingagenten.com\/sv\/wp-json\/wp\/v2\/product"}],"about":[{"href":"https:\/\/stylingagenten.com\/sv\/wp-json\/wp\/v2\/types\/product"}],"replies":[{"embeddable":true,"href":"https:\/\/stylingagenten.com\/sv\/wp-json\/wp\/v2\/comments?post=62546"}],"version-history":[{"count":0,"href":"https:\/\/stylingagenten.com\/sv\/wp-json\/wp\/v2\/product\/62546\/revisions"}],"wp:featuredmedia":[{"embeddable":true,"href":"https:\/\/stylingagenten.com\/sv\/wp-json\/wp\/v2\/media\/62538"}],"wp:attachment":[{"href":"https:\/\/stylingagenten.com\/sv\/wp-json\/wp\/v2\/media?parent=62546"}],"wp:term":[{"taxonomy":"product_brand","embeddable":true,"href":"https:\/\/stylingagenten.com\/sv\/wp-json\/wp\/v2\/product_brand?post=62546"},{"taxonomy":"product_cat","embeddable":true,"href":"https:\/\/stylingagenten.com\/sv\/wp-json\/wp\/v2\/product_cat?post=62546"},{"taxonomy":"product_tag","embeddable":true,"href":"https:\/\/stylingagenten.com\/sv\/wp-json\/wp\/v2\/product_tag?post=62546"},{"taxonomy":"berocket_brand","embeddable":true,"href":"https:\/\/stylingagenten.com\/sv\/wp-json\/wp\/v2\/berocket_brand?post=62546"}],"curies":[{"name":"wp","href":"https:\/\/api.w.org\/{rel}","templated":true}]}}