{"id":62540,"date":"2025-04-20T15:52:30","date_gmt":"2025-04-20T15:52:30","guid":{"rendered":"https:\/\/staging2.stylingagenten.com\/sv\/produkt\/gucci-guilty-pour-homme-edt-90ml\/"},"modified":"2026-04-08T15:30:59","modified_gmt":"2026-04-08T15:30:59","slug":"gucci-guilty-pour-homme-edt-90ml","status":"publish","type":"product","link":"https:\/\/stylingagenten.com\/sv\/produkt\/gucci-guilty-pour-homme-edt-90ml\/","title":{"rendered":"Gucci Guilty Pour Homme Edt 90ml"},"content":{"rendered":"<p>Gucci Guilty Pour Homme Eau de Toilette for Men \u00e4r en intensiv och individuell nutida aromatisk foug\u00e8re som provocerar samtidigt som den f\u00f6rf\u00f6r. En manlig klassiker med en berusande cocktail av uppfriskande italiensk citron och fr\u00e4sch lavendel, som tillsammans med apelsinblomman ger en f\u00f6rtrollande och stimulerade doft. K\u00e4nnetecknet f\u00f6r alla Gucci parfymer \u00e4r patchouli, som gifter sig med cedertr\u00e4 och sandeltr\u00e4. Dessa tillsammans med ambra skapar en robust jordig, men \u00e4nd\u00e5 suggestivt exotisk sensualitet av en djupliggande maskulinitet. Effekten \u00e4r en enast\u00e5ende och obevekligt f\u00e4ngslande parfym. <\/p>\n<p>Topp: Citron och lavendel. <br \/>Hj\u00e4rta: Apelsinblomma. <br \/>Bas: Cedertr\u00e4<\/p>\n<p>90ml<\/p>\n","protected":false},"excerpt":{"rendered":"<p>Gucci Guilty Pour Homme Eau de Toilette for Men \u00e4r en intensiv och individuell nutida aromatisk foug\u00e8re som provocerar samtidigt som den f\u00f6rf\u00f6r. En manlig klassiker med en berusande cocktail av uppfriskande italiensk citron och fr\u00e4sch lavendel, som tillsammans med apelsinblomman ger en f\u00f6rtrollande och stimulerade doft. K\u00e4nnetecknet f\u00f6r alla Gucci parfymer \u00e4r patchouli, som [&hellip;]<\/p>\n","protected":false},"featured_media":62537,"comment_status":"open","ping_status":"closed","template":"","meta":{"_trash_the_other_posts":false},"product_brand":[],"product_cat":[709,735,1000],"product_tag":[2990],"berocket_brand":[1329],"class_list":{"0":"post-62540","1":"product","2":"type-product","3":"status-publish","4":"has-post-thumbnail","6":"product_cat-eau-de-toilette-herr","7":"product_cat-kampanj","8":"product_cat-kampanj-for-honom","9":"product_tag-gucci-guilty-pour-homme-edt","10":"pa_brand-gucci","11":"pa_variant-90ml","12":"berocket_brand-gucci","14":"first","15":"instock","16":"sale","17":"taxable","18":"shipping-taxable","19":"purchasable","20":"product-type-simple"},"_links":{"self":[{"href":"https:\/\/stylingagenten.com\/sv\/wp-json\/wp\/v2\/product\/62540","targetHints":{"allow":["GET"]}}],"collection":[{"href":"https:\/\/stylingagenten.com\/sv\/wp-json\/wp\/v2\/product"}],"about":[{"href":"https:\/\/stylingagenten.com\/sv\/wp-json\/wp\/v2\/types\/product"}],"replies":[{"embeddable":true,"href":"https:\/\/stylingagenten.com\/sv\/wp-json\/wp\/v2\/comments?post=62540"}],"version-history":[{"count":0,"href":"https:\/\/stylingagenten.com\/sv\/wp-json\/wp\/v2\/product\/62540\/revisions"}],"wp:featuredmedia":[{"embeddable":true,"href":"https:\/\/stylingagenten.com\/sv\/wp-json\/wp\/v2\/media\/62537"}],"wp:attachment":[{"href":"https:\/\/stylingagenten.com\/sv\/wp-json\/wp\/v2\/media?parent=62540"}],"wp:term":[{"taxonomy":"product_brand","embeddable":true,"href":"https:\/\/stylingagenten.com\/sv\/wp-json\/wp\/v2\/product_brand?post=62540"},{"taxonomy":"product_cat","embeddable":true,"href":"https:\/\/stylingagenten.com\/sv\/wp-json\/wp\/v2\/product_cat?post=62540"},{"taxonomy":"product_tag","embeddable":true,"href":"https:\/\/stylingagenten.com\/sv\/wp-json\/wp\/v2\/product_tag?post=62540"},{"taxonomy":"berocket_brand","embeddable":true,"href":"https:\/\/stylingagenten.com\/sv\/wp-json\/wp\/v2\/berocket_brand?post=62540"}],"curies":[{"name":"wp","href":"https:\/\/api.w.org\/{rel}","templated":true}]}}