{"id":62397,"date":"2025-04-20T15:33:01","date_gmt":"2025-04-20T15:33:01","guid":{"rendered":"https:\/\/staging2.stylingagenten.com\/sv\/produkt\/guess-seductive-for-her-edt-125ml\/"},"modified":"2026-03-13T13:57:34","modified_gmt":"2026-03-13T13:57:34","slug":"guess-seductive-for-her-edt-125ml","status":"publish","type":"product","link":"https:\/\/stylingagenten.com\/sv\/produkt\/guess-seductive-for-her-edt-125ml\/","title":{"rendered":"Guess Seductive For Her Edt 125ml"},"content":{"rendered":"<p>Guess Seductive Edt ger dig det sj\u00e4lvf\u00f6rtroende du beh\u00f6ver f\u00f6r att alltid ha \u00f6vertaget. Dess fruktiga blommiga noter framh\u00e4ver perfekt din kvinnlighet och din distinkta charm, som g\u00f6r att ingen kommer kunna motst\u00e5 dig.<\/p>\n<p>Toppnoter: Bergamott, Svarta vinb\u00e4r, P\u00e4ron<\/p>\n<p>Hj\u00e4rtnoter: Jasmin, Apelsintr\u00e4dsblomma, Irisrot<\/p>\n<p>Basnoter: R\u00f6kelse, Vanilj<\/p>\n<p>125ml<\/p>\n","protected":false},"excerpt":{"rendered":"<p>Guess Seductive Edt ger dig det sj\u00e4lvf\u00f6rtroende du beh\u00f6ver f\u00f6r att alltid ha \u00f6vertaget. Dess fruktiga blommiga noter framh\u00e4ver perfekt din kvinnlighet och din distinkta charm, som g\u00f6r att ingen kommer kunna motst\u00e5 dig. Toppnoter: Bergamott, Svarta vinb\u00e4r, P\u00e4ron Hj\u00e4rtnoter: Jasmin, Apelsintr\u00e4dsblomma, Irisrot Basnoter: R\u00f6kelse, Vanilj 125ml<\/p>\n","protected":false},"featured_media":62393,"comment_status":"open","ping_status":"closed","template":"","meta":{"_trash_the_other_posts":false},"product_brand":[],"product_cat":[707,735,999],"product_tag":[3009],"berocket_brand":[1331],"class_list":{"0":"post-62397","1":"product","2":"type-product","3":"status-publish","4":"has-post-thumbnail","6":"product_cat-eau-de-toilette-dam","7":"product_cat-kampanj","8":"product_cat-kampanj-for-henne","9":"product_tag-guess-seductive-for-her-edt","10":"pa_brand-guess","11":"pa_variant-125ml","12":"berocket_brand-guess","14":"first","15":"instock","16":"sale","17":"taxable","18":"shipping-taxable","19":"purchasable","20":"product-type-simple"},"_links":{"self":[{"href":"https:\/\/stylingagenten.com\/sv\/wp-json\/wp\/v2\/product\/62397","targetHints":{"allow":["GET"]}}],"collection":[{"href":"https:\/\/stylingagenten.com\/sv\/wp-json\/wp\/v2\/product"}],"about":[{"href":"https:\/\/stylingagenten.com\/sv\/wp-json\/wp\/v2\/types\/product"}],"replies":[{"embeddable":true,"href":"https:\/\/stylingagenten.com\/sv\/wp-json\/wp\/v2\/comments?post=62397"}],"version-history":[{"count":0,"href":"https:\/\/stylingagenten.com\/sv\/wp-json\/wp\/v2\/product\/62397\/revisions"}],"wp:featuredmedia":[{"embeddable":true,"href":"https:\/\/stylingagenten.com\/sv\/wp-json\/wp\/v2\/media\/62393"}],"wp:attachment":[{"href":"https:\/\/stylingagenten.com\/sv\/wp-json\/wp\/v2\/media?parent=62397"}],"wp:term":[{"taxonomy":"product_brand","embeddable":true,"href":"https:\/\/stylingagenten.com\/sv\/wp-json\/wp\/v2\/product_brand?post=62397"},{"taxonomy":"product_cat","embeddable":true,"href":"https:\/\/stylingagenten.com\/sv\/wp-json\/wp\/v2\/product_cat?post=62397"},{"taxonomy":"product_tag","embeddable":true,"href":"https:\/\/stylingagenten.com\/sv\/wp-json\/wp\/v2\/product_tag?post=62397"},{"taxonomy":"berocket_brand","embeddable":true,"href":"https:\/\/stylingagenten.com\/sv\/wp-json\/wp\/v2\/berocket_brand?post=62397"}],"curies":[{"name":"wp","href":"https:\/\/api.w.org\/{rel}","templated":true}]}}