{"id":62385,"date":"2025-04-20T15:32:56","date_gmt":"2025-04-20T15:32:56","guid":{"rendered":"https:\/\/staging2.stylingagenten.com\/sv\/produkt\/lattafa-rave-pure-desire-gold-edp-100ml\/"},"modified":"2026-04-13T07:10:25","modified_gmt":"2026-04-13T07:10:25","slug":"lattafa-rave-pure-desire-gold-edp-100ml","status":"publish","type":"product","link":"https:\/\/stylingagenten.com\/sv\/produkt\/lattafa-rave-pure-desire-gold-edp-100ml\/","title":{"rendered":"Lattafa Rave Pure Desire Gold Edp 100ml"},"content":{"rendered":"<p>Lattafa Rave Pure Desire Gold Edp \u00e4r en f\u00e4ngslande Eau de Parfum designad f\u00f6r kvinnor. Denna lyxiga doft har en rik och lockande blandning av blommiga och s\u00f6ta noter. Med sin glamor\u00f6sa gyllene f\u00f6rpackning \u00e4r det den perfekta doften f\u00f6r att g\u00f6ra ett dj\u00e4rvt intryck.<\/p>\n<p>Toppnoter: Mandariner, Amber<\/p>\n<p>Hj\u00e4rtnoter: Nejlikor, Nejlikblomma, Liljekonvalj, Vita blommor<\/p>\n<p>Basnoter: Gr\u00e5 amber, Vanilj, Karamell<\/p>\n<p>100ml<\/p>\n","protected":false},"excerpt":{"rendered":"<p>Lattafa Rave Pure Desire Gold Edp \u00e4r en f\u00e4ngslande Eau de Parfum designad f\u00f6r kvinnor. Denna lyxiga doft har en rik och lockande blandning av blommiga och s\u00f6ta noter. Med sin glamor\u00f6sa gyllene f\u00f6rpackning \u00e4r det den perfekta doften f\u00f6r att g\u00f6ra ett dj\u00e4rvt intryck. Toppnoter: Mandariner, Amber Hj\u00e4rtnoter: Nejlikor, Nejlikblomma, Liljekonvalj, Vita blommor Basnoter: [&hellip;]<\/p>\n","protected":false},"featured_media":62382,"comment_status":"open","ping_status":"closed","template":"","meta":{"_trash_the_other_posts":false},"product_brand":[],"product_cat":[706,735,999],"product_tag":[],"berocket_brand":[1414],"class_list":{"0":"post-62385","1":"product","2":"type-product","3":"status-publish","4":"has-post-thumbnail","6":"product_cat-eau-de-parfum-dam","7":"product_cat-kampanj","8":"product_cat-kampanj-for-henne","9":"pa_brand-lattafa","10":"berocket_brand-lattafa","12":"first","13":"instock","14":"sale","15":"taxable","16":"shipping-taxable","17":"purchasable","18":"product-type-simple"},"_links":{"self":[{"href":"https:\/\/stylingagenten.com\/sv\/wp-json\/wp\/v2\/product\/62385","targetHints":{"allow":["GET"]}}],"collection":[{"href":"https:\/\/stylingagenten.com\/sv\/wp-json\/wp\/v2\/product"}],"about":[{"href":"https:\/\/stylingagenten.com\/sv\/wp-json\/wp\/v2\/types\/product"}],"replies":[{"embeddable":true,"href":"https:\/\/stylingagenten.com\/sv\/wp-json\/wp\/v2\/comments?post=62385"}],"version-history":[{"count":0,"href":"https:\/\/stylingagenten.com\/sv\/wp-json\/wp\/v2\/product\/62385\/revisions"}],"wp:featuredmedia":[{"embeddable":true,"href":"https:\/\/stylingagenten.com\/sv\/wp-json\/wp\/v2\/media\/62382"}],"wp:attachment":[{"href":"https:\/\/stylingagenten.com\/sv\/wp-json\/wp\/v2\/media?parent=62385"}],"wp:term":[{"taxonomy":"product_brand","embeddable":true,"href":"https:\/\/stylingagenten.com\/sv\/wp-json\/wp\/v2\/product_brand?post=62385"},{"taxonomy":"product_cat","embeddable":true,"href":"https:\/\/stylingagenten.com\/sv\/wp-json\/wp\/v2\/product_cat?post=62385"},{"taxonomy":"product_tag","embeddable":true,"href":"https:\/\/stylingagenten.com\/sv\/wp-json\/wp\/v2\/product_tag?post=62385"},{"taxonomy":"berocket_brand","embeddable":true,"href":"https:\/\/stylingagenten.com\/sv\/wp-json\/wp\/v2\/berocket_brand?post=62385"}],"curies":[{"name":"wp","href":"https:\/\/api.w.org\/{rel}","templated":true}]}}