{"id":62379,"date":"2025-04-20T15:32:55","date_gmt":"2025-04-20T15:32:55","guid":{"rendered":"https:\/\/staging2.stylingagenten.com\/sv\/produkt\/lattafa-haya-edp-100ml\/"},"modified":"2026-03-25T15:08:55","modified_gmt":"2026-03-25T15:08:55","slug":"lattafa-haya-edp-100ml","status":"publish","type":"product","link":"https:\/\/stylingagenten.com\/sv\/produkt\/lattafa-haya-edp-100ml\/","title":{"rendered":"Lattafa Haya Edp 100ml"},"content":{"rendered":"<p>Lattafa Haya Edp unika doft skapar en perfekt balans mellan lekfullhet och elegans, designad f\u00f6r kvinnor som \u00e4lskar att uttrycka sin karisma och stil.<\/p>\n<p>Toppnoter: Champagne, jordgubbe, ros, mandarin och blodapelsin <\/p>\n<p>Hj\u00e4rtnoter: Gardenia, jasmin och vaniljorchid <\/p>\n<p>Basnoter: B\u00e4rnsten, sandeltr\u00e4 och kastanj<\/p>\n<p>100ml<\/p>\n","protected":false},"excerpt":{"rendered":"<p>Lattafa Haya Edp unika doft skapar en perfekt balans mellan lekfullhet och elegans, designad f\u00f6r kvinnor som \u00e4lskar att uttrycka sin karisma och stil. Toppnoter: Champagne, jordgubbe, ros, mandarin och blodapelsin Hj\u00e4rtnoter: Gardenia, jasmin och vaniljorchid Basnoter: B\u00e4rnsten, sandeltr\u00e4 och kastanj 100ml<\/p>\n","protected":false},"featured_media":62376,"comment_status":"open","ping_status":"closed","template":"","meta":{"_trash_the_other_posts":false},"product_brand":[],"product_cat":[706,735,999],"product_tag":[],"berocket_brand":[1414],"class_list":{"0":"post-62379","1":"product","2":"type-product","3":"status-publish","4":"has-post-thumbnail","6":"product_cat-eau-de-parfum-dam","7":"product_cat-kampanj","8":"product_cat-kampanj-for-henne","9":"pa_brand-lattafa","10":"berocket_brand-lattafa","12":"first","13":"instock","14":"sale","15":"taxable","16":"shipping-taxable","17":"purchasable","18":"product-type-simple"},"_links":{"self":[{"href":"https:\/\/stylingagenten.com\/sv\/wp-json\/wp\/v2\/product\/62379","targetHints":{"allow":["GET"]}}],"collection":[{"href":"https:\/\/stylingagenten.com\/sv\/wp-json\/wp\/v2\/product"}],"about":[{"href":"https:\/\/stylingagenten.com\/sv\/wp-json\/wp\/v2\/types\/product"}],"replies":[{"embeddable":true,"href":"https:\/\/stylingagenten.com\/sv\/wp-json\/wp\/v2\/comments?post=62379"}],"version-history":[{"count":0,"href":"https:\/\/stylingagenten.com\/sv\/wp-json\/wp\/v2\/product\/62379\/revisions"}],"wp:featuredmedia":[{"embeddable":true,"href":"https:\/\/stylingagenten.com\/sv\/wp-json\/wp\/v2\/media\/62376"}],"wp:attachment":[{"href":"https:\/\/stylingagenten.com\/sv\/wp-json\/wp\/v2\/media?parent=62379"}],"wp:term":[{"taxonomy":"product_brand","embeddable":true,"href":"https:\/\/stylingagenten.com\/sv\/wp-json\/wp\/v2\/product_brand?post=62379"},{"taxonomy":"product_cat","embeddable":true,"href":"https:\/\/stylingagenten.com\/sv\/wp-json\/wp\/v2\/product_cat?post=62379"},{"taxonomy":"product_tag","embeddable":true,"href":"https:\/\/stylingagenten.com\/sv\/wp-json\/wp\/v2\/product_tag?post=62379"},{"taxonomy":"berocket_brand","embeddable":true,"href":"https:\/\/stylingagenten.com\/sv\/wp-json\/wp\/v2\/berocket_brand?post=62379"}],"curies":[{"name":"wp","href":"https:\/\/api.w.org\/{rel}","templated":true}]}}