{"id":62355,"date":"2025-04-20T15:32:47","date_gmt":"2025-04-20T15:32:47","guid":{"rendered":"https:\/\/staging2.stylingagenten.com\/sv\/produkt\/burberry-my-burberry-edp-90ml\/"},"modified":"2026-03-24T15:31:42","modified_gmt":"2026-03-24T15:31:42","slug":"burberry-my-burberry-edp-90ml","status":"publish","type":"product","link":"https:\/\/stylingagenten.com\/sv\/produkt\/burberry-my-burberry-edp-90ml\/","title":{"rendered":"Burberry My Burberry Edp 90ml"},"content":{"rendered":"<p>Burberry My Burberry Edp \u00e5terskapar den underbara doften i Londons parker och tr\u00e4dg\u00e5rdar efter regn. En modern, varm blomsterdoft med en twist. Toppnoterna \u00e4r bergamott och geranium, medan hj\u00e4rtat doftar freesia. Basen rymmer sensuella noter av patchouli samt centifolia- och damascenerrosor. Rosetten runt flakongen \u00e4r av samma material som Burberrys klassiska trenchcoat.<\/p>\n<p>90ml<\/p>\n","protected":false},"excerpt":{"rendered":"<p>Burberry My Burberry Edp \u00e5terskapar den underbara doften i Londons parker och tr\u00e4dg\u00e5rdar efter regn. En modern, varm blomsterdoft med en twist. Toppnoterna \u00e4r bergamott och geranium, medan hj\u00e4rtat doftar freesia. Basen rymmer sensuella noter av patchouli samt centifolia- och damascenerrosor. Rosetten runt flakongen \u00e4r av samma material som Burberrys klassiska trenchcoat. 90ml<\/p>\n","protected":false},"featured_media":62348,"comment_status":"open","ping_status":"closed","template":"","meta":{"_trash_the_other_posts":false},"product_brand":[],"product_cat":[706],"product_tag":[2620],"berocket_brand":[1017],"class_list":{"0":"post-62355","1":"product","2":"type-product","3":"status-publish","4":"has-post-thumbnail","6":"product_cat-eau-de-parfum-dam","7":"product_tag-burberry-my-burberry-edp","8":"pa_brand-burberry","9":"pa_variant-90ml","10":"berocket_brand-burberry","12":"first","13":"instock","14":"sale","15":"taxable","16":"shipping-taxable","17":"purchasable","18":"product-type-simple"},"_links":{"self":[{"href":"https:\/\/stylingagenten.com\/sv\/wp-json\/wp\/v2\/product\/62355","targetHints":{"allow":["GET"]}}],"collection":[{"href":"https:\/\/stylingagenten.com\/sv\/wp-json\/wp\/v2\/product"}],"about":[{"href":"https:\/\/stylingagenten.com\/sv\/wp-json\/wp\/v2\/types\/product"}],"replies":[{"embeddable":true,"href":"https:\/\/stylingagenten.com\/sv\/wp-json\/wp\/v2\/comments?post=62355"}],"version-history":[{"count":0,"href":"https:\/\/stylingagenten.com\/sv\/wp-json\/wp\/v2\/product\/62355\/revisions"}],"wp:featuredmedia":[{"embeddable":true,"href":"https:\/\/stylingagenten.com\/sv\/wp-json\/wp\/v2\/media\/62348"}],"wp:attachment":[{"href":"https:\/\/stylingagenten.com\/sv\/wp-json\/wp\/v2\/media?parent=62355"}],"wp:term":[{"taxonomy":"product_brand","embeddable":true,"href":"https:\/\/stylingagenten.com\/sv\/wp-json\/wp\/v2\/product_brand?post=62355"},{"taxonomy":"product_cat","embeddable":true,"href":"https:\/\/stylingagenten.com\/sv\/wp-json\/wp\/v2\/product_cat?post=62355"},{"taxonomy":"product_tag","embeddable":true,"href":"https:\/\/stylingagenten.com\/sv\/wp-json\/wp\/v2\/product_tag?post=62355"},{"taxonomy":"berocket_brand","embeddable":true,"href":"https:\/\/stylingagenten.com\/sv\/wp-json\/wp\/v2\/berocket_brand?post=62355"}],"curies":[{"name":"wp","href":"https:\/\/api.w.org\/{rel}","templated":true}]}}