{"id":62352,"date":"2025-04-20T15:32:47","date_gmt":"2025-04-20T15:32:47","guid":{"rendered":"https:\/\/staging2.stylingagenten.com\/sv\/produkt\/burberry-my-burberry-blush-edp-90ml\/"},"modified":"2026-04-12T00:18:39","modified_gmt":"2026-04-12T00:18:39","slug":"burberry-my-burberry-blush-edp-90ml","status":"publish","type":"product","link":"https:\/\/stylingagenten.com\/sv\/produkt\/burberry-my-burberry-blush-edp-90ml\/","title":{"rendered":"Burberry My Burberry Blush Edp 90ml"},"content":{"rendered":"<p>Burberry My Burberry Blush Edp \u00e5terv\u00e4nder till en tr\u00e4dg\u00e5rd i London, men denna g\u00e5ng under morgonkvisten n\u00e4r dagens f\u00f6rsta solstr\u00e5lar n\u00e5r marken. My Burberry Blush f\u00f6rkroppsligar en modern kvinna som \u00e4r v\u00e5gad, spontan och lekfull. Yngre men definitivt feminin med en sj\u00e4lvs\u00e4ker personlighet.<\/p>\n<p>Topp: Glaserat Granat\u00e4pple, Citron<br \/>Hj\u00e4rta: Geranium, Krispigt \u00c4pple, Rosenblad<br \/>Bas: Jasmin, Wisteria Ackord<\/p>\n<p>90ml<\/p>\n","protected":false},"excerpt":{"rendered":"<p>Burberry My Burberry Blush Edp \u00e5terv\u00e4nder till en tr\u00e4dg\u00e5rd i London, men denna g\u00e5ng under morgonkvisten n\u00e4r dagens f\u00f6rsta solstr\u00e5lar n\u00e5r marken. My Burberry Blush f\u00f6rkroppsligar en modern kvinna som \u00e4r v\u00e5gad, spontan och lekfull. Yngre men definitivt feminin med en sj\u00e4lvs\u00e4ker personlighet. Topp: Glaserat Granat\u00e4pple, CitronHj\u00e4rta: Geranium, Krispigt \u00c4pple, RosenbladBas: Jasmin, Wisteria Ackord 90ml<\/p>\n","protected":false},"featured_media":62345,"comment_status":"open","ping_status":"closed","template":"","meta":{"_trash_the_other_posts":false},"product_brand":[],"product_cat":[706,735,999],"product_tag":[2619],"berocket_brand":[1017],"class_list":{"0":"post-62352","1":"product","2":"type-product","3":"status-publish","4":"has-post-thumbnail","6":"product_cat-eau-de-parfum-dam","7":"product_cat-kampanj","8":"product_cat-kampanj-for-henne","9":"product_tag-burberry-my-burberry-blush-edp","10":"pa_brand-burberry","11":"pa_variant-90ml","12":"berocket_brand-burberry","14":"first","15":"instock","16":"sale","17":"taxable","18":"shipping-taxable","19":"purchasable","20":"product-type-simple"},"_links":{"self":[{"href":"https:\/\/stylingagenten.com\/sv\/wp-json\/wp\/v2\/product\/62352","targetHints":{"allow":["GET"]}}],"collection":[{"href":"https:\/\/stylingagenten.com\/sv\/wp-json\/wp\/v2\/product"}],"about":[{"href":"https:\/\/stylingagenten.com\/sv\/wp-json\/wp\/v2\/types\/product"}],"replies":[{"embeddable":true,"href":"https:\/\/stylingagenten.com\/sv\/wp-json\/wp\/v2\/comments?post=62352"}],"version-history":[{"count":0,"href":"https:\/\/stylingagenten.com\/sv\/wp-json\/wp\/v2\/product\/62352\/revisions"}],"wp:featuredmedia":[{"embeddable":true,"href":"https:\/\/stylingagenten.com\/sv\/wp-json\/wp\/v2\/media\/62345"}],"wp:attachment":[{"href":"https:\/\/stylingagenten.com\/sv\/wp-json\/wp\/v2\/media?parent=62352"}],"wp:term":[{"taxonomy":"product_brand","embeddable":true,"href":"https:\/\/stylingagenten.com\/sv\/wp-json\/wp\/v2\/product_brand?post=62352"},{"taxonomy":"product_cat","embeddable":true,"href":"https:\/\/stylingagenten.com\/sv\/wp-json\/wp\/v2\/product_cat?post=62352"},{"taxonomy":"product_tag","embeddable":true,"href":"https:\/\/stylingagenten.com\/sv\/wp-json\/wp\/v2\/product_tag?post=62352"},{"taxonomy":"berocket_brand","embeddable":true,"href":"https:\/\/stylingagenten.com\/sv\/wp-json\/wp\/v2\/berocket_brand?post=62352"}],"curies":[{"name":"wp","href":"https:\/\/api.w.org\/{rel}","templated":true}]}}