{"id":62346,"date":"2025-04-20T15:32:45","date_gmt":"2025-04-20T15:32:45","guid":{"rendered":"https:\/\/staging2.stylingagenten.com\/sv\/produkt\/chloe-signature-edp-75ml\/"},"modified":"2026-04-13T18:46:26","modified_gmt":"2026-04-13T18:46:26","slug":"chloe-signature-edp-75ml","status":"publish","type":"product","link":"https:\/\/stylingagenten.com\/sv\/produkt\/chloe-signature-edp-75ml\/","title":{"rendered":"Chlo\u00e9 Signature Edp 75ml"},"content":{"rendered":"<p>Denna parfym f\u00e5ngar den kreativa, sj\u00e4lvs\u00e4kra individualismen hos en s\u00e4ker, oberoende kvinna med fullst\u00e4ndigt medf\u00f6dd k\u00e4nsla av chic och naturlig sexighet. Chloe Eau de Parfum \u00e4ndrar begreppet kvinnlighet genom att ta en klassisk, vacker ros och f\u00f6rvandlar den modernt till en vibrerande, pudrig och blommig EdP. Det \u00e4r en varm, f\u00f6rf\u00f6risk och helt beroendeframkallande doft.<\/p>\n<p>Fr\u00e4scha, gr\u00f6na, luftiga noter v\u00e4xer sig starkare och mer sensuella och avsl\u00f6jar den sammetslena insidan hos rosen. Basen best\u00e5r av varm amber, honung och elegant cedertr\u00e4 f\u00f6r att skapa en mjuk, betryggande avslutning.<\/p>\n<p>75ml<\/p>\n","protected":false},"excerpt":{"rendered":"<p>Denna parfym f\u00e5ngar den kreativa, sj\u00e4lvs\u00e4kra individualismen hos en s\u00e4ker, oberoende kvinna med fullst\u00e4ndigt medf\u00f6dd k\u00e4nsla av chic och naturlig sexighet. Chloe Eau de Parfum \u00e4ndrar begreppet kvinnlighet genom att ta en klassisk, vacker ros och f\u00f6rvandlar den modernt till en vibrerande, pudrig och blommig EdP. Det \u00e4r en varm, f\u00f6rf\u00f6risk och helt beroendeframkallande doft. [&hellip;]<\/p>\n","protected":false},"featured_media":62341,"comment_status":"open","ping_status":"closed","template":"","meta":{"_trash_the_other_posts":false},"product_brand":[],"product_cat":[706,735,999],"product_tag":[],"berocket_brand":[1101],"class_list":{"0":"post-62346","1":"product","2":"type-product","3":"status-publish","4":"has-post-thumbnail","6":"product_cat-eau-de-parfum-dam","7":"product_cat-kampanj","8":"product_cat-kampanj-for-henne","9":"pa_brand-chloe","10":"berocket_brand-chloe","12":"first","13":"outofstock","14":"sale","15":"taxable","16":"shipping-taxable","17":"purchasable","18":"product-type-simple"},"_links":{"self":[{"href":"https:\/\/stylingagenten.com\/sv\/wp-json\/wp\/v2\/product\/62346","targetHints":{"allow":["GET"]}}],"collection":[{"href":"https:\/\/stylingagenten.com\/sv\/wp-json\/wp\/v2\/product"}],"about":[{"href":"https:\/\/stylingagenten.com\/sv\/wp-json\/wp\/v2\/types\/product"}],"replies":[{"embeddable":true,"href":"https:\/\/stylingagenten.com\/sv\/wp-json\/wp\/v2\/comments?post=62346"}],"version-history":[{"count":0,"href":"https:\/\/stylingagenten.com\/sv\/wp-json\/wp\/v2\/product\/62346\/revisions"}],"wp:featuredmedia":[{"embeddable":true,"href":"https:\/\/stylingagenten.com\/sv\/wp-json\/wp\/v2\/media\/62341"}],"wp:attachment":[{"href":"https:\/\/stylingagenten.com\/sv\/wp-json\/wp\/v2\/media?parent=62346"}],"wp:term":[{"taxonomy":"product_brand","embeddable":true,"href":"https:\/\/stylingagenten.com\/sv\/wp-json\/wp\/v2\/product_brand?post=62346"},{"taxonomy":"product_cat","embeddable":true,"href":"https:\/\/stylingagenten.com\/sv\/wp-json\/wp\/v2\/product_cat?post=62346"},{"taxonomy":"product_tag","embeddable":true,"href":"https:\/\/stylingagenten.com\/sv\/wp-json\/wp\/v2\/product_tag?post=62346"},{"taxonomy":"berocket_brand","embeddable":true,"href":"https:\/\/stylingagenten.com\/sv\/wp-json\/wp\/v2\/berocket_brand?post=62346"}],"curies":[{"name":"wp","href":"https:\/\/api.w.org\/{rel}","templated":true}]}}