{"id":62326,"date":"2025-04-20T15:32:38","date_gmt":"2025-04-20T15:32:38","guid":{"rendered":"https:\/\/staging2.stylingagenten.com\/sv\/produkt\/armaf-club-de-nuit-woman-edp-105ml\/"},"modified":"2026-04-06T08:48:26","modified_gmt":"2026-04-06T08:48:26","slug":"armaf-club-de-nuit-woman-edp-105ml","status":"publish","type":"product","link":"https:\/\/stylingagenten.com\/sv\/produkt\/armaf-club-de-nuit-woman-edp-105ml\/","title":{"rendered":"Armaf Club De Nuit Woman Edp 105ml"},"content":{"rendered":"<p>Bli k\u00e4r i en riktigt sensuell feminin doftkomposition som kommer att berusa dig med den pudriga doften av rosor och den friska tropiska doften av litchi. Armaf Club de Nuit Woman \u00e4r en eau de parfum som f\u00f6rkroppsligar tidl\u00f6s perfektion och \u00f6mt\u00e5lighet genom en explosion av eleganta dofter som \u00e4r sofistikerade och f\u00f6rf\u00f6riska p\u00e5 samma g\u00e5ng. Club de Nuit Woman \u00e4r en f\u00f6rf\u00f6risk doft som ger en touch av charm till allt du g\u00f6r.<\/p>\n<p>Toppnoter: Apelsin, Persika, Citron, Kardemumma<br \/>Hj\u00e4rtnoter: Ros, Litchi, Pelargon, Jasmin<br \/>Basnoter: Vetiver, Vanilj, Patchouli, Mysk<\/p>\n<p>105ml<\/p>\n","protected":false},"excerpt":{"rendered":"<p>Bli k\u00e4r i en riktigt sensuell feminin doftkomposition som kommer att berusa dig med den pudriga doften av rosor och den friska tropiska doften av litchi. Armaf Club de Nuit Woman \u00e4r en eau de parfum som f\u00f6rkroppsligar tidl\u00f6s perfektion och \u00f6mt\u00e5lighet genom en explosion av eleganta dofter som \u00e4r sofistikerade och f\u00f6rf\u00f6riska p\u00e5 samma [&hellip;]<\/p>\n","protected":false},"featured_media":62324,"comment_status":"open","ping_status":"closed","template":"","meta":{"_trash_the_other_posts":false},"product_brand":[],"product_cat":[706,735,999],"product_tag":[],"berocket_brand":[1989],"class_list":{"0":"post-62326","1":"product","2":"type-product","3":"status-publish","4":"has-post-thumbnail","6":"product_cat-eau-de-parfum-dam","7":"product_cat-kampanj","8":"product_cat-kampanj-for-henne","9":"pa_brand-armaf","10":"berocket_brand-armaf","12":"first","13":"instock","14":"sale","15":"taxable","16":"shipping-taxable","17":"purchasable","18":"product-type-simple"},"_links":{"self":[{"href":"https:\/\/stylingagenten.com\/sv\/wp-json\/wp\/v2\/product\/62326","targetHints":{"allow":["GET"]}}],"collection":[{"href":"https:\/\/stylingagenten.com\/sv\/wp-json\/wp\/v2\/product"}],"about":[{"href":"https:\/\/stylingagenten.com\/sv\/wp-json\/wp\/v2\/types\/product"}],"replies":[{"embeddable":true,"href":"https:\/\/stylingagenten.com\/sv\/wp-json\/wp\/v2\/comments?post=62326"}],"version-history":[{"count":0,"href":"https:\/\/stylingagenten.com\/sv\/wp-json\/wp\/v2\/product\/62326\/revisions"}],"wp:featuredmedia":[{"embeddable":true,"href":"https:\/\/stylingagenten.com\/sv\/wp-json\/wp\/v2\/media\/62324"}],"wp:attachment":[{"href":"https:\/\/stylingagenten.com\/sv\/wp-json\/wp\/v2\/media?parent=62326"}],"wp:term":[{"taxonomy":"product_brand","embeddable":true,"href":"https:\/\/stylingagenten.com\/sv\/wp-json\/wp\/v2\/product_brand?post=62326"},{"taxonomy":"product_cat","embeddable":true,"href":"https:\/\/stylingagenten.com\/sv\/wp-json\/wp\/v2\/product_cat?post=62326"},{"taxonomy":"product_tag","embeddable":true,"href":"https:\/\/stylingagenten.com\/sv\/wp-json\/wp\/v2\/product_tag?post=62326"},{"taxonomy":"berocket_brand","embeddable":true,"href":"https:\/\/stylingagenten.com\/sv\/wp-json\/wp\/v2\/berocket_brand?post=62326"}],"curies":[{"name":"wp","href":"https:\/\/api.w.org\/{rel}","templated":true}]}}